 {"id":10628,"date":"2024-06-12T17:02:54","date_gmt":"2024-06-12T15:02:54","guid":{"rendered":"https:\/\/maxima-studios.com\/produit\/pied-aluminium\/"},"modified":"2026-04-13T20:34:15","modified_gmt":"2026-04-13T18:34:15","slug":"pied-aluminium","status":"publish","type":"product","link":"https:\/\/maxima-studios.com\/en\/product\/pied-aluminium\/","title":{"rendered":"PIED ALUMINIUM"},"content":{"rendered":"<p>Le pied lumi\u00e8re alu supporte 4 kg et monte jusqu\u2019\u00e0 une hauteur de 260 cm.\u00a0<\/p>\n<p>\u00a0<\/p>\n<p>Avec son spigot de 16mm (5\/8&#8243;), il convient parfaitement \u00e0 n\u2019importe quel \u00e9clairage l\u00e9ger type Mixpanel 60 ou COB 120\/300. Pour les tournages en ext\u00e9rieur ou les espaces avec beaucoup de passage, mieux vaut privil\u00e9gier un pied de 1000 alu.\u00a0<\/p>\n<p>\u00a0<\/p>\n<p>L\u2019int\u00e9r\u00eat de ce pied r\u00e9side dans sa l\u00e9g\u00e8ret\u00e9 ainsi que son petit gabarit qui le rendent tr\u00e8s facilement transportable.<\/p>","protected":false},"excerpt":{"rendered":"<p>Pied Lumiere Aluminium<\/p>\n<p>Poids support\u00e9 : 4 kg<\/p>\n<p>Hauteur max : 2,6 m<\/p>","protected":false},"featured_media":11475,"template":"","meta":[],"product_cat":[396],"product_tag":[423],"class_list":{"0":"post-10628","1":"product","2":"type-product","3":"status-publish","4":"has-post-thumbnail","6":"product_cat-pieds-lumiere","7":"product_tag-spigot-de-16","9":"first","10":"instock","11":"taxable","12":"shipping-taxable","13":"purchasable","14":"product-type-rentable"},"_links":{"self":[{"href":"https:\/\/maxima-studios.com\/en\/wp-json\/wp\/v2\/product\/10628","targetHints":{"allow":["GET"]}}],"collection":[{"href":"https:\/\/maxima-studios.com\/en\/wp-json\/wp\/v2\/product"}],"about":[{"href":"https:\/\/maxima-studios.com\/en\/wp-json\/wp\/v2\/types\/product"}],"wp:featuredmedia":[{"embeddable":true,"href":"https:\/\/maxima-studios.com\/en\/wp-json\/wp\/v2\/media\/11475"}],"wp:attachment":[{"href":"https:\/\/maxima-studios.com\/en\/wp-json\/wp\/v2\/media?parent=10628"}],"wp:term":[{"taxonomy":"product_cat","embeddable":true,"href":"https:\/\/maxima-studios.com\/en\/wp-json\/wp\/v2\/product_cat?post=10628"},{"taxonomy":"product_tag","embeddable":true,"href":"https:\/\/maxima-studios.com\/en\/wp-json\/wp\/v2\/product_tag?post=10628"}],"curies":[{"name":"wp","href":"https:\/\/api.w.org\/{rel}","templated":true}]}}