 {"id":10581,"date":"2024-06-12T15:54:03","date_gmt":"2024-06-12T13:54:03","guid":{"rendered":"https:\/\/maxima-studios.com\/produit\/sandisk-extreme-iso-ssd-2-to-2-cables-usb-c\/"},"modified":"2026-04-13T20:18:02","modified_gmt":"2026-04-13T18:18:02","slug":"sandisk-extreme-ssd-2-to","status":"publish","type":"product","link":"https:\/\/maxima-studios.com\/en\/product\/sandisk-extreme-ssd-2-to\/","title":{"rendered":"SANDISK EXTREME SSD 2 To"},"content":{"rendered":"<p>Disque SSD qui permet d\u2019enregistrer directement via la sortie USB-C de l\u2019Atem mini ou de n\u2019importe quel bo\u00eetier qui prend en charge l&#8217;enregistrement via USB-C. Il peut \u00e9galement servir de disque externe pour la sauvegarde de donn\u00e9es.<\/p>\n<p>Deux c\u00e2bles USB\/USB-C et USB-C\/USB-C sont inclus afin de permettre le backup quel que soit l\u2019ordinateur utilis\u00e9.<\/p>\n<p><strong>Points Forts :<\/strong><\/p>\n<ul>\n<li>Technologie SSD<\/li>\n<li>Disque compact et facile \u00e0 transporter<\/li>\n<li>Ultrarapide : 1 Go\/s en \u00e9criture<\/li>\n<li>Antichoc et \u00c9tanche aux \u00e9claboussures<\/li>\n<\/ul>","protected":false},"excerpt":{"rendered":"<p>Disque SSD ultra Rapide<\/p>\n<p>Capacit\u00e9: 2 To<\/p>\n<p>Debit: 1 Go\/s\u00a0<\/p>\n<p>Compatible: BM Atem\u00a0\/ Supports USB-C<\/p>\n<p>Etanche: IP65<\/p>","protected":false},"featured_media":10998,"template":"","meta":[],"product_cat":[1386],"product_tag":[417],"class_list":{"0":"post-10581","1":"product","2":"type-product","3":"status-publish","4":"has-post-thumbnail","6":"product_cat-options","7":"product_tag-2-to","9":"first","10":"instock","11":"taxable","12":"shipping-taxable","13":"purchasable","14":"product-type-rentable"},"_links":{"self":[{"href":"https:\/\/maxima-studios.com\/en\/wp-json\/wp\/v2\/product\/10581","targetHints":{"allow":["GET"]}}],"collection":[{"href":"https:\/\/maxima-studios.com\/en\/wp-json\/wp\/v2\/product"}],"about":[{"href":"https:\/\/maxima-studios.com\/en\/wp-json\/wp\/v2\/types\/product"}],"wp:featuredmedia":[{"embeddable":true,"href":"https:\/\/maxima-studios.com\/en\/wp-json\/wp\/v2\/media\/10998"}],"wp:attachment":[{"href":"https:\/\/maxima-studios.com\/en\/wp-json\/wp\/v2\/media?parent=10581"}],"wp:term":[{"taxonomy":"product_cat","embeddable":true,"href":"https:\/\/maxima-studios.com\/en\/wp-json\/wp\/v2\/product_cat?post=10581"},{"taxonomy":"product_tag","embeddable":true,"href":"https:\/\/maxima-studios.com\/en\/wp-json\/wp\/v2\/product_tag?post=10581"}],"curies":[{"name":"wp","href":"https:\/\/api.w.org\/{rel}","templated":true}]}}