 {"id":10573,"date":"2024-06-12T15:50:57","date_gmt":"2024-06-12T13:50:57","guid":{"rendered":"https:\/\/maxima-studios.com\/produit\/ecoflow-delta-pro-3600-wh\/"},"modified":"2026-04-13T20:15:51","modified_gmt":"2026-04-13T18:15:51","slug":"ecoflow-delta-pro-3600-wh","status":"publish","type":"product","link":"https:\/\/maxima-studios.com\/en\/product\/ecoflow-delta-pro-3600-wh\/","title":{"rendered":"ECOFLOW DELTA PRO 3600 Wh"},"content":{"rendered":"<p>L&#8217;Ecoflow Delta Pro 3,6 kWh est une batterie portable haute capacit\u00e9 id\u00e9ale pour alimenter vos projecteurs ou tout autre appareil dans une situation de tournage o\u00f9 vous n\u2019avez pas acc\u00e8s \u00e0 l\u2019\u00e9lectricit\u00e9. Avec ses 3600W de sortie max sur prise secteur, vous pouvez alimenter simultan\u00e9ment deux COB 1200 \u00e0 pleine puissance pendant environ 75 minutes.<\/p>\n<p>\u00a0<\/p>\n<p>Cette batterie dispose de quatre prises secteur AC, quatre ports USB et deux ports USB-C qui vous permettent d&#8217;alimenter et de de recharger une vari\u00e9t\u00e9 d&#8217;appareils. L&#8217;Ecoflow 3,6 kWh est dot\u00e9e d&#8217;un \u00e9cran LED qui affiche les informations sur la puissance restante et l&#8217;\u00e9tat de charge. Il est \u00e9galement contr\u00f4lable via l\u2019application Ecoflow et se recharge enti\u00e8rement en un peu moins de deux heures en mode charge rapide.<\/p>\n<p>\u00a0<\/p>\n<p>L&#8217;\u00c9co flow Delta Pro est facile \u00e0 d\u00e9placer avec ses roulettes et sa poign\u00e9e pliable. Deux poign\u00e9es robustes sont \u00e9galement plac\u00e9es de part et d&#8217;autre de la batterie afin de pouvoir la soulever confortablement.<\/p>\n<p>\u00a0<\/p>\n<p><strong>Points Forts :<\/strong><\/p>\n<ul>\n<li>Puissance max : 3600 W<\/li>\n<li>Multiples ports : Secteur AC, USB, USB-C<\/li>\n<li>Portabilit\u00e9 : poign\u00e9e et roulettes incluses<\/li>\n<\/ul>","protected":false},"excerpt":{"rendered":"<p>Batterie Portable\u00a0<\/p>\n<p>Capacit\u00e9 3600 Wh\u00a0<\/p>\n<p>Puissance max : 3600 W<\/p>\n<p>Temps de recharge : 115 min<\/p>","protected":false},"featured_media":12421,"template":"","meta":[],"product_cat":[1342,377],"product_tag":[],"class_list":{"0":"post-10573","1":"product","2":"type-product","3":"status-publish","4":"has-post-thumbnail","6":"product_cat-evenementiel","7":"product_cat-generateurs","9":"first","10":"instock","11":"featured","12":"taxable","13":"shipping-taxable","14":"purchasable","15":"product-type-rentable"},"yoast_head":"<!-- This site is optimized with the Yoast SEO plugin v27.3 - https:\/\/yoast.com\/product\/yoast-seo-wordpress\/ -->\n<title>ECOFLOW DELTA PRO Alimentation - Maximaloc<\/title>\n<meta name=\"description\" content=\"EcoFlow Delta Pro 3,6 kWh : batterie portable 3600W id\u00e9ale pour tournages. Alimente 2 COB 1200, recharge rapide en 2h, contr\u00f4le via app, poign\u00e9es et roulettes.\" \/>\n<meta name=\"robots\" content=\"index, follow, max-snippet:-1, max-image-preview:large, max-video-preview:-1\" \/>\n<link rel=\"canonical\" href=\"https:\/\/maxima-studios.com\/en\/product\/ecoflow-delta-pro-3600-wh\/\" \/>\n<meta property=\"og:locale\" content=\"en_US\" \/>\n<meta property=\"og:type\" content=\"article\" \/>\n<meta property=\"og:title\" content=\"ECOFLOW DELTA PRO Alimentation - Maximaloc\" \/>\n<meta property=\"og:description\" content=\"EcoFlow Delta Pro 3,6 kWh : batterie portable 3600W id\u00e9ale pour tournages. Alimente 2 COB 1200, recharge rapide en 2h, contr\u00f4le via app, poign\u00e9es et roulettes.\" \/>\n<meta property=\"og:url\" content=\"https:\/\/maxima-studios.com\/en\/product\/ecoflow-delta-pro-3600-wh\/\" \/>\n<meta property=\"og:site_name\" content=\"Maximaloc\" \/>\n<meta property=\"article:publisher\" content=\"https:\/\/www.facebook.com\/Maximalocation\" \/>\n<meta property=\"article:modified_time\" content=\"2026-04-13T18:15:51+00:00\" \/>\n<meta property=\"og:image\" content=\"https:\/\/maxima-studios.com\/wp-content\/uploads\/2024\/06\/ECOFLOW-DELTA-PRO-3600W-1.webp\" \/>\n\t<meta property=\"og:image:width\" content=\"1000\" \/>\n\t<meta property=\"og:image:height\" content=\"724\" \/>\n\t<meta property=\"og:image:type\" content=\"image\/webp\" \/>\n<meta name=\"twitter:card\" content=\"summary_large_image\" \/>\n<meta name=\"twitter:label1\" content=\"Est. reading time\" \/>\n\t<meta name=\"twitter:data1\" content=\"2 minutes\" \/>\n<script type=\"application\/ld+json\" class=\"yoast-schema-graph\">{\"@context\":\"https:\\\/\\\/schema.org\",\"@graph\":[{\"@type\":\"WebPage\",\"@id\":\"https:\\\/\\\/maxima-studios.com\\\/produit\\\/ecoflow-delta-pro-3600-wh\\\/\",\"url\":\"https:\\\/\\\/maxima-studios.com\\\/produit\\\/ecoflow-delta-pro-3600-wh\\\/\",\"name\":\"ECOFLOW DELTA PRO Alimentation - Maximaloc\",\"isPartOf\":{\"@id\":\"https:\\\/\\\/maxima-studios.com\\\/#website\"},\"primaryImageOfPage\":{\"@id\":\"https:\\\/\\\/maxima-studios.com\\\/produit\\\/ecoflow-delta-pro-3600-wh\\\/#primaryimage\"},\"image\":{\"@id\":\"https:\\\/\\\/maxima-studios.com\\\/produit\\\/ecoflow-delta-pro-3600-wh\\\/#primaryimage\"},\"thumbnailUrl\":\"https:\\\/\\\/maxima-studios.com\\\/wp-content\\\/uploads\\\/2024\\\/06\\\/ECOFLOW-DELTA-PRO-3600W-1.webp\",\"datePublished\":\"2024-06-12T13:50:57+00:00\",\"dateModified\":\"2026-04-13T18:15:51+00:00\",\"description\":\"EcoFlow Delta Pro 3,6 kWh : batterie portable 3600W id\u00e9ale pour tournages. Alimente 2 COB 1200, recharge rapide en 2h, contr\u00f4le via app, poign\u00e9es et roulettes.\",\"breadcrumb\":{\"@id\":\"https:\\\/\\\/maxima-studios.com\\\/produit\\\/ecoflow-delta-pro-3600-wh\\\/#breadcrumb\"},\"inLanguage\":\"en-US\",\"potentialAction\":[{\"@type\":\"ReadAction\",\"target\":[\"https:\\\/\\\/maxima-studios.com\\\/produit\\\/ecoflow-delta-pro-3600-wh\\\/\"]}]},{\"@type\":\"ImageObject\",\"inLanguage\":\"en-US\",\"@id\":\"https:\\\/\\\/maxima-studios.com\\\/produit\\\/ecoflow-delta-pro-3600-wh\\\/#primaryimage\",\"url\":\"https:\\\/\\\/maxima-studios.com\\\/wp-content\\\/uploads\\\/2024\\\/06\\\/ECOFLOW-DELTA-PRO-3600W-1.webp\",\"contentUrl\":\"https:\\\/\\\/maxima-studios.com\\\/wp-content\\\/uploads\\\/2024\\\/06\\\/ECOFLOW-DELTA-PRO-3600W-1.webp\",\"width\":1000,\"height\":724,\"caption\":\"Vue en perspective de l'EcoFlow DELTA Pro 3600W, illustrant l'interface utilisateur avec l'\u00e9cran et les ports de sortie, et offrant une vue sur la robustesse et le design fonctionnel de l'unit\u00e9\"},{\"@type\":\"BreadcrumbList\",\"@id\":\"https:\\\/\\\/maxima-studios.com\\\/produit\\\/ecoflow-delta-pro-3600-wh\\\/#breadcrumb\",\"itemListElement\":[{\"@type\":\"ListItem\",\"position\":1,\"name\":\"Accueil\",\"item\":\"https:\\\/\\\/maxima-studios.com\\\/\"},{\"@type\":\"ListItem\",\"position\":2,\"name\":\"BOUTIQUE\",\"item\":\"https:\\\/\\\/maxima-studios.com\\\/boutique\\\/\"},{\"@type\":\"ListItem\",\"position\":3,\"name\":\"ECOFLOW DELTA PRO 3600 Wh\"}]},{\"@type\":\"WebSite\",\"@id\":\"https:\\\/\\\/maxima-studios.com\\\/#website\",\"url\":\"https:\\\/\\\/maxima-studios.com\\\/\",\"name\":\"Maximaloc\",\"description\":\"\",\"publisher\":{\"@id\":\"https:\\\/\\\/maxima-studios.com\\\/#organization\"},\"potentialAction\":[{\"@type\":\"SearchAction\",\"target\":{\"@type\":\"EntryPoint\",\"urlTemplate\":\"https:\\\/\\\/maxima-studios.com\\\/?s={search_term_string}\"},\"query-input\":{\"@type\":\"PropertyValueSpecification\",\"valueRequired\":true,\"valueName\":\"search_term_string\"}}],\"inLanguage\":\"en-US\"},{\"@type\":\"Organization\",\"@id\":\"https:\\\/\\\/maxima-studios.com\\\/#organization\",\"name\":\"Maximaloc\",\"url\":\"https:\\\/\\\/maxima-studios.com\\\/\",\"logo\":{\"@type\":\"ImageObject\",\"inLanguage\":\"en-US\",\"@id\":\"https:\\\/\\\/maxima-studios.com\\\/#\\\/schema\\\/logo\\\/image\\\/\",\"url\":\"https:\\\/\\\/maxima-studios.com\\\/wp-content\\\/uploads\\\/2024\\\/03\\\/logo_noir-scaled.png\",\"contentUrl\":\"https:\\\/\\\/maxima-studios.com\\\/wp-content\\\/uploads\\\/2024\\\/03\\\/logo_noir-scaled.png\",\"width\":2560,\"height\":268,\"caption\":\"Maximaloc\"},\"image\":{\"@id\":\"https:\\\/\\\/maxima-studios.com\\\/#\\\/schema\\\/logo\\\/image\\\/\"},\"sameAs\":[\"https:\\\/\\\/www.facebook.com\\\/Maximalocation\"]}]}<\/script>\n<!-- \/ Yoast SEO plugin. -->","yoast_head_json":{"title":"ECOFLOW DELTA PRO Alimentation - Maximaloc","description":"EcoFlow Delta Pro 3,6 kWh : batterie portable 3600W id\u00e9ale pour tournages. Alimente 2 COB 1200, recharge rapide en 2h, contr\u00f4le via app, poign\u00e9es et roulettes.","robots":{"index":"index","follow":"follow","max-snippet":"max-snippet:-1","max-image-preview":"max-image-preview:large","max-video-preview":"max-video-preview:-1"},"canonical":"https:\/\/maxima-studios.com\/en\/product\/ecoflow-delta-pro-3600-wh\/","og_locale":"en_US","og_type":"article","og_title":"ECOFLOW DELTA PRO Alimentation - Maximaloc","og_description":"EcoFlow Delta Pro 3,6 kWh : batterie portable 3600W id\u00e9ale pour tournages. Alimente 2 COB 1200, recharge rapide en 2h, contr\u00f4le via app, poign\u00e9es et roulettes.","og_url":"https:\/\/maxima-studios.com\/en\/product\/ecoflow-delta-pro-3600-wh\/","og_site_name":"Maximaloc","article_publisher":"https:\/\/www.facebook.com\/Maximalocation","article_modified_time":"2026-04-13T18:15:51+00:00","og_image":[{"width":1000,"height":724,"url":"https:\/\/maxima-studios.com\/wp-content\/uploads\/2024\/06\/ECOFLOW-DELTA-PRO-3600W-1.webp","type":"image\/webp"}],"twitter_card":"summary_large_image","twitter_misc":{"Est. reading time":"2 minutes"},"schema":{"@context":"https:\/\/schema.org","@graph":[{"@type":"WebPage","@id":"https:\/\/maxima-studios.com\/produit\/ecoflow-delta-pro-3600-wh\/","url":"https:\/\/maxima-studios.com\/produit\/ecoflow-delta-pro-3600-wh\/","name":"ECOFLOW DELTA PRO Alimentation - Maximaloc","isPartOf":{"@id":"https:\/\/maxima-studios.com\/#website"},"primaryImageOfPage":{"@id":"https:\/\/maxima-studios.com\/produit\/ecoflow-delta-pro-3600-wh\/#primaryimage"},"image":{"@id":"https:\/\/maxima-studios.com\/produit\/ecoflow-delta-pro-3600-wh\/#primaryimage"},"thumbnailUrl":"https:\/\/maxima-studios.com\/wp-content\/uploads\/2024\/06\/ECOFLOW-DELTA-PRO-3600W-1.webp","datePublished":"2024-06-12T13:50:57+00:00","dateModified":"2026-04-13T18:15:51+00:00","description":"EcoFlow Delta Pro 3,6 kWh : batterie portable 3600W id\u00e9ale pour tournages. Alimente 2 COB 1200, recharge rapide en 2h, contr\u00f4le via app, poign\u00e9es et roulettes.","breadcrumb":{"@id":"https:\/\/maxima-studios.com\/produit\/ecoflow-delta-pro-3600-wh\/#breadcrumb"},"inLanguage":"en-US","potentialAction":[{"@type":"ReadAction","target":["https:\/\/maxima-studios.com\/produit\/ecoflow-delta-pro-3600-wh\/"]}]},{"@type":"ImageObject","inLanguage":"en-US","@id":"https:\/\/maxima-studios.com\/produit\/ecoflow-delta-pro-3600-wh\/#primaryimage","url":"https:\/\/maxima-studios.com\/wp-content\/uploads\/2024\/06\/ECOFLOW-DELTA-PRO-3600W-1.webp","contentUrl":"https:\/\/maxima-studios.com\/wp-content\/uploads\/2024\/06\/ECOFLOW-DELTA-PRO-3600W-1.webp","width":1000,"height":724,"caption":"Vue en perspective de l'EcoFlow DELTA Pro 3600W, illustrant l'interface utilisateur avec l'\u00e9cran et les ports de sortie, et offrant une vue sur la robustesse et le design fonctionnel de l'unit\u00e9"},{"@type":"BreadcrumbList","@id":"https:\/\/maxima-studios.com\/produit\/ecoflow-delta-pro-3600-wh\/#breadcrumb","itemListElement":[{"@type":"ListItem","position":1,"name":"Accueil","item":"https:\/\/maxima-studios.com\/"},{"@type":"ListItem","position":2,"name":"BOUTIQUE","item":"https:\/\/maxima-studios.com\/boutique\/"},{"@type":"ListItem","position":3,"name":"ECOFLOW DELTA PRO 3600 Wh"}]},{"@type":"WebSite","@id":"https:\/\/maxima-studios.com\/#website","url":"https:\/\/maxima-studios.com\/","name":"Maximaloc","description":"","publisher":{"@id":"https:\/\/maxima-studios.com\/#organization"},"potentialAction":[{"@type":"SearchAction","target":{"@type":"EntryPoint","urlTemplate":"https:\/\/maxima-studios.com\/?s={search_term_string}"},"query-input":{"@type":"PropertyValueSpecification","valueRequired":true,"valueName":"search_term_string"}}],"inLanguage":"en-US"},{"@type":"Organization","@id":"https:\/\/maxima-studios.com\/#organization","name":"Maximaloc","url":"https:\/\/maxima-studios.com\/","logo":{"@type":"ImageObject","inLanguage":"en-US","@id":"https:\/\/maxima-studios.com\/#\/schema\/logo\/image\/","url":"https:\/\/maxima-studios.com\/wp-content\/uploads\/2024\/03\/logo_noir-scaled.png","contentUrl":"https:\/\/maxima-studios.com\/wp-content\/uploads\/2024\/03\/logo_noir-scaled.png","width":2560,"height":268,"caption":"Maximaloc"},"image":{"@id":"https:\/\/maxima-studios.com\/#\/schema\/logo\/image\/"},"sameAs":["https:\/\/www.facebook.com\/Maximalocation"]}]}},"_links":{"self":[{"href":"https:\/\/maxima-studios.com\/en\/wp-json\/wp\/v2\/product\/10573","targetHints":{"allow":["GET"]}}],"collection":[{"href":"https:\/\/maxima-studios.com\/en\/wp-json\/wp\/v2\/product"}],"about":[{"href":"https:\/\/maxima-studios.com\/en\/wp-json\/wp\/v2\/types\/product"}],"wp:featuredmedia":[{"embeddable":true,"href":"https:\/\/maxima-studios.com\/en\/wp-json\/wp\/v2\/media\/12421"}],"wp:attachment":[{"href":"https:\/\/maxima-studios.com\/en\/wp-json\/wp\/v2\/media?parent=10573"}],"wp:term":[{"taxonomy":"product_cat","embeddable":true,"href":"https:\/\/maxima-studios.com\/en\/wp-json\/wp\/v2\/product_cat?post=10573"},{"taxonomy":"product_tag","embeddable":true,"href":"https:\/\/maxima-studios.com\/en\/wp-json\/wp\/v2\/product_tag?post=10573"}],"curies":[{"name":"wp","href":"https:\/\/api.w.org\/{rel}","templated":true}]}}