 {"id":10571,"date":"2024-06-12T15:50:46","date_gmt":"2024-06-12T13:50:46","guid":{"rendered":"https:\/\/maxima-studios.com\/produit\/carte-xqd-240-go\/"},"modified":"2026-04-13T20:34:29","modified_gmt":"2026-04-13T18:34:29","slug":"xqd-240-go","status":"publish","type":"product","link":"https:\/\/maxima-studios.com\/en\/product\/xqd-240-go\/","title":{"rendered":"XQD 240 Go"},"content":{"rendered":"<p>La carte m\u00e9moire XQD 240 Go est compatible avec la Sony Fx9 et la Sony FS7.\u00a0<\/p>\n<p>\u00a0<\/p>\n<p>Gr\u00e2ce \u00e0 son interface PCIe 2.0, cette carte XQD offre des vitesses de lecture allant jusqu&#8217;\u00e0 440 Mo\/s et des vitesses d&#8217;\u00e9criture allant jusqu&#8217;\u00e0 400 Mo\/s.<\/p>\n<p>\u00a0<\/p>\n<p>Pour pouvoir lire les fichiers sur ordinateur, il faut disposer d\u2019un lecteur de carte XQD, disponible \u00e0 la location \u00e9galement.<\/p>","protected":false},"excerpt":{"rendered":"<p>Carte M\u00e9moire<\/p>\n<p>Format : Sony XQD<\/p>\n<p>Capacit\u00e9 : 240\u00a0Go<\/p>\n<p>Vitesse : 400 Mo\/sec = 3.2 Gb\/sec<\/p>\n<p>Compatible : Sony Fx9 \/ FS7<\/p>","protected":false},"featured_media":10933,"template":"","meta":[],"product_cat":[385],"product_tag":[415,419],"class_list":{"0":"post-10571","1":"product","2":"type-product","3":"status-publish","4":"has-post-thumbnail","6":"product_cat-carte-xqd","7":"product_tag-100-mo-s-et-plus","8":"product_tag-256-go","10":"first","11":"instock","12":"taxable","13":"shipping-taxable","14":"purchasable","15":"product-type-rentable"},"_links":{"self":[{"href":"https:\/\/maxima-studios.com\/en\/wp-json\/wp\/v2\/product\/10571","targetHints":{"allow":["GET"]}}],"collection":[{"href":"https:\/\/maxima-studios.com\/en\/wp-json\/wp\/v2\/product"}],"about":[{"href":"https:\/\/maxima-studios.com\/en\/wp-json\/wp\/v2\/types\/product"}],"wp:featuredmedia":[{"embeddable":true,"href":"https:\/\/maxima-studios.com\/en\/wp-json\/wp\/v2\/media\/10933"}],"wp:attachment":[{"href":"https:\/\/maxima-studios.com\/en\/wp-json\/wp\/v2\/media?parent=10571"}],"wp:term":[{"taxonomy":"product_cat","embeddable":true,"href":"https:\/\/maxima-studios.com\/en\/wp-json\/wp\/v2\/product_cat?post=10571"},{"taxonomy":"product_tag","embeddable":true,"href":"https:\/\/maxima-studios.com\/en\/wp-json\/wp\/v2\/product_tag?post=10571"}],"curies":[{"name":"wp","href":"https:\/\/api.w.org\/{rel}","templated":true}]}}