 {"id":10568,"date":"2024-06-12T15:50:06","date_gmt":"2024-06-12T13:50:06","guid":{"rendered":"https:\/\/maxima-studios.com\/produit\/carte-sd-256-go-v90\/"},"modified":"2026-04-13T20:13:28","modified_gmt":"2026-04-13T18:13:28","slug":"sd-256-go-v90","status":"publish","type":"product","link":"https:\/\/maxima-studios.com\/en\/product\/sd-256-go-v90\/","title":{"rendered":"SD 256 Go V90"},"content":{"rendered":"<p>La carte SD 256\u00a0V90 est la plus performante des cartes SD. Elle assure un d\u00e9bit minimal d\u2019\u00e9criture de 90 Mo\/sec = 720 Mb\/s, ce qui est suffisant pour la grande majorit\u00e9 des utilisations.\u00a0<\/p>\n<p style=\"padding-left: 30px;\">Le support de stockage SD est tr\u00e8s r\u00e9pandu parmi les boitiers r\u00e9flex, hybrides et cam\u00e9ras. Elle est entre autres compatible avec l\u2019ensemble des boitiers Sony A7, la FX3 \/ FX6, la FS5, la Z150, les Lumix GH5\/GH6, etc.<\/p>\n<p>Pour pouvoir lire les fichiers sur ordinateur, il faut disposer d\u2019un lecteur de carte SD, disponible \u00e0 la location \u00e9galement.<\/p>","protected":false},"excerpt":{"rendered":"<p>Carte Memoire\u00a0<\/p>\n<p>Format : SD<\/p>\n<p>Capacit\u00e9 : 256\u00a0Go V90<\/p>\n<p>Vitesse :\u00a090 Mo\/sec = 720Mb\/sec<\/p>","protected":false},"featured_media":10912,"template":"","meta":[],"product_cat":[382],"product_tag":[411,419],"class_list":{"0":"post-10568","1":"product","2":"type-product","3":"status-publish","4":"has-post-thumbnail","6":"product_cat-carte-sd","7":"product_tag-v90","8":"product_tag-256-go","10":"first","11":"instock","12":"taxable","13":"shipping-taxable","14":"purchasable","15":"product-type-rentable"},"_links":{"self":[{"href":"https:\/\/maxima-studios.com\/en\/wp-json\/wp\/v2\/product\/10568","targetHints":{"allow":["GET"]}}],"collection":[{"href":"https:\/\/maxima-studios.com\/en\/wp-json\/wp\/v2\/product"}],"about":[{"href":"https:\/\/maxima-studios.com\/en\/wp-json\/wp\/v2\/types\/product"}],"wp:featuredmedia":[{"embeddable":true,"href":"https:\/\/maxima-studios.com\/en\/wp-json\/wp\/v2\/media\/10912"}],"wp:attachment":[{"href":"https:\/\/maxima-studios.com\/en\/wp-json\/wp\/v2\/media?parent=10568"}],"wp:term":[{"taxonomy":"product_cat","embeddable":true,"href":"https:\/\/maxima-studios.com\/en\/wp-json\/wp\/v2\/product_cat?post=10568"},{"taxonomy":"product_tag","embeddable":true,"href":"https:\/\/maxima-studios.com\/en\/wp-json\/wp\/v2\/product_tag?post=10568"}],"curies":[{"name":"wp","href":"https:\/\/api.w.org\/{rel}","templated":true}]}}