 {"id":10565,"date":"2024-06-12T15:49:27","date_gmt":"2024-06-12T13:49:27","guid":{"rendered":"https:\/\/maxima-studios.com\/produit\/multiprise\/"},"modified":"2026-04-13T20:12:15","modified_gmt":"2026-04-13T18:12:15","slug":"multiprise","status":"publish","type":"product","link":"https:\/\/maxima-studios.com\/en\/product\/multiprise\/","title":{"rendered":"MULTIPRISE"},"content":{"rendered":"<p>Multiprise \u00e9lectrique avec au choix trois ou quatre prises.<\/p>\n<p>\u00a0<\/p>\n<p>Ce mod\u00e8le est \u00e9quip\u00e9 d\u2019un interrupteur on\/off avec t\u00e9moin lumineux, le c\u00e2ble de la version 3 prises mesure 150cm et celui de la version 4 prises 290cm.\u00a0<\/p>\n<p>\u00a0<\/p>\n<p>Elle supporte une puissance maximale de 3680 W.<\/p>","protected":false},"excerpt":{"rendered":"<p>Disponible en version 3 ou 4 prises<\/p>\n<p>Puissance max : 3680 W<\/p>","protected":false},"featured_media":11352,"template":"","meta":[],"product_cat":[1342,380],"product_tag":[],"class_list":{"0":"post-10565","1":"product","2":"type-product","3":"status-publish","4":"has-post-thumbnail","6":"product_cat-evenementiel","7":"product_cat-prolongs-multiprises","9":"first","10":"instock","11":"taxable","12":"shipping-taxable","13":"purchasable","14":"product-type-rentable"},"_links":{"self":[{"href":"https:\/\/maxima-studios.com\/en\/wp-json\/wp\/v2\/product\/10565","targetHints":{"allow":["GET"]}}],"collection":[{"href":"https:\/\/maxima-studios.com\/en\/wp-json\/wp\/v2\/product"}],"about":[{"href":"https:\/\/maxima-studios.com\/en\/wp-json\/wp\/v2\/types\/product"}],"wp:featuredmedia":[{"embeddable":true,"href":"https:\/\/maxima-studios.com\/en\/wp-json\/wp\/v2\/media\/11352"}],"wp:attachment":[{"href":"https:\/\/maxima-studios.com\/en\/wp-json\/wp\/v2\/media?parent=10565"}],"wp:term":[{"taxonomy":"product_cat","embeddable":true,"href":"https:\/\/maxima-studios.com\/en\/wp-json\/wp\/v2\/product_cat?post=10565"},{"taxonomy":"product_tag","embeddable":true,"href":"https:\/\/maxima-studios.com\/en\/wp-json\/wp\/v2\/product_tag?post=10565"}],"curies":[{"name":"wp","href":"https:\/\/api.w.org\/{rel}","templated":true}]}}