 {"id":10564,"date":"2024-06-12T15:49:27","date_gmt":"2024-06-12T13:49:27","guid":{"rendered":"https:\/\/maxima-studios.com\/produit\/touret-electrique-25m\/"},"modified":"2026-04-13T20:12:14","modified_gmt":"2026-04-13T18:12:14","slug":"touret-rallonge-electrique-25m","status":"publish","type":"product","link":"https:\/\/maxima-studios.com\/en\/product\/touret-rallonge-electrique-25m\/","title":{"rendered":"TOURET RALLONGE \u00c9LECTRIQUE 25m"},"content":{"rendered":"<p>Ce touret \u00e9lectrique est compos\u00e9 d\u2019un prolongateur de 25 m\u00e8tres ainsi que d\u2019un enrouleur de quatre prises avec disjoncteur, qui se d\u00e9clenche en cas de surchauffe ou de contact avec de l\u2019eau.\u00a0<\/p>\n<p>\u00a0<\/p>\n<p>Pensez \u00e0 bien d\u00e9rouler enti\u00e8rement le prolongateur si vous avez besoin d\u2019une puissance sup\u00e9rieure \u00e0 1100 W.<\/p>","protected":false},"excerpt":{"rendered":"<p>Touret Enrouleur Electrique<\/p>\n<p>Longueur : 25m<\/p>\n<p>Prises : 4x\u00a0<\/p>\n<p>Puissance max d\u00e9roul\u00e9 : 3200 W<\/p>","protected":false},"featured_media":11350,"template":"","meta":[],"product_cat":[1342,380],"product_tag":[],"class_list":{"0":"post-10564","1":"product","2":"type-product","3":"status-publish","4":"has-post-thumbnail","6":"product_cat-evenementiel","7":"product_cat-prolongs-multiprises","9":"first","10":"instock","11":"taxable","12":"shipping-taxable","13":"purchasable","14":"product-type-rentable"},"yoast_head":"<!-- This site is optimized with the Yoast SEO plugin v27.3 - https:\/\/yoast.com\/product\/yoast-seo-wordpress\/ -->\n<title>TOURET RALLONGE \u00c9LECTRIQUE 25m - Maximaloc<\/title>\n<meta name=\"robots\" content=\"index, follow, max-snippet:-1, max-image-preview:large, max-video-preview:-1\" \/>\n<link rel=\"canonical\" href=\"https:\/\/maxima-studios.com\/en\/product\/touret-rallonge-electrique-25m\/\" \/>\n<meta property=\"og:locale\" content=\"en_US\" \/>\n<meta property=\"og:type\" content=\"article\" \/>\n<meta property=\"og:title\" content=\"TOURET RALLONGE \u00c9LECTRIQUE 25m - Maximaloc\" \/>\n<meta property=\"og:description\" content=\"Touret Enrouleur Electrique Longueur : 25m Prises : 4x\u00a0 Puissance max d\u00e9roul\u00e9 : 3200 W\" \/>\n<meta property=\"og:url\" content=\"https:\/\/maxima-studios.com\/en\/product\/touret-rallonge-electrique-25m\/\" \/>\n<meta property=\"og:site_name\" content=\"Maximaloc\" \/>\n<meta property=\"article:publisher\" content=\"https:\/\/www.facebook.com\/Maximalocation\" \/>\n<meta property=\"article:modified_time\" content=\"2026-04-13T18:12:14+00:00\" \/>\n<meta property=\"og:image\" content=\"https:\/\/maxima-studios.com\/wp-content\/uploads\/2024\/06\/touret-25-1.webp\" \/>\n\t<meta property=\"og:image:width\" content=\"580\" \/>\n\t<meta property=\"og:image:height\" content=\"420\" \/>\n\t<meta property=\"og:image:type\" content=\"image\/webp\" \/>\n<meta name=\"twitter:card\" content=\"summary_large_image\" \/>\n<meta name=\"twitter:label1\" content=\"Est. reading time\" \/>\n\t<meta name=\"twitter:data1\" content=\"1 minute\" \/>\n<script type=\"application\/ld+json\" class=\"yoast-schema-graph\">{\"@context\":\"https:\\\/\\\/schema.org\",\"@graph\":[{\"@type\":\"WebPage\",\"@id\":\"https:\\\/\\\/maxima-studios.com\\\/produit\\\/touret-rallonge-electrique-25m\\\/\",\"url\":\"https:\\\/\\\/maxima-studios.com\\\/produit\\\/touret-rallonge-electrique-25m\\\/\",\"name\":\"TOURET RALLONGE \u00c9LECTRIQUE 25m - Maximaloc\",\"isPartOf\":{\"@id\":\"https:\\\/\\\/maxima-studios.com\\\/#website\"},\"primaryImageOfPage\":{\"@id\":\"https:\\\/\\\/maxima-studios.com\\\/produit\\\/touret-rallonge-electrique-25m\\\/#primaryimage\"},\"image\":{\"@id\":\"https:\\\/\\\/maxima-studios.com\\\/produit\\\/touret-rallonge-electrique-25m\\\/#primaryimage\"},\"thumbnailUrl\":\"https:\\\/\\\/maxima-studios.com\\\/wp-content\\\/uploads\\\/2024\\\/06\\\/touret-25-1.webp\",\"datePublished\":\"2024-06-12T13:49:27+00:00\",\"dateModified\":\"2026-04-13T18:12:14+00:00\",\"breadcrumb\":{\"@id\":\"https:\\\/\\\/maxima-studios.com\\\/produit\\\/touret-rallonge-electrique-25m\\\/#breadcrumb\"},\"inLanguage\":\"en-US\",\"potentialAction\":[{\"@type\":\"ReadAction\",\"target\":[\"https:\\\/\\\/maxima-studios.com\\\/produit\\\/touret-rallonge-electrique-25m\\\/\"]}]},{\"@type\":\"ImageObject\",\"inLanguage\":\"en-US\",\"@id\":\"https:\\\/\\\/maxima-studios.com\\\/produit\\\/touret-rallonge-electrique-25m\\\/#primaryimage\",\"url\":\"https:\\\/\\\/maxima-studios.com\\\/wp-content\\\/uploads\\\/2024\\\/06\\\/touret-25-1.webp\",\"contentUrl\":\"https:\\\/\\\/maxima-studios.com\\\/wp-content\\\/uploads\\\/2024\\\/06\\\/touret-25-1.webp\",\"width\":580,\"height\":420,\"caption\":\"Touret Enrouleur avec 4 prises couleur Gris de 25m en location\"},{\"@type\":\"BreadcrumbList\",\"@id\":\"https:\\\/\\\/maxima-studios.com\\\/produit\\\/touret-rallonge-electrique-25m\\\/#breadcrumb\",\"itemListElement\":[{\"@type\":\"ListItem\",\"position\":1,\"name\":\"Accueil\",\"item\":\"https:\\\/\\\/maxima-studios.com\\\/\"},{\"@type\":\"ListItem\",\"position\":2,\"name\":\"BOUTIQUE\",\"item\":\"https:\\\/\\\/maxima-studios.com\\\/boutique\\\/\"},{\"@type\":\"ListItem\",\"position\":3,\"name\":\"TOURET RALLONGE \u00c9LECTRIQUE 25m\"}]},{\"@type\":\"WebSite\",\"@id\":\"https:\\\/\\\/maxima-studios.com\\\/#website\",\"url\":\"https:\\\/\\\/maxima-studios.com\\\/\",\"name\":\"Maximaloc\",\"description\":\"\",\"publisher\":{\"@id\":\"https:\\\/\\\/maxima-studios.com\\\/#organization\"},\"potentialAction\":[{\"@type\":\"SearchAction\",\"target\":{\"@type\":\"EntryPoint\",\"urlTemplate\":\"https:\\\/\\\/maxima-studios.com\\\/?s={search_term_string}\"},\"query-input\":{\"@type\":\"PropertyValueSpecification\",\"valueRequired\":true,\"valueName\":\"search_term_string\"}}],\"inLanguage\":\"en-US\"},{\"@type\":\"Organization\",\"@id\":\"https:\\\/\\\/maxima-studios.com\\\/#organization\",\"name\":\"Maximaloc\",\"url\":\"https:\\\/\\\/maxima-studios.com\\\/\",\"logo\":{\"@type\":\"ImageObject\",\"inLanguage\":\"en-US\",\"@id\":\"https:\\\/\\\/maxima-studios.com\\\/#\\\/schema\\\/logo\\\/image\\\/\",\"url\":\"https:\\\/\\\/maxima-studios.com\\\/wp-content\\\/uploads\\\/2024\\\/03\\\/logo_noir-scaled.png\",\"contentUrl\":\"https:\\\/\\\/maxima-studios.com\\\/wp-content\\\/uploads\\\/2024\\\/03\\\/logo_noir-scaled.png\",\"width\":2560,\"height\":268,\"caption\":\"Maximaloc\"},\"image\":{\"@id\":\"https:\\\/\\\/maxima-studios.com\\\/#\\\/schema\\\/logo\\\/image\\\/\"},\"sameAs\":[\"https:\\\/\\\/www.facebook.com\\\/Maximalocation\"]}]}<\/script>\n<!-- \/ Yoast SEO plugin. -->","yoast_head_json":{"title":"TOURET RALLONGE \u00c9LECTRIQUE 25m - Maximaloc","robots":{"index":"index","follow":"follow","max-snippet":"max-snippet:-1","max-image-preview":"max-image-preview:large","max-video-preview":"max-video-preview:-1"},"canonical":"https:\/\/maxima-studios.com\/en\/product\/touret-rallonge-electrique-25m\/","og_locale":"en_US","og_type":"article","og_title":"TOURET RALLONGE \u00c9LECTRIQUE 25m - Maximaloc","og_description":"Touret Enrouleur Electrique Longueur : 25m Prises : 4x\u00a0 Puissance max d\u00e9roul\u00e9 : 3200 W","og_url":"https:\/\/maxima-studios.com\/en\/product\/touret-rallonge-electrique-25m\/","og_site_name":"Maximaloc","article_publisher":"https:\/\/www.facebook.com\/Maximalocation","article_modified_time":"2026-04-13T18:12:14+00:00","og_image":[{"width":580,"height":420,"url":"https:\/\/maxima-studios.com\/wp-content\/uploads\/2024\/06\/touret-25-1.webp","type":"image\/webp"}],"twitter_card":"summary_large_image","twitter_misc":{"Est. reading time":"1 minute"},"schema":{"@context":"https:\/\/schema.org","@graph":[{"@type":"WebPage","@id":"https:\/\/maxima-studios.com\/produit\/touret-rallonge-electrique-25m\/","url":"https:\/\/maxima-studios.com\/produit\/touret-rallonge-electrique-25m\/","name":"TOURET RALLONGE \u00c9LECTRIQUE 25m - Maximaloc","isPartOf":{"@id":"https:\/\/maxima-studios.com\/#website"},"primaryImageOfPage":{"@id":"https:\/\/maxima-studios.com\/produit\/touret-rallonge-electrique-25m\/#primaryimage"},"image":{"@id":"https:\/\/maxima-studios.com\/produit\/touret-rallonge-electrique-25m\/#primaryimage"},"thumbnailUrl":"https:\/\/maxima-studios.com\/wp-content\/uploads\/2024\/06\/touret-25-1.webp","datePublished":"2024-06-12T13:49:27+00:00","dateModified":"2026-04-13T18:12:14+00:00","breadcrumb":{"@id":"https:\/\/maxima-studios.com\/produit\/touret-rallonge-electrique-25m\/#breadcrumb"},"inLanguage":"en-US","potentialAction":[{"@type":"ReadAction","target":["https:\/\/maxima-studios.com\/produit\/touret-rallonge-electrique-25m\/"]}]},{"@type":"ImageObject","inLanguage":"en-US","@id":"https:\/\/maxima-studios.com\/produit\/touret-rallonge-electrique-25m\/#primaryimage","url":"https:\/\/maxima-studios.com\/wp-content\/uploads\/2024\/06\/touret-25-1.webp","contentUrl":"https:\/\/maxima-studios.com\/wp-content\/uploads\/2024\/06\/touret-25-1.webp","width":580,"height":420,"caption":"Touret Enrouleur avec 4 prises couleur Gris de 25m en location"},{"@type":"BreadcrumbList","@id":"https:\/\/maxima-studios.com\/produit\/touret-rallonge-electrique-25m\/#breadcrumb","itemListElement":[{"@type":"ListItem","position":1,"name":"Accueil","item":"https:\/\/maxima-studios.com\/"},{"@type":"ListItem","position":2,"name":"BOUTIQUE","item":"https:\/\/maxima-studios.com\/boutique\/"},{"@type":"ListItem","position":3,"name":"TOURET RALLONGE \u00c9LECTRIQUE 25m"}]},{"@type":"WebSite","@id":"https:\/\/maxima-studios.com\/#website","url":"https:\/\/maxima-studios.com\/","name":"Maximaloc","description":"","publisher":{"@id":"https:\/\/maxima-studios.com\/#organization"},"potentialAction":[{"@type":"SearchAction","target":{"@type":"EntryPoint","urlTemplate":"https:\/\/maxima-studios.com\/?s={search_term_string}"},"query-input":{"@type":"PropertyValueSpecification","valueRequired":true,"valueName":"search_term_string"}}],"inLanguage":"en-US"},{"@type":"Organization","@id":"https:\/\/maxima-studios.com\/#organization","name":"Maximaloc","url":"https:\/\/maxima-studios.com\/","logo":{"@type":"ImageObject","inLanguage":"en-US","@id":"https:\/\/maxima-studios.com\/#\/schema\/logo\/image\/","url":"https:\/\/maxima-studios.com\/wp-content\/uploads\/2024\/03\/logo_noir-scaled.png","contentUrl":"https:\/\/maxima-studios.com\/wp-content\/uploads\/2024\/03\/logo_noir-scaled.png","width":2560,"height":268,"caption":"Maximaloc"},"image":{"@id":"https:\/\/maxima-studios.com\/#\/schema\/logo\/image\/"},"sameAs":["https:\/\/www.facebook.com\/Maximalocation"]}]}},"_links":{"self":[{"href":"https:\/\/maxima-studios.com\/en\/wp-json\/wp\/v2\/product\/10564","targetHints":{"allow":["GET"]}}],"collection":[{"href":"https:\/\/maxima-studios.com\/en\/wp-json\/wp\/v2\/product"}],"about":[{"href":"https:\/\/maxima-studios.com\/en\/wp-json\/wp\/v2\/types\/product"}],"wp:featuredmedia":[{"embeddable":true,"href":"https:\/\/maxima-studios.com\/en\/wp-json\/wp\/v2\/media\/11350"}],"wp:attachment":[{"href":"https:\/\/maxima-studios.com\/en\/wp-json\/wp\/v2\/media?parent=10564"}],"wp:term":[{"taxonomy":"product_cat","embeddable":true,"href":"https:\/\/maxima-studios.com\/en\/wp-json\/wp\/v2\/product_cat?post=10564"},{"taxonomy":"product_tag","embeddable":true,"href":"https:\/\/maxima-studios.com\/en\/wp-json\/wp\/v2\/product_tag?post=10564"}],"curies":[{"name":"wp","href":"https:\/\/api.w.org\/{rel}","templated":true}]}}