 {"id":10563,"date":"2024-06-12T15:49:26","date_gmt":"2024-06-12T13:49:26","guid":{"rendered":"https:\/\/maxima-studios.com\/produit\/touret-electrique-15m\/"},"modified":"2026-04-13T20:12:14","modified_gmt":"2026-04-13T18:12:14","slug":"touret-rallonge-electrique-15m","status":"publish","type":"product","link":"https:\/\/maxima-studios.com\/en\/product\/touret-rallonge-electrique-15m\/","title":{"rendered":"TOURET RALLONGE \u00c9LECTRIQUE 15m"},"content":{"rendered":"<p>Ce touret \u00e9lectrique est compos\u00e9 d\u2019un prolongateur de 15 m\u00e8tres ainsi que d\u2019un enrouleur de quatre prises avec disjoncteur, qui se d\u00e9clenche en cas de surchauffe ou de contact avec de l\u2019eau.\u00a0<\/p>\n<p>\u00a0<\/p>\n<p>Pensez \u00e0 bien d\u00e9rouler enti\u00e8rement le prolongateur si vous avez besoin d\u2019une puissance sup\u00e9rieure \u00e0 900 W.<\/p>","protected":false},"excerpt":{"rendered":"<p>Enrouleur 4x prises 15m<\/p>\n<p>Puissance max d\u00e9roul\u00e9 : 2300 W<\/p>","protected":false},"featured_media":11348,"template":"","meta":[],"product_cat":[1342,380],"product_tag":[],"class_list":{"0":"post-10563","1":"product","2":"type-product","3":"status-publish","4":"has-post-thumbnail","6":"product_cat-evenementiel","7":"product_cat-prolongs-multiprises","9":"first","10":"instock","11":"taxable","12":"shipping-taxable","13":"purchasable","14":"product-type-rentable"},"_links":{"self":[{"href":"https:\/\/maxima-studios.com\/en\/wp-json\/wp\/v2\/product\/10563","targetHints":{"allow":["GET"]}}],"collection":[{"href":"https:\/\/maxima-studios.com\/en\/wp-json\/wp\/v2\/product"}],"about":[{"href":"https:\/\/maxima-studios.com\/en\/wp-json\/wp\/v2\/types\/product"}],"wp:featuredmedia":[{"embeddable":true,"href":"https:\/\/maxima-studios.com\/en\/wp-json\/wp\/v2\/media\/11348"}],"wp:attachment":[{"href":"https:\/\/maxima-studios.com\/en\/wp-json\/wp\/v2\/media?parent=10563"}],"wp:term":[{"taxonomy":"product_cat","embeddable":true,"href":"https:\/\/maxima-studios.com\/en\/wp-json\/wp\/v2\/product_cat?post=10563"},{"taxonomy":"product_tag","embeddable":true,"href":"https:\/\/maxima-studios.com\/en\/wp-json\/wp\/v2\/product_tag?post=10563"}],"curies":[{"name":"wp","href":"https:\/\/api.w.org\/{rel}","templated":true}]}}