 {"id":10558,"date":"2024-06-12T15:49:23","date_gmt":"2024-06-12T13:49:23","guid":{"rendered":"https:\/\/maxima-studios.com\/produit\/prolong-10m\/"},"modified":"2026-04-13T20:42:13","modified_gmt":"2026-04-13T18:42:13","slug":"prolong-rallonge-electrique-10m","status":"publish","type":"product","link":"https:\/\/maxima-studios.com\/en\/product\/prolong-rallonge-electrique-10m\/","title":{"rendered":"PROLONG RALLONGE ELECTRIQUE  10m"},"content":{"rendered":"<p>Branchez tous vos appareils \u00e9lectriques jusqu\u2019\u00e0 3200 W.<\/p>\n<p>\u00a0<\/p>\n<p>Sa longueur de 10 m\u00e8tres convient \u00e0 une majorit\u00e9 d\u2019utilisations. Des enrouleurs de 15 et 25m sont disponibles si vous avez besoin de couvrir une distance plus importante.<\/p>","protected":false},"excerpt":{"rendered":"<p>Prolong Electrique<\/p>\n<p>Longueur:10m<\/p>\n<p>Puissance max: 3200 W<\/p>\n<p>Section: 3G1,5mm2<\/p>","protected":false},"featured_media":11338,"template":"","meta":[],"product_cat":[1342,1386],"product_tag":[],"class_list":{"0":"post-10558","1":"product","2":"type-product","3":"status-publish","4":"has-post-thumbnail","6":"product_cat-evenementiel","7":"product_cat-options","9":"first","10":"instock","11":"taxable","12":"shipping-taxable","13":"purchasable","14":"product-type-rentable"},"_links":{"self":[{"href":"https:\/\/maxima-studios.com\/en\/wp-json\/wp\/v2\/product\/10558","targetHints":{"allow":["GET"]}}],"collection":[{"href":"https:\/\/maxima-studios.com\/en\/wp-json\/wp\/v2\/product"}],"about":[{"href":"https:\/\/maxima-studios.com\/en\/wp-json\/wp\/v2\/types\/product"}],"wp:featuredmedia":[{"embeddable":true,"href":"https:\/\/maxima-studios.com\/en\/wp-json\/wp\/v2\/media\/11338"}],"wp:attachment":[{"href":"https:\/\/maxima-studios.com\/en\/wp-json\/wp\/v2\/media?parent=10558"}],"wp:term":[{"taxonomy":"product_cat","embeddable":true,"href":"https:\/\/maxima-studios.com\/en\/wp-json\/wp\/v2\/product_cat?post=10558"},{"taxonomy":"product_tag","embeddable":true,"href":"https:\/\/maxima-studios.com\/en\/wp-json\/wp\/v2\/product_tag?post=10558"}],"curies":[{"name":"wp","href":"https:\/\/api.w.org\/{rel}","templated":true}]}}