 {"id":10545,"date":"2024-06-12T15:47:06","date_gmt":"2024-06-12T13:47:06","guid":{"rendered":"https:\/\/maxima-studios.com\/produit\/lecteur-carte-xqd\/"},"modified":"2026-04-13T20:06:29","modified_gmt":"2026-04-13T18:06:29","slug":"lecteur-carte-xqd","status":"publish","type":"product","link":"https:\/\/maxima-studios.com\/en\/product\/lecteur-carte-xqd\/","title":{"rendered":"LECTEUR CARTE XQD"},"content":{"rendered":"<p>Ce lecteur de carte permet de connecter \u00e0 un ordinateur des cartes XQD.<\/p>\n<p>\u00a0<\/p>\n<p>Avec son interface USB 3.0, ce lecteur supporte des transferts jusqu\u2019\u00e0 5 Gb\/s. La vitesse de backup sera donc limit\u00e9e par la vitesse de lecture du support de stockage ins\u00e9r\u00e9 et\/ou par la performance de l\u2019ordinateur utilis\u00e9.<\/p>\n<p>\u00a0<\/p>\n<p>Lecteur compatible avec tous les syst\u00e8mes d\u2019exploitation. Un adaptateur UBS-A femelle vers USB-C m\u00e2le peut \u00eatre demand\u00e9 si votre ordinateur dispose uniquement de connectiques USB-C.<\/p>\n<p>\u00a0<\/p>\n<p><strong>Points Forts :\u00a0<\/strong><\/p>\n<ul>\n<li>Vitesse de transfert tr\u00e8s \u00e9lev\u00e9e.<\/li>\n<li>Fiabilit\u00e9 et robustesse.<\/li>\n<li>Compatibilit\u00e9 avec les usages professionnels.<\/li>\n<\/ul>","protected":false},"excerpt":{"rendered":"<p>Lecteur de carte<\/p>\n<p>Format : Sony XQD\u00a0<\/p>\n<p>D\u00e9bit : 5 Gb\/s<\/p>\n<p>Connectique : USB-A<\/p>","protected":false},"featured_media":10986,"template":"","meta":[],"product_cat":[387],"product_tag":[],"class_list":{"0":"post-10545","1":"product","2":"type-product","3":"status-publish","4":"has-post-thumbnail","6":"product_cat-lecteur-de-carte-disque","8":"first","9":"instock","10":"taxable","11":"shipping-taxable","12":"purchasable","13":"product-type-rentable"},"_links":{"self":[{"href":"https:\/\/maxima-studios.com\/en\/wp-json\/wp\/v2\/product\/10545","targetHints":{"allow":["GET"]}}],"collection":[{"href":"https:\/\/maxima-studios.com\/en\/wp-json\/wp\/v2\/product"}],"about":[{"href":"https:\/\/maxima-studios.com\/en\/wp-json\/wp\/v2\/types\/product"}],"wp:featuredmedia":[{"embeddable":true,"href":"https:\/\/maxima-studios.com\/en\/wp-json\/wp\/v2\/media\/10986"}],"wp:attachment":[{"href":"https:\/\/maxima-studios.com\/en\/wp-json\/wp\/v2\/media?parent=10545"}],"wp:term":[{"taxonomy":"product_cat","embeddable":true,"href":"https:\/\/maxima-studios.com\/en\/wp-json\/wp\/v2\/product_cat?post=10545"},{"taxonomy":"product_tag","embeddable":true,"href":"https:\/\/maxima-studios.com\/en\/wp-json\/wp\/v2\/product_tag?post=10545"}],"curies":[{"name":"wp","href":"https:\/\/api.w.org\/{rel}","templated":true}]}}