 {"id":10529,"date":"2024-06-12T15:46:51","date_gmt":"2024-06-12T13:46:51","guid":{"rendered":"https:\/\/maxima-studios.com\/produit\/lecteur-carte-sd-cable-usb\/"},"modified":"2026-04-13T20:05:59","modified_gmt":"2026-04-13T18:05:59","slug":"lecteur-carte-sd","status":"publish","type":"product","link":"https:\/\/maxima-studios.com\/en\/product\/lecteur-carte-sd\/","title":{"rendered":"LECTEUR CARTE SD"},"content":{"rendered":"<p>Ce lecteur de carte permet de connecter \u00e0 un ordinateur jusqu&#8217;\u00e0 3 formats de cartes m\u00e9moire diff\u00e9rents : SD, Micro SD et Compact Flash.<\/p>\n<p>Avec son interface USB 3.0, ce lecteur supporte des transferts jusqu\u2019\u00e0 5 Gb\/s. La vitesse de backup sera donc limit\u00e9e par la vitesse de lecture du support de stockage ins\u00e9r\u00e9 et\/ou par la performance de l\u2019ordinateur utilis\u00e9.<\/p>\n<p>\u00a0<\/p>\n<p>Lecteur compatible avec tous les syst\u00e8mes d\u2019exploitation. Un adaptateur UBS-A femelle vers USB-C m\u00e2le peut \u00eatre demand\u00e9 si votre ordinateur dispose uniquement de connectiques USB-C.<\/p>","protected":false},"excerpt":{"rendered":"<p>Lecteur de carte 3 en 1 en USB-A<\/p>","protected":false},"featured_media":14207,"template":"","meta":[],"product_cat":[387],"product_tag":[],"class_list":{"0":"post-10529","1":"product","2":"type-product","3":"status-publish","4":"has-post-thumbnail","6":"product_cat-lecteur-de-carte-disque","8":"first","9":"instock","10":"taxable","11":"shipping-taxable","12":"purchasable","13":"product-type-rentable"},"_links":{"self":[{"href":"https:\/\/maxima-studios.com\/en\/wp-json\/wp\/v2\/product\/10529","targetHints":{"allow":["GET"]}}],"collection":[{"href":"https:\/\/maxima-studios.com\/en\/wp-json\/wp\/v2\/product"}],"about":[{"href":"https:\/\/maxima-studios.com\/en\/wp-json\/wp\/v2\/types\/product"}],"wp:featuredmedia":[{"embeddable":true,"href":"https:\/\/maxima-studios.com\/en\/wp-json\/wp\/v2\/media\/14207"}],"wp:attachment":[{"href":"https:\/\/maxima-studios.com\/en\/wp-json\/wp\/v2\/media?parent=10529"}],"wp:term":[{"taxonomy":"product_cat","embeddable":true,"href":"https:\/\/maxima-studios.com\/en\/wp-json\/wp\/v2\/product_cat?post=10529"},{"taxonomy":"product_tag","embeddable":true,"href":"https:\/\/maxima-studios.com\/en\/wp-json\/wp\/v2\/product_tag?post=10529"}],"curies":[{"name":"wp","href":"https:\/\/api.w.org\/{rel}","templated":true}]}}