 {"id":10526,"date":"2024-06-12T15:46:47","date_gmt":"2024-06-12T13:46:47","guid":{"rendered":"https:\/\/maxima-studios.com\/produit\/batterie-panasonic-blk22\/"},"modified":"2026-04-13T20:05:52","modified_gmt":"2026-04-13T18:05:52","slug":"batterie-panasonic-blk22","status":"publish","type":"product","link":"https:\/\/maxima-studios.com\/en\/product\/batterie-panasonic-blk22\/","title":{"rendered":"BATTERIE PANASONIC BLK22"},"content":{"rendered":"<p>La batterie DMW-BLK22 est compatible avec les Lumix GH6 \/ GH5 II et les Lumix S5 \/ S5II \/ S5IIX.<\/p>\n<p>La batterie Panasonic BLF19 est \u00e9galement compatible avec le GH6 mais seule la BLK22 permet d\u2019utiliser l\u2019ensemble des fonctionnalit\u00e9s du bo\u00eetier, comme l&#8217;enregistrement ProRes en 5.7K, les r\u00e9solutions sup\u00e9rieures \u00e0 la 4K DCI et les cadences images sup\u00e9rieures \u00e0 60p.<\/p>\n<p>\u00a0<\/p>\n<p><u><strong>Points forts :<\/strong><\/u><\/p>\n<ul>\n<li>Capacit\u00e9 fiable (~2200 mAh \/ 16Wh) adapt\u00e9e \u00e0 la vid\u00e9o et photo hybride<\/li>\n<li>Compatible avec Lumix GH6, GH5 II, S5, S5II \/ S5IIX (standard actuel Panasonic)<\/li>\n<li>Permet d\u2019exploiter toutes les performances du bo\u00eetier (hautes r\u00e9solutions, ProRes\u2026)<\/li>\n<li>Recharge possible en cam\u00e9ra via USB ou chargeur d\u00e9di\u00e9<\/li>\n<\/ul>","protected":false},"excerpt":{"rendered":"<p>Type : Batterie Panasonic BLK22<\/p>\n<p>Compatible : Lumix\u00a0GH6, GH5 II,\u00a0S5 \/ S5II \/ S5IIX<\/p>","protected":false},"featured_media":11065,"template":"","meta":[],"product_cat":[376],"product_tag":[],"class_list":{"0":"post-10526","1":"product","2":"type-product","3":"status-publish","4":"has-post-thumbnail","6":"product_cat-batterie-cam-np-f","8":"first","9":"instock","10":"taxable","11":"shipping-taxable","12":"purchasable","13":"product-type-rentable"},"_links":{"self":[{"href":"https:\/\/maxima-studios.com\/en\/wp-json\/wp\/v2\/product\/10526","targetHints":{"allow":["GET"]}}],"collection":[{"href":"https:\/\/maxima-studios.com\/en\/wp-json\/wp\/v2\/product"}],"about":[{"href":"https:\/\/maxima-studios.com\/en\/wp-json\/wp\/v2\/types\/product"}],"wp:featuredmedia":[{"embeddable":true,"href":"https:\/\/maxima-studios.com\/en\/wp-json\/wp\/v2\/media\/11065"}],"wp:attachment":[{"href":"https:\/\/maxima-studios.com\/en\/wp-json\/wp\/v2\/media?parent=10526"}],"wp:term":[{"taxonomy":"product_cat","embeddable":true,"href":"https:\/\/maxima-studios.com\/en\/wp-json\/wp\/v2\/product_cat?post=10526"},{"taxonomy":"product_tag","embeddable":true,"href":"https:\/\/maxima-studios.com\/en\/wp-json\/wp\/v2\/product_tag?post=10526"}],"curies":[{"name":"wp","href":"https:\/\/api.w.org\/{rel}","templated":true}]}}