 {"id":10522,"date":"2024-06-12T15:46:44","date_gmt":"2024-06-12T13:46:44","guid":{"rendered":"https:\/\/maxima-studios.com\/produit\/carte-sd-128-go-v10\/"},"modified":"2026-04-13T20:05:47","modified_gmt":"2026-04-13T18:05:47","slug":"sd-128-go-v10","status":"publish","type":"product","link":"https:\/\/maxima-studios.com\/en\/product\/sd-128-go-v10\/","title":{"rendered":"SD 128 Go V10"},"content":{"rendered":"<p>La carte SD 128 V10 est adapt\u00e9e aux boitiers et cam\u00e9ras dont le d\u00e9bit d\u2019enregistrement n\u2019exc\u00e8de pas 100 Mb\/s. Elle convient \u00e0 la Sony Z150, la FS5 ainsi qu\u2019au Canon 6D ou 5Ds dans la plupart des modes d\u2019enregistrement.<\/p>\n<p>\u00a0<\/p>\n<p>Pour pouvoir lire les fichiers sur ordinateur, il faut disposer d\u2019un lecteur de carte SD, disponible \u00e0 la location \u00e9galement.<\/p>","protected":false},"excerpt":{"rendered":"<p>Carte M\u00e9moire\u00a0<\/p>\n<p>Format : SD<\/p>\n<p>Capacit\u00e9 : 128 Go V10<\/p>\n<p>Vitesse :\u00a010 Mo\/sec = 80Mb\/sec<\/p>","protected":false},"featured_media":10903,"template":"","meta":[],"product_cat":[382],"product_tag":[410],"class_list":{"0":"post-10522","1":"product","2":"type-product","3":"status-publish","4":"has-post-thumbnail","6":"product_cat-carte-sd","7":"product_tag-128-go","9":"first","10":"instock","11":"taxable","12":"shipping-taxable","13":"purchasable","14":"product-type-rentable"},"_links":{"self":[{"href":"https:\/\/maxima-studios.com\/en\/wp-json\/wp\/v2\/product\/10522","targetHints":{"allow":["GET"]}}],"collection":[{"href":"https:\/\/maxima-studios.com\/en\/wp-json\/wp\/v2\/product"}],"about":[{"href":"https:\/\/maxima-studios.com\/en\/wp-json\/wp\/v2\/types\/product"}],"wp:featuredmedia":[{"embeddable":true,"href":"https:\/\/maxima-studios.com\/en\/wp-json\/wp\/v2\/media\/10903"}],"wp:attachment":[{"href":"https:\/\/maxima-studios.com\/en\/wp-json\/wp\/v2\/media?parent=10522"}],"wp:term":[{"taxonomy":"product_cat","embeddable":true,"href":"https:\/\/maxima-studios.com\/en\/wp-json\/wp\/v2\/product_cat?post=10522"},{"taxonomy":"product_tag","embeddable":true,"href":"https:\/\/maxima-studios.com\/en\/wp-json\/wp\/v2\/product_tag?post=10522"}],"curies":[{"name":"wp","href":"https:\/\/api.w.org\/{rel}","templated":true}]}}