 {"id":10521,"date":"2024-06-12T15:46:43","date_gmt":"2024-06-12T13:46:43","guid":{"rendered":"https:\/\/maxima-studios.com\/produit\/carte-sd-128-go-v60\/"},"modified":"2026-04-13T20:42:13","modified_gmt":"2026-04-13T18:42:13","slug":"sd-128-go-v60","status":"publish","type":"product","link":"https:\/\/maxima-studios.com\/en\/product\/sd-128-go-v60\/","title":{"rendered":"SD 128 Go V60"},"content":{"rendered":"<p>La carte SD 128 V60 assure un d\u00e9bit minimal d\u2019\u00e9criture de 480 Mb\/s, ce qui est suffisant pour la majorit\u00e9 des utilisations.\u00a0<\/p>\n<p>\u00a0<\/p>\n<p>Le support de stockage SD est tr\u00e8s r\u00e9pandu parmi les boitiers r\u00e9flex, hybrides et cam\u00e9ras. Elle est entre autres compatible avec l\u2019ensemble des boitiers Sony A7, la FX3 \/ FX6, la FS5, la Z150, les Lumix GH5\/GH6, etc.<\/p>\n<p>\u00a0<\/p>\n<p>Pour pouvoir lire les fichiers sur ordinateur, il faut disposer d\u2019un lecteur de carte SD, disponible \u00e0 la location \u00e9galement.<\/p>","protected":false},"excerpt":{"rendered":"<p>Carte Memoire\u00a0<\/p>\n<p>Format : SD<\/p>\n<p>Capacit\u00e9 : 128 Go V60<\/p>\n<p>Vitesse :\u00a060 Mo\/sec = 480Mb\/sec<\/p>","protected":false},"featured_media":10882,"template":"","meta":[],"product_cat":[382],"product_tag":[414,410],"class_list":{"0":"post-10521","1":"product","2":"type-product","3":"status-publish","4":"has-post-thumbnail","6":"product_cat-carte-sd","7":"product_tag-v60","8":"product_tag-128-go","10":"first","11":"instock","12":"taxable","13":"shipping-taxable","14":"purchasable","15":"product-type-rentable"},"_links":{"self":[{"href":"https:\/\/maxima-studios.com\/en\/wp-json\/wp\/v2\/product\/10521","targetHints":{"allow":["GET"]}}],"collection":[{"href":"https:\/\/maxima-studios.com\/en\/wp-json\/wp\/v2\/product"}],"about":[{"href":"https:\/\/maxima-studios.com\/en\/wp-json\/wp\/v2\/types\/product"}],"wp:featuredmedia":[{"embeddable":true,"href":"https:\/\/maxima-studios.com\/en\/wp-json\/wp\/v2\/media\/10882"}],"wp:attachment":[{"href":"https:\/\/maxima-studios.com\/en\/wp-json\/wp\/v2\/media?parent=10521"}],"wp:term":[{"taxonomy":"product_cat","embeddable":true,"href":"https:\/\/maxima-studios.com\/en\/wp-json\/wp\/v2\/product_cat?post=10521"},{"taxonomy":"product_tag","embeddable":true,"href":"https:\/\/maxima-studios.com\/en\/wp-json\/wp\/v2\/product_tag?post=10521"}],"curies":[{"name":"wp","href":"https:\/\/api.w.org\/{rel}","templated":true}]}}