 {"id":10518,"date":"2024-06-12T15:46:41","date_gmt":"2024-06-12T13:46:41","guid":{"rendered":"https:\/\/maxima-studios.com\/produit\/carte-sd-64-go-v30\/"},"modified":"2026-04-13T20:05:39","modified_gmt":"2026-04-13T18:05:39","slug":"sd-64-go-v30","status":"publish","type":"product","link":"https:\/\/maxima-studios.com\/en\/product\/sd-64-go-v30\/","title":{"rendered":"SD 64 Go V30"},"content":{"rendered":"<p>La carte SD 64Go V30 assure un d\u00e9bit minimal d\u2019\u00e9criture de 240 Mb\/s, ce qui en r\u00e8gle g\u00e9n\u00e9rale est suffisant pour enregistrer jusqu\u2019en 4K 30p LongGop.<\/p>\n<p>\u00a0<\/p>\n<p>Le support de stockage SD est tr\u00e8s r\u00e9pandu parmi les boitiers r\u00e9flex, hybrides et cam\u00e9ras. Elle est entre autres compatible avec l\u2019ensemble des boitiers Sony A7, la FS5, la Z150, les Lumix GH5\/GH6, etc.<\/p>\n<p>\u00a0<\/p>\n<p>Pour pouvoir lire les fichiers sur ordinateur, il faut disposer d\u2019un lecteur de carte SD, disponible \u00e0 la location \u00e9galement.<\/p>","protected":false},"excerpt":{"rendered":"<p>Carte M\u00e9moire\u00a0<\/p>\n<p>Format : SD<\/p>\n<p>Capacit\u00e9 : 64 Go V30<\/p>\n<p>Vitesse :\u00a030 Mo\/sec = 240Mb\/sec<\/p>","protected":false},"featured_media":10870,"template":"","meta":[],"product_cat":[382],"product_tag":[413,412],"class_list":{"0":"post-10518","1":"product","2":"type-product","3":"status-publish","4":"has-post-thumbnail","6":"product_cat-carte-sd","7":"product_tag-v30","8":"product_tag-64-go","10":"first","11":"instock","12":"taxable","13":"shipping-taxable","14":"purchasable","15":"product-type-rentable"},"_links":{"self":[{"href":"https:\/\/maxima-studios.com\/en\/wp-json\/wp\/v2\/product\/10518","targetHints":{"allow":["GET"]}}],"collection":[{"href":"https:\/\/maxima-studios.com\/en\/wp-json\/wp\/v2\/product"}],"about":[{"href":"https:\/\/maxima-studios.com\/en\/wp-json\/wp\/v2\/types\/product"}],"wp:featuredmedia":[{"embeddable":true,"href":"https:\/\/maxima-studios.com\/en\/wp-json\/wp\/v2\/media\/10870"}],"wp:attachment":[{"href":"https:\/\/maxima-studios.com\/en\/wp-json\/wp\/v2\/media?parent=10518"}],"wp:term":[{"taxonomy":"product_cat","embeddable":true,"href":"https:\/\/maxima-studios.com\/en\/wp-json\/wp\/v2\/product_cat?post=10518"},{"taxonomy":"product_tag","embeddable":true,"href":"https:\/\/maxima-studios.com\/en\/wp-json\/wp\/v2\/product_tag?post=10518"}],"curies":[{"name":"wp","href":"https:\/\/api.w.org\/{rel}","templated":true}]}}