 {"id":10439,"date":"2024-06-12T12:24:11","date_gmt":"2024-06-12T10:24:11","guid":{"rendered":"https:\/\/maxima-studios.com\/produit\/kit-slider-motorise\/"},"modified":"2026-04-13T20:16:20","modified_gmt":"2026-04-13T18:16:20","slug":"kit-slider-motorise","status":"publish","type":"product","link":"https:\/\/maxima-studios.com\/en\/product\/kit-slider-motorise\/","title":{"rendered":"KIT SLIDER MOTORIS\u00c9"},"content":{"rendered":"<p>Slider motoris\u00e9 de 80 cm de long en fibre de carbone con\u00e7u pour les bo\u00eetiers reflex et hybride.<\/p>\n<p>\u00a0<\/p>\n<p>Utilisation en mode manuel (contr\u00f4le via le joystick int\u00e9gr\u00e9 \u00e0 la t\u00e9l\u00e9commande) ou automatique, ce qui une fois les r\u00e9glages effectu\u00e9s vous offre un plan en mouvement fluide sans n\u00e9cessit\u00e9 d\u2019intervention de l\u2019op\u00e9rateur cam\u00e9ra.<\/p>\n<p>\u00a0<\/p>\n<p>Le d\u00e9placement de la cam\u00e9ra sur le slider peut se param\u00e9trer finement. R\u00e9glage du point A\/B (diff\u00e9rentes positions du plateau sur le slider), vitesse de d\u00e9placement, mouvement en boucle ou non, acc\u00e9l\u00e9ration et d\u00e9c\u00e9l\u00e9ration \u00e0 l\u2019approche des points A\/B. La fonction Timelapse est \u00e9galement disponible avec r\u00e9glage du nombre, de l\u2019intervalle et de la dur\u00e9e des prises de vues.<\/p>\n<p>\u00a0<\/p>\n<p>Autre atout, la t\u00eate Manfrotto 500AH fournie avec le slider peut effectuer un mouvement panoramique concomitant au d\u00e9placement du plateau le long du slider. Ajustez simplement l\u2019angle de la barre centrale via les molettes accessibles sur chacune des but\u00e9es. Plus l\u2019angle est important, plus le mouvement panoramique sera rapide.<\/p>\n<p>\u00a0<\/p>\n<p>Ce slider int\u00e8gre des mini pieds afin de pouvoir le poser directement sur une table. Les but\u00e9es offrent des pas de vis Kodak 1\/4&#8243; et Congr\u00e8s 3\/8&#8243; afin d\u2019installer le slider sur tr\u00e9pieds ou dans toute autre position \u00e0 l\u2019aide de grips.<\/p>","protected":false},"excerpt":{"rendered":"<p>Slider motoris\u00e9<\/p>\n<p>Longueur : 80cm<\/p>\n<p>Contr\u00f4le via t\u00e9l\u00e9commande<\/p>","protected":false},"featured_media":10829,"template":"","meta":[],"product_cat":[367],"product_tag":[199,370],"class_list":{"0":"post-10439","1":"product","2":"type-product","3":"status-publish","4":"has-post-thumbnail","6":"product_cat-travelling-slider","7":"product_tag-hybride-dslr","8":"product_tag-camera","10":"first","11":"instock","12":"taxable","13":"shipping-taxable","14":"purchasable","15":"product-type-rentable"},"_links":{"self":[{"href":"https:\/\/maxima-studios.com\/en\/wp-json\/wp\/v2\/product\/10439","targetHints":{"allow":["GET"]}}],"collection":[{"href":"https:\/\/maxima-studios.com\/en\/wp-json\/wp\/v2\/product"}],"about":[{"href":"https:\/\/maxima-studios.com\/en\/wp-json\/wp\/v2\/types\/product"}],"wp:featuredmedia":[{"embeddable":true,"href":"https:\/\/maxima-studios.com\/en\/wp-json\/wp\/v2\/media\/10829"}],"wp:attachment":[{"href":"https:\/\/maxima-studios.com\/en\/wp-json\/wp\/v2\/media?parent=10439"}],"wp:term":[{"taxonomy":"product_cat","embeddable":true,"href":"https:\/\/maxima-studios.com\/en\/wp-json\/wp\/v2\/product_cat?post=10439"},{"taxonomy":"product_tag","embeddable":true,"href":"https:\/\/maxima-studios.com\/en\/wp-json\/wp\/v2\/product_tag?post=10439"}],"curies":[{"name":"wp","href":"https:\/\/api.w.org\/{rel}","templated":true}]}}