 {"id":10436,"date":"2024-06-12T12:23:59","date_gmt":"2024-06-12T10:23:59","guid":{"rendered":"https:\/\/maxima-studios.com\/produit\/ifootage-slider-carbone-80-120cm\/"},"modified":"2026-04-13T20:35:23","modified_gmt":"2026-04-13T18:35:23","slug":"ifootage-slider-carbone-80-120cm","status":"publish","type":"product","link":"https:\/\/maxima-studios.com\/en\/product\/ifootage-slider-carbone-80-120cm\/","title":{"rendered":"IFOOTAGE SLIDER CARBONE 80-120cm"},"content":{"rendered":"<p>Le Slider Shark S1 d&#8217;iFootage est un slider modulaire l\u00e9ger et portable, id\u00e9al pour des mouvements de cam\u00e9ra fluides sur le terrain ou en studio.\u00a0<\/p>\n<p>Sa capacit\u00e9 de charge utile maximale est de 7 kg, ce qui convient parfaitement \u00e0 n\u2019importe quel set up bas\u00e9 sur bo\u00eetier hybride. Il est livr\u00e9 avec une t\u00eate Manfrotto 500AH et peut s\u2019installer sur table ou au ras du sol via ses mini pieds ou sur tr\u00e9pieds en option si besoin. Deux barres d\u2019extensions sont fournies pour \u00e9tendre la longueur du slider de 80 \u00e0 120cm.<\/p>","protected":false},"excerpt":{"rendered":"<p>Slider Manuel<\/p>\n<p>Mat\u00e9riau : Fibre de carbone<\/p>\n<p>Longueur : 80\u00a0&#8211; 120 cm<\/p>\n<p>Poids Support\u00e9 Max : 7 kg<\/p>","protected":false},"featured_media":10814,"template":"","meta":[],"product_cat":[367],"product_tag":[199,370],"class_list":{"0":"post-10436","1":"product","2":"type-product","3":"status-publish","4":"has-post-thumbnail","6":"product_cat-travelling-slider","7":"product_tag-hybride-dslr","8":"product_tag-camera","10":"first","11":"instock","12":"taxable","13":"shipping-taxable","14":"purchasable","15":"product-type-rentable"},"yoast_head":"<!-- This site is optimized with the Yoast SEO plugin v27.3 - https:\/\/yoast.com\/product\/yoast-seo-wordpress\/ -->\n<title>IFOOTAGE SLIDER CARBONE 80-120cm - Maximaloc<\/title>\n<meta name=\"robots\" content=\"index, follow, max-snippet:-1, max-image-preview:large, max-video-preview:-1\" \/>\n<link rel=\"canonical\" href=\"https:\/\/maxima-studios.com\/en\/product\/ifootage-slider-carbone-80-120cm\/\" \/>\n<meta property=\"og:locale\" content=\"en_US\" \/>\n<meta property=\"og:type\" content=\"article\" \/>\n<meta property=\"og:title\" content=\"IFOOTAGE SLIDER CARBONE 80-120cm - Maximaloc\" \/>\n<meta property=\"og:description\" content=\"Slider Manuel Mat\u00e9riau : Fibre de carbone Longueur : 80\u00a0- 120 cm Poids Support\u00e9 Max : 7 kg\" \/>\n<meta property=\"og:url\" content=\"https:\/\/maxima-studios.com\/en\/product\/ifootage-slider-carbone-80-120cm\/\" \/>\n<meta property=\"og:site_name\" content=\"Maximaloc\" \/>\n<meta property=\"article:publisher\" content=\"https:\/\/www.facebook.com\/Maximalocation\" \/>\n<meta property=\"article:modified_time\" content=\"2026-04-13T18:35:23+00:00\" \/>\n<meta property=\"og:image\" content=\"https:\/\/maxima-studios.com\/wp-content\/uploads\/2024\/06\/slider-carbonne-1.webp\" \/>\n\t<meta property=\"og:image:width\" content=\"580\" \/>\n\t<meta property=\"og:image:height\" content=\"420\" \/>\n\t<meta property=\"og:image:type\" content=\"image\/webp\" \/>\n<meta name=\"twitter:card\" content=\"summary_large_image\" \/>\n<meta name=\"twitter:label1\" content=\"Est. reading time\" \/>\n\t<meta name=\"twitter:data1\" content=\"1 minute\" \/>\n<script type=\"application\/ld+json\" class=\"yoast-schema-graph\">{\"@context\":\"https:\\\/\\\/schema.org\",\"@graph\":[{\"@type\":\"WebPage\",\"@id\":\"https:\\\/\\\/maxima-studios.com\\\/produit\\\/ifootage-slider-carbone-80-120cm\\\/\",\"url\":\"https:\\\/\\\/maxima-studios.com\\\/produit\\\/ifootage-slider-carbone-80-120cm\\\/\",\"name\":\"IFOOTAGE SLIDER CARBONE 80-120cm - Maximaloc\",\"isPartOf\":{\"@id\":\"https:\\\/\\\/maxima-studios.com\\\/#website\"},\"primaryImageOfPage\":{\"@id\":\"https:\\\/\\\/maxima-studios.com\\\/produit\\\/ifootage-slider-carbone-80-120cm\\\/#primaryimage\"},\"image\":{\"@id\":\"https:\\\/\\\/maxima-studios.com\\\/produit\\\/ifootage-slider-carbone-80-120cm\\\/#primaryimage\"},\"thumbnailUrl\":\"https:\\\/\\\/maxima-studios.com\\\/wp-content\\\/uploads\\\/2024\\\/06\\\/slider-carbonne-1.webp\",\"datePublished\":\"2024-06-12T10:23:59+00:00\",\"dateModified\":\"2026-04-13T18:35:23+00:00\",\"breadcrumb\":{\"@id\":\"https:\\\/\\\/maxima-studios.com\\\/produit\\\/ifootage-slider-carbone-80-120cm\\\/#breadcrumb\"},\"inLanguage\":\"en-US\",\"potentialAction\":[{\"@type\":\"ReadAction\",\"target\":[\"https:\\\/\\\/maxima-studios.com\\\/produit\\\/ifootage-slider-carbone-80-120cm\\\/\"]}]},{\"@type\":\"ImageObject\",\"inLanguage\":\"en-US\",\"@id\":\"https:\\\/\\\/maxima-studios.com\\\/produit\\\/ifootage-slider-carbone-80-120cm\\\/#primaryimage\",\"url\":\"https:\\\/\\\/maxima-studios.com\\\/wp-content\\\/uploads\\\/2024\\\/06\\\/slider-carbonne-1.webp\",\"contentUrl\":\"https:\\\/\\\/maxima-studios.com\\\/wp-content\\\/uploads\\\/2024\\\/06\\\/slider-carbonne-1.webp\",\"width\":580,\"height\":420,\"caption\":\"Slider Carbone iFootage Shark S + Tete Fluide + Cam\u00e9ra Red en location\"},{\"@type\":\"BreadcrumbList\",\"@id\":\"https:\\\/\\\/maxima-studios.com\\\/produit\\\/ifootage-slider-carbone-80-120cm\\\/#breadcrumb\",\"itemListElement\":[{\"@type\":\"ListItem\",\"position\":1,\"name\":\"Accueil\",\"item\":\"https:\\\/\\\/maxima-studios.com\\\/\"},{\"@type\":\"ListItem\",\"position\":2,\"name\":\"BOUTIQUE\",\"item\":\"https:\\\/\\\/maxima-studios.com\\\/boutique\\\/\"},{\"@type\":\"ListItem\",\"position\":3,\"name\":\"IFOOTAGE SLIDER CARBONE 80-120cm\"}]},{\"@type\":\"WebSite\",\"@id\":\"https:\\\/\\\/maxima-studios.com\\\/#website\",\"url\":\"https:\\\/\\\/maxima-studios.com\\\/\",\"name\":\"Maximaloc\",\"description\":\"\",\"publisher\":{\"@id\":\"https:\\\/\\\/maxima-studios.com\\\/#organization\"},\"potentialAction\":[{\"@type\":\"SearchAction\",\"target\":{\"@type\":\"EntryPoint\",\"urlTemplate\":\"https:\\\/\\\/maxima-studios.com\\\/?s={search_term_string}\"},\"query-input\":{\"@type\":\"PropertyValueSpecification\",\"valueRequired\":true,\"valueName\":\"search_term_string\"}}],\"inLanguage\":\"en-US\"},{\"@type\":\"Organization\",\"@id\":\"https:\\\/\\\/maxima-studios.com\\\/#organization\",\"name\":\"Maximaloc\",\"url\":\"https:\\\/\\\/maxima-studios.com\\\/\",\"logo\":{\"@type\":\"ImageObject\",\"inLanguage\":\"en-US\",\"@id\":\"https:\\\/\\\/maxima-studios.com\\\/#\\\/schema\\\/logo\\\/image\\\/\",\"url\":\"https:\\\/\\\/maxima-studios.com\\\/wp-content\\\/uploads\\\/2024\\\/03\\\/logo_noir-scaled.png\",\"contentUrl\":\"https:\\\/\\\/maxima-studios.com\\\/wp-content\\\/uploads\\\/2024\\\/03\\\/logo_noir-scaled.png\",\"width\":2560,\"height\":268,\"caption\":\"Maximaloc\"},\"image\":{\"@id\":\"https:\\\/\\\/maxima-studios.com\\\/#\\\/schema\\\/logo\\\/image\\\/\"},\"sameAs\":[\"https:\\\/\\\/www.facebook.com\\\/Maximalocation\"]}]}<\/script>\n<!-- \/ Yoast SEO plugin. -->","yoast_head_json":{"title":"IFOOTAGE SLIDER CARBONE 80-120cm - Maximaloc","robots":{"index":"index","follow":"follow","max-snippet":"max-snippet:-1","max-image-preview":"max-image-preview:large","max-video-preview":"max-video-preview:-1"},"canonical":"https:\/\/maxima-studios.com\/en\/product\/ifootage-slider-carbone-80-120cm\/","og_locale":"en_US","og_type":"article","og_title":"IFOOTAGE SLIDER CARBONE 80-120cm - Maximaloc","og_description":"Slider Manuel Mat\u00e9riau : Fibre de carbone Longueur : 80\u00a0- 120 cm Poids Support\u00e9 Max : 7 kg","og_url":"https:\/\/maxima-studios.com\/en\/product\/ifootage-slider-carbone-80-120cm\/","og_site_name":"Maximaloc","article_publisher":"https:\/\/www.facebook.com\/Maximalocation","article_modified_time":"2026-04-13T18:35:23+00:00","og_image":[{"width":580,"height":420,"url":"https:\/\/maxima-studios.com\/wp-content\/uploads\/2024\/06\/slider-carbonne-1.webp","type":"image\/webp"}],"twitter_card":"summary_large_image","twitter_misc":{"Est. reading time":"1 minute"},"schema":{"@context":"https:\/\/schema.org","@graph":[{"@type":"WebPage","@id":"https:\/\/maxima-studios.com\/produit\/ifootage-slider-carbone-80-120cm\/","url":"https:\/\/maxima-studios.com\/produit\/ifootage-slider-carbone-80-120cm\/","name":"IFOOTAGE SLIDER CARBONE 80-120cm - Maximaloc","isPartOf":{"@id":"https:\/\/maxima-studios.com\/#website"},"primaryImageOfPage":{"@id":"https:\/\/maxima-studios.com\/produit\/ifootage-slider-carbone-80-120cm\/#primaryimage"},"image":{"@id":"https:\/\/maxima-studios.com\/produit\/ifootage-slider-carbone-80-120cm\/#primaryimage"},"thumbnailUrl":"https:\/\/maxima-studios.com\/wp-content\/uploads\/2024\/06\/slider-carbonne-1.webp","datePublished":"2024-06-12T10:23:59+00:00","dateModified":"2026-04-13T18:35:23+00:00","breadcrumb":{"@id":"https:\/\/maxima-studios.com\/produit\/ifootage-slider-carbone-80-120cm\/#breadcrumb"},"inLanguage":"en-US","potentialAction":[{"@type":"ReadAction","target":["https:\/\/maxima-studios.com\/produit\/ifootage-slider-carbone-80-120cm\/"]}]},{"@type":"ImageObject","inLanguage":"en-US","@id":"https:\/\/maxima-studios.com\/produit\/ifootage-slider-carbone-80-120cm\/#primaryimage","url":"https:\/\/maxima-studios.com\/wp-content\/uploads\/2024\/06\/slider-carbonne-1.webp","contentUrl":"https:\/\/maxima-studios.com\/wp-content\/uploads\/2024\/06\/slider-carbonne-1.webp","width":580,"height":420,"caption":"Slider Carbone iFootage Shark S + Tete Fluide + Cam\u00e9ra Red en location"},{"@type":"BreadcrumbList","@id":"https:\/\/maxima-studios.com\/produit\/ifootage-slider-carbone-80-120cm\/#breadcrumb","itemListElement":[{"@type":"ListItem","position":1,"name":"Accueil","item":"https:\/\/maxima-studios.com\/"},{"@type":"ListItem","position":2,"name":"BOUTIQUE","item":"https:\/\/maxima-studios.com\/boutique\/"},{"@type":"ListItem","position":3,"name":"IFOOTAGE SLIDER CARBONE 80-120cm"}]},{"@type":"WebSite","@id":"https:\/\/maxima-studios.com\/#website","url":"https:\/\/maxima-studios.com\/","name":"Maximaloc","description":"","publisher":{"@id":"https:\/\/maxima-studios.com\/#organization"},"potentialAction":[{"@type":"SearchAction","target":{"@type":"EntryPoint","urlTemplate":"https:\/\/maxima-studios.com\/?s={search_term_string}"},"query-input":{"@type":"PropertyValueSpecification","valueRequired":true,"valueName":"search_term_string"}}],"inLanguage":"en-US"},{"@type":"Organization","@id":"https:\/\/maxima-studios.com\/#organization","name":"Maximaloc","url":"https:\/\/maxima-studios.com\/","logo":{"@type":"ImageObject","inLanguage":"en-US","@id":"https:\/\/maxima-studios.com\/#\/schema\/logo\/image\/","url":"https:\/\/maxima-studios.com\/wp-content\/uploads\/2024\/03\/logo_noir-scaled.png","contentUrl":"https:\/\/maxima-studios.com\/wp-content\/uploads\/2024\/03\/logo_noir-scaled.png","width":2560,"height":268,"caption":"Maximaloc"},"image":{"@id":"https:\/\/maxima-studios.com\/#\/schema\/logo\/image\/"},"sameAs":["https:\/\/www.facebook.com\/Maximalocation"]}]}},"_links":{"self":[{"href":"https:\/\/maxima-studios.com\/en\/wp-json\/wp\/v2\/product\/10436","targetHints":{"allow":["GET"]}}],"collection":[{"href":"https:\/\/maxima-studios.com\/en\/wp-json\/wp\/v2\/product"}],"about":[{"href":"https:\/\/maxima-studios.com\/en\/wp-json\/wp\/v2\/types\/product"}],"wp:featuredmedia":[{"embeddable":true,"href":"https:\/\/maxima-studios.com\/en\/wp-json\/wp\/v2\/media\/10814"}],"wp:attachment":[{"href":"https:\/\/maxima-studios.com\/en\/wp-json\/wp\/v2\/media?parent=10436"}],"wp:term":[{"taxonomy":"product_cat","embeddable":true,"href":"https:\/\/maxima-studios.com\/en\/wp-json\/wp\/v2\/product_cat?post=10436"},{"taxonomy":"product_tag","embeddable":true,"href":"https:\/\/maxima-studios.com\/en\/wp-json\/wp\/v2\/product_tag?post=10436"}],"curies":[{"name":"wp","href":"https:\/\/api.w.org\/{rel}","templated":true}]}}