 {"id":10435,"date":"2024-06-12T12:23:58","date_gmt":"2024-06-12T10:23:58","guid":{"rendered":"https:\/\/maxima-studios.com\/produit\/matthews-doorway-dolly\/"},"modified":"2026-04-13T20:43:55","modified_gmt":"2026-04-13T18:43:55","slug":"dolly-matthews-doorway","status":"publish","type":"product","link":"https:\/\/maxima-studios.com\/en\/product\/dolly-matthews-doorway\/","title":{"rendered":"DOLLY MATTHEWS DOORWAY"},"content":{"rendered":"<p>La Dolly Matthew Doorway peut s\u2019utiliser sur un sol lisse gr\u00e2ce \u00e0 ses roues pneumatiques, ou sur rails via ses boogies wheels. Le remplacement des roues pneumatiques se fait rapidement et sans difficult\u00e9. Une barre est d\u00e9di\u00e9e \u00e0 la pouss\u00e9e et une autre \u00e0 la direction dans le cas d\u2019une utilisation sur roues pneumatiques.<\/p>\n<p>\u00a0<\/p>\n<p>La plateforme peut accueillir jusqu\u2019\u00e0 deux fauteuils ainsi qu\u2019une base tournante pour le fauteuil op\u00e9rateur et une base bazooka pour y installer les diff\u00e9rentes colonnes qui re\u00e7oivent la t\u00eate cam\u00e9ra (diff\u00e9rentes hauteurs disponibles). Les adaptateurs de bols 75mm vers 100mm et t\u00eate plate vers 100mm sont inclus. Il est bien s\u00fbr possible d\u2019utiliser la plateforme vide, pour y installer directement le tr\u00e9pied cam\u00e9ra par exemple.<\/p>\n<p>\u00a0<\/p>\n<p>Jusqu\u2019\u00e0 5 rails droits de 1,75m sont disponibles pour une longueur totale de 8,75m de rails soit environ 7 m\u00e8tres exploitables.<\/p>","protected":false},"excerpt":{"rendered":"<h6>R\u00e9servation requise 48h \u00e0 l&#8217;avance<\/h6>\n<p>Dolly Cin\u00e9ma<\/p>\n<p>Marque : Matthews Doorway<\/p>\n<p>Roues pneumatiques \/ rail.<\/p>","protected":false},"featured_media":10810,"template":"","meta":[],"product_cat":[367],"product_tag":[199,370],"class_list":{"0":"post-10435","1":"product","2":"type-product","3":"status-publish","4":"has-post-thumbnail","6":"product_cat-travelling-slider","7":"product_tag-hybride-dslr","8":"product_tag-camera","10":"first","11":"instock","12":"featured","13":"taxable","14":"shipping-taxable","15":"purchasable","16":"product-type-rentable"},"_links":{"self":[{"href":"https:\/\/maxima-studios.com\/en\/wp-json\/wp\/v2\/product\/10435","targetHints":{"allow":["GET"]}}],"collection":[{"href":"https:\/\/maxima-studios.com\/en\/wp-json\/wp\/v2\/product"}],"about":[{"href":"https:\/\/maxima-studios.com\/en\/wp-json\/wp\/v2\/types\/product"}],"wp:featuredmedia":[{"embeddable":true,"href":"https:\/\/maxima-studios.com\/en\/wp-json\/wp\/v2\/media\/10810"}],"wp:attachment":[{"href":"https:\/\/maxima-studios.com\/en\/wp-json\/wp\/v2\/media?parent=10435"}],"wp:term":[{"taxonomy":"product_cat","embeddable":true,"href":"https:\/\/maxima-studios.com\/en\/wp-json\/wp\/v2\/product_cat?post=10435"},{"taxonomy":"product_tag","embeddable":true,"href":"https:\/\/maxima-studios.com\/en\/wp-json\/wp\/v2\/product_tag?post=10435"}],"curies":[{"name":"wp","href":"https:\/\/api.w.org\/{rel}","templated":true}]}}