 {"id":10434,"date":"2024-06-12T12:23:54","date_gmt":"2024-06-12T10:23:54","guid":{"rendered":"https:\/\/maxima-studios.com\/produit\/kit-ventouses-pro-mini\/"},"modified":"2026-04-13T20:15:52","modified_gmt":"2026-04-13T18:15:52","slug":"kit-ventouses-pro-mini","status":"publish","type":"product","link":"https:\/\/maxima-studios.com\/en\/product\/kit-ventouses-pro-mini\/","title":{"rendered":"KIT  VENTOUSES PRO MINI"},"content":{"rendered":"<p>Le KIT VENTOUSE PRO MINI syst\u00e8me professionnel qui permet de fixer votre cam\u00e9ra sur des surfaces planes, telles que des voitures, des bateaux ou des avions.\u00a0\u00a0Le kit ventouse KIT VENTOUSE PRO MINI est compatible avec la plupart des cam\u00e9ras appareils DSLR ou Hybrides et peut supporter un poids maximal de 5 kg. Il est facile \u00e0 installer et \u00e0 enlever et ne n\u00e9cessite pas d&#8217;outils sp\u00e9ciaux. Il est con\u00e7u pour offrir une stabilit\u00e9 maximale et un nombre d&#8217;installations possibiles dignes du grand cin\u00e9ma.<\/p>\n<p>Le kit comprend 3x ventouses en caoutchouc haute r\u00e9sistance et plusieurs bras articul\u00e9s qui peuvent \u00eatre ajust\u00e9s pour atteindre la position de cam\u00e9ra d\u00e9sir\u00e9e. Les bras articul\u00e9s sont\u00a0\u00e9galement \u00e9quip\u00e9s d&#8217;une rotule pour permettre une rotation \u00e0 360 degr\u00e9s et un inclinaison \u00e0 180 degr\u00e9s, ce qui vous permet de r\u00e9gler facilement l&#8217;angle de prise de vue souhait\u00e9.<\/p>\n<p>\u00a0<\/p>\n<p><strong>Points Forts :<\/strong><\/p>\n<ul>\n<li>Facile \u00e0 transporter<\/li>\n<li>Facile \u00e0 installer<\/li>\n<li>3x Ventouses et multiples bras<\/li>\n<li>Supporte 5 kg<\/li>\n<li>Vitesse Max 100km\/h<\/li>\n<\/ul>","protected":false},"excerpt":{"rendered":"<p>Fixation ventouse Cam\u00e9ra<\/p>\n<p>Compatible : DSLR &amp; Hybrides\u00a0<\/p>\n<p>Poids support\u00e9 : 5 Kg\u00a0<\/p>\n<p>Vitesse Max : 100 Km\/h<\/p>","protected":false},"featured_media":10804,"template":"","meta":[],"product_cat":[369],"product_tag":[199,370,224],"class_list":{"0":"post-10434","1":"product","2":"type-product","3":"status-publish","4":"has-post-thumbnail","6":"product_cat-ventouse","7":"product_tag-hybride-dslr","8":"product_tag-camera","9":"product_tag-action-cam","11":"first","12":"instock","13":"taxable","14":"shipping-taxable","15":"purchasable","16":"product-type-rentable"},"yoast_head":"<!-- This site is optimized with the Yoast SEO plugin v27.3 - https:\/\/yoast.com\/product\/yoast-seo-wordpress\/ -->\n<title>KIT VENTOUSES PRO MINI - Maximaloc<\/title>\n<meta name=\"robots\" content=\"index, follow, max-snippet:-1, max-image-preview:large, max-video-preview:-1\" \/>\n<link rel=\"canonical\" href=\"https:\/\/maxima-studios.com\/en\/product\/kit-ventouses-pro-mini\/\" \/>\n<meta property=\"og:locale\" content=\"en_US\" \/>\n<meta property=\"og:type\" content=\"article\" \/>\n<meta property=\"og:title\" content=\"KIT VENTOUSES PRO MINI - Maximaloc\" \/>\n<meta property=\"og:description\" content=\"Fixation ventouse Cam\u00e9ra Compatible : DSLR &amp; Hybrides\u00a0 Poids support\u00e9 : 5 Kg\u00a0 Vitesse Max : 100 Km\/h\" \/>\n<meta property=\"og:url\" content=\"https:\/\/maxima-studios.com\/en\/product\/kit-ventouses-pro-mini\/\" \/>\n<meta property=\"og:site_name\" content=\"Maximaloc\" \/>\n<meta property=\"article:publisher\" content=\"https:\/\/www.facebook.com\/Maximalocation\" \/>\n<meta property=\"article:modified_time\" content=\"2026-04-13T18:15:52+00:00\" \/>\n<meta property=\"og:image\" content=\"https:\/\/maxima-studios.com\/wp-content\/uploads\/2024\/06\/kit-ventouses-mini-pro-1.webp\" \/>\n\t<meta property=\"og:image:width\" content=\"580\" \/>\n\t<meta property=\"og:image:height\" content=\"420\" \/>\n\t<meta property=\"og:image:type\" content=\"image\/webp\" \/>\n<meta name=\"twitter:card\" content=\"summary_large_image\" \/>\n<meta name=\"twitter:label1\" content=\"Est. reading time\" \/>\n\t<meta name=\"twitter:data1\" content=\"2 minutes\" \/>\n<script type=\"application\/ld+json\" class=\"yoast-schema-graph\">{\"@context\":\"https:\\\/\\\/schema.org\",\"@graph\":[{\"@type\":\"WebPage\",\"@id\":\"https:\\\/\\\/maxima-studios.com\\\/produit\\\/kit-ventouses-pro-mini\\\/\",\"url\":\"https:\\\/\\\/maxima-studios.com\\\/produit\\\/kit-ventouses-pro-mini\\\/\",\"name\":\"KIT VENTOUSES PRO MINI - Maximaloc\",\"isPartOf\":{\"@id\":\"https:\\\/\\\/maxima-studios.com\\\/#website\"},\"primaryImageOfPage\":{\"@id\":\"https:\\\/\\\/maxima-studios.com\\\/produit\\\/kit-ventouses-pro-mini\\\/#primaryimage\"},\"image\":{\"@id\":\"https:\\\/\\\/maxima-studios.com\\\/produit\\\/kit-ventouses-pro-mini\\\/#primaryimage\"},\"thumbnailUrl\":\"https:\\\/\\\/maxima-studios.com\\\/wp-content\\\/uploads\\\/2024\\\/06\\\/kit-ventouses-mini-pro-1.webp\",\"datePublished\":\"2024-06-12T10:23:54+00:00\",\"dateModified\":\"2026-04-13T18:15:52+00:00\",\"breadcrumb\":{\"@id\":\"https:\\\/\\\/maxima-studios.com\\\/produit\\\/kit-ventouses-pro-mini\\\/#breadcrumb\"},\"inLanguage\":\"en-US\",\"potentialAction\":[{\"@type\":\"ReadAction\",\"target\":[\"https:\\\/\\\/maxima-studios.com\\\/produit\\\/kit-ventouses-pro-mini\\\/\"]}]},{\"@type\":\"ImageObject\",\"inLanguage\":\"en-US\",\"@id\":\"https:\\\/\\\/maxima-studios.com\\\/produit\\\/kit-ventouses-pro-mini\\\/#primaryimage\",\"url\":\"https:\\\/\\\/maxima-studios.com\\\/wp-content\\\/uploads\\\/2024\\\/06\\\/kit-ventouses-mini-pro-1.webp\",\"contentUrl\":\"https:\\\/\\\/maxima-studios.com\\\/wp-content\\\/uploads\\\/2024\\\/06\\\/kit-ventouses-mini-pro-1.webp\",\"width\":580,\"height\":420,\"caption\":\"Kit KIT VENTOUSES PRO MINI syst\u00e8me de fixation cam\u00e9ra avec 3 ventouses pour voiture en location\"},{\"@type\":\"BreadcrumbList\",\"@id\":\"https:\\\/\\\/maxima-studios.com\\\/produit\\\/kit-ventouses-pro-mini\\\/#breadcrumb\",\"itemListElement\":[{\"@type\":\"ListItem\",\"position\":1,\"name\":\"Accueil\",\"item\":\"https:\\\/\\\/maxima-studios.com\\\/\"},{\"@type\":\"ListItem\",\"position\":2,\"name\":\"BOUTIQUE\",\"item\":\"https:\\\/\\\/maxima-studios.com\\\/boutique\\\/\"},{\"@type\":\"ListItem\",\"position\":3,\"name\":\"KIT VENTOUSES PRO MINI\"}]},{\"@type\":\"WebSite\",\"@id\":\"https:\\\/\\\/maxima-studios.com\\\/#website\",\"url\":\"https:\\\/\\\/maxima-studios.com\\\/\",\"name\":\"Maximaloc\",\"description\":\"\",\"publisher\":{\"@id\":\"https:\\\/\\\/maxima-studios.com\\\/#organization\"},\"potentialAction\":[{\"@type\":\"SearchAction\",\"target\":{\"@type\":\"EntryPoint\",\"urlTemplate\":\"https:\\\/\\\/maxima-studios.com\\\/?s={search_term_string}\"},\"query-input\":{\"@type\":\"PropertyValueSpecification\",\"valueRequired\":true,\"valueName\":\"search_term_string\"}}],\"inLanguage\":\"en-US\"},{\"@type\":\"Organization\",\"@id\":\"https:\\\/\\\/maxima-studios.com\\\/#organization\",\"name\":\"Maximaloc\",\"url\":\"https:\\\/\\\/maxima-studios.com\\\/\",\"logo\":{\"@type\":\"ImageObject\",\"inLanguage\":\"en-US\",\"@id\":\"https:\\\/\\\/maxima-studios.com\\\/#\\\/schema\\\/logo\\\/image\\\/\",\"url\":\"https:\\\/\\\/maxima-studios.com\\\/wp-content\\\/uploads\\\/2024\\\/03\\\/logo_noir-scaled.png\",\"contentUrl\":\"https:\\\/\\\/maxima-studios.com\\\/wp-content\\\/uploads\\\/2024\\\/03\\\/logo_noir-scaled.png\",\"width\":2560,\"height\":268,\"caption\":\"Maximaloc\"},\"image\":{\"@id\":\"https:\\\/\\\/maxima-studios.com\\\/#\\\/schema\\\/logo\\\/image\\\/\"},\"sameAs\":[\"https:\\\/\\\/www.facebook.com\\\/Maximalocation\"]}]}<\/script>\n<!-- \/ Yoast SEO plugin. -->","yoast_head_json":{"title":"KIT VENTOUSES PRO MINI - Maximaloc","robots":{"index":"index","follow":"follow","max-snippet":"max-snippet:-1","max-image-preview":"max-image-preview:large","max-video-preview":"max-video-preview:-1"},"canonical":"https:\/\/maxima-studios.com\/en\/product\/kit-ventouses-pro-mini\/","og_locale":"en_US","og_type":"article","og_title":"KIT VENTOUSES PRO MINI - Maximaloc","og_description":"Fixation ventouse Cam\u00e9ra Compatible : DSLR &amp; Hybrides\u00a0 Poids support\u00e9 : 5 Kg\u00a0 Vitesse Max : 100 Km\/h","og_url":"https:\/\/maxima-studios.com\/en\/product\/kit-ventouses-pro-mini\/","og_site_name":"Maximaloc","article_publisher":"https:\/\/www.facebook.com\/Maximalocation","article_modified_time":"2026-04-13T18:15:52+00:00","og_image":[{"width":580,"height":420,"url":"https:\/\/maxima-studios.com\/wp-content\/uploads\/2024\/06\/kit-ventouses-mini-pro-1.webp","type":"image\/webp"}],"twitter_card":"summary_large_image","twitter_misc":{"Est. reading time":"2 minutes"},"schema":{"@context":"https:\/\/schema.org","@graph":[{"@type":"WebPage","@id":"https:\/\/maxima-studios.com\/produit\/kit-ventouses-pro-mini\/","url":"https:\/\/maxima-studios.com\/produit\/kit-ventouses-pro-mini\/","name":"KIT VENTOUSES PRO MINI - Maximaloc","isPartOf":{"@id":"https:\/\/maxima-studios.com\/#website"},"primaryImageOfPage":{"@id":"https:\/\/maxima-studios.com\/produit\/kit-ventouses-pro-mini\/#primaryimage"},"image":{"@id":"https:\/\/maxima-studios.com\/produit\/kit-ventouses-pro-mini\/#primaryimage"},"thumbnailUrl":"https:\/\/maxima-studios.com\/wp-content\/uploads\/2024\/06\/kit-ventouses-mini-pro-1.webp","datePublished":"2024-06-12T10:23:54+00:00","dateModified":"2026-04-13T18:15:52+00:00","breadcrumb":{"@id":"https:\/\/maxima-studios.com\/produit\/kit-ventouses-pro-mini\/#breadcrumb"},"inLanguage":"en-US","potentialAction":[{"@type":"ReadAction","target":["https:\/\/maxima-studios.com\/produit\/kit-ventouses-pro-mini\/"]}]},{"@type":"ImageObject","inLanguage":"en-US","@id":"https:\/\/maxima-studios.com\/produit\/kit-ventouses-pro-mini\/#primaryimage","url":"https:\/\/maxima-studios.com\/wp-content\/uploads\/2024\/06\/kit-ventouses-mini-pro-1.webp","contentUrl":"https:\/\/maxima-studios.com\/wp-content\/uploads\/2024\/06\/kit-ventouses-mini-pro-1.webp","width":580,"height":420,"caption":"Kit KIT VENTOUSES PRO MINI syst\u00e8me de fixation cam\u00e9ra avec 3 ventouses pour voiture en location"},{"@type":"BreadcrumbList","@id":"https:\/\/maxima-studios.com\/produit\/kit-ventouses-pro-mini\/#breadcrumb","itemListElement":[{"@type":"ListItem","position":1,"name":"Accueil","item":"https:\/\/maxima-studios.com\/"},{"@type":"ListItem","position":2,"name":"BOUTIQUE","item":"https:\/\/maxima-studios.com\/boutique\/"},{"@type":"ListItem","position":3,"name":"KIT VENTOUSES PRO MINI"}]},{"@type":"WebSite","@id":"https:\/\/maxima-studios.com\/#website","url":"https:\/\/maxima-studios.com\/","name":"Maximaloc","description":"","publisher":{"@id":"https:\/\/maxima-studios.com\/#organization"},"potentialAction":[{"@type":"SearchAction","target":{"@type":"EntryPoint","urlTemplate":"https:\/\/maxima-studios.com\/?s={search_term_string}"},"query-input":{"@type":"PropertyValueSpecification","valueRequired":true,"valueName":"search_term_string"}}],"inLanguage":"en-US"},{"@type":"Organization","@id":"https:\/\/maxima-studios.com\/#organization","name":"Maximaloc","url":"https:\/\/maxima-studios.com\/","logo":{"@type":"ImageObject","inLanguage":"en-US","@id":"https:\/\/maxima-studios.com\/#\/schema\/logo\/image\/","url":"https:\/\/maxima-studios.com\/wp-content\/uploads\/2024\/03\/logo_noir-scaled.png","contentUrl":"https:\/\/maxima-studios.com\/wp-content\/uploads\/2024\/03\/logo_noir-scaled.png","width":2560,"height":268,"caption":"Maximaloc"},"image":{"@id":"https:\/\/maxima-studios.com\/#\/schema\/logo\/image\/"},"sameAs":["https:\/\/www.facebook.com\/Maximalocation"]}]}},"_links":{"self":[{"href":"https:\/\/maxima-studios.com\/en\/wp-json\/wp\/v2\/product\/10434","targetHints":{"allow":["GET"]}}],"collection":[{"href":"https:\/\/maxima-studios.com\/en\/wp-json\/wp\/v2\/product"}],"about":[{"href":"https:\/\/maxima-studios.com\/en\/wp-json\/wp\/v2\/types\/product"}],"wp:featuredmedia":[{"embeddable":true,"href":"https:\/\/maxima-studios.com\/en\/wp-json\/wp\/v2\/media\/10804"}],"wp:attachment":[{"href":"https:\/\/maxima-studios.com\/en\/wp-json\/wp\/v2\/media?parent=10434"}],"wp:term":[{"taxonomy":"product_cat","embeddable":true,"href":"https:\/\/maxima-studios.com\/en\/wp-json\/wp\/v2\/product_cat?post=10434"},{"taxonomy":"product_tag","embeddable":true,"href":"https:\/\/maxima-studios.com\/en\/wp-json\/wp\/v2\/product_tag?post=10434"}],"curies":[{"name":"wp","href":"https:\/\/api.w.org\/{rel}","templated":true}]}}