 {"id":10428,"date":"2024-06-12T12:23:23","date_gmt":"2024-06-12T10:23:23","guid":{"rendered":"https:\/\/maxima-studios.com\/produit\/kit-tilta-ring-grip\/"},"modified":"2026-04-13T20:14:30","modified_gmt":"2026-04-13T18:14:30","slug":"tilta-ring-grip","status":"publish","type":"product","link":"https:\/\/maxima-studios.com\/en\/product\/tilta-ring-grip\/","title":{"rendered":"TILTA RING GRIP"},"content":{"rendered":"<p>Offre une prise en main stable et confortable pour cadrer avec le Ronin S2\/S3.<\/p>\n<p>\u00a0<\/p>\n<p>Possibilit\u00e9 de fixer un module V-Lock pour alimenter la cam\u00e9ra et le Ronin. Le grip sert \u00e9galement \u00e0 attacher une torche led ou tout autre accessoire. La nacelle du Ronin S2\/S3 et jusqu\u2019\u00e0 deux moteurs Nucleus Tilta sont contr\u00f4lables via les poign\u00e9es incluses.<\/p>","protected":false},"excerpt":{"rendered":"<p>Grip circulaire<\/p>\n<p>Compatible : DJI Ronin S2 \/ S3<\/p>\n<p>Poids : 1,1 kg<\/p>","protected":false},"featured_media":10497,"template":"","meta":[],"product_cat":[360],"product_tag":[199,370],"class_list":{"0":"post-10428","1":"product","2":"type-product","3":"status-publish","4":"has-post-thumbnail","6":"product_cat-accessoires-gimbal","7":"product_tag-hybride-dslr","8":"product_tag-camera","10":"first","11":"instock","12":"taxable","13":"shipping-taxable","14":"purchasable","15":"product-type-rentable"},"_links":{"self":[{"href":"https:\/\/maxima-studios.com\/en\/wp-json\/wp\/v2\/product\/10428","targetHints":{"allow":["GET"]}}],"collection":[{"href":"https:\/\/maxima-studios.com\/en\/wp-json\/wp\/v2\/product"}],"about":[{"href":"https:\/\/maxima-studios.com\/en\/wp-json\/wp\/v2\/types\/product"}],"wp:featuredmedia":[{"embeddable":true,"href":"https:\/\/maxima-studios.com\/en\/wp-json\/wp\/v2\/media\/10497"}],"wp:attachment":[{"href":"https:\/\/maxima-studios.com\/en\/wp-json\/wp\/v2\/media?parent=10428"}],"wp:term":[{"taxonomy":"product_cat","embeddable":true,"href":"https:\/\/maxima-studios.com\/en\/wp-json\/wp\/v2\/product_cat?post=10428"},{"taxonomy":"product_tag","embeddable":true,"href":"https:\/\/maxima-studios.com\/en\/wp-json\/wp\/v2\/product_tag?post=10428"}],"curies":[{"name":"wp","href":"https:\/\/api.w.org\/{rel}","templated":true}]}}