 {"id":10423,"date":"2024-06-12T12:22:51","date_gmt":"2024-06-12T10:22:51","guid":{"rendered":"https:\/\/maxima-studios.com\/produit\/dji-3d-focus-system-cable-usb-c\/"},"modified":"2026-04-13T20:13:16","modified_gmt":"2026-04-13T18:13:16","slug":"dji-3d-focus","status":"publish","type":"product","link":"https:\/\/maxima-studios.com\/en\/product\/dji-3d-focus\/","title":{"rendered":"DJI 3D FOCUS"},"content":{"rendered":"<p>Le DJI Syst\u00e8me Focus 3D permet d\u2019effectuer automatiquement la mise au point sur n\u2019importe quel objectif \u00e0 mise au point manuel, le tout utilis\u00e9 sur le DJI RS 2. Son syst\u00e8me de reconnaissance 3D d\u00e9tecte automatiquement la distance entre le sujet et l\u2019objectif et effectue la mise au point en cons\u00e9quence \u00e0 l\u2019aide du moteur focus DJI.<\/p>\n<p>\u00a0<\/p>\n<p>Le Syst\u00e8me Focus 3D se place au-dessus de votre bo\u00eetier via l\u2019attache cold shoe. Accessoire indispensable si vous souhaitez utiliser des optiques cin\u00e9 avec votre config RS2 et que vous \u00eates seul. Syst\u00e8me extr\u00eamement fiable.<\/p>","protected":false},"excerpt":{"rendered":"<p>Syst\u00e8me focus pour optiques manuelles\u00a0<\/p>\n<p>Compatible avec le DJI RS2\u00a0uniquement<\/p>","protected":false},"featured_media":10493,"template":"","meta":[],"product_cat":[360],"product_tag":[199,370],"class_list":{"0":"post-10423","1":"product","2":"type-product","3":"status-publish","4":"has-post-thumbnail","6":"product_cat-accessoires-gimbal","7":"product_tag-hybride-dslr","8":"product_tag-camera","10":"first","11":"instock","12":"featured","13":"taxable","14":"shipping-taxable","15":"purchasable","16":"product-type-rentable"},"_links":{"self":[{"href":"https:\/\/maxima-studios.com\/en\/wp-json\/wp\/v2\/product\/10423","targetHints":{"allow":["GET"]}}],"collection":[{"href":"https:\/\/maxima-studios.com\/en\/wp-json\/wp\/v2\/product"}],"about":[{"href":"https:\/\/maxima-studios.com\/en\/wp-json\/wp\/v2\/types\/product"}],"wp:featuredmedia":[{"embeddable":true,"href":"https:\/\/maxima-studios.com\/en\/wp-json\/wp\/v2\/media\/10493"}],"wp:attachment":[{"href":"https:\/\/maxima-studios.com\/en\/wp-json\/wp\/v2\/media?parent=10423"}],"wp:term":[{"taxonomy":"product_cat","embeddable":true,"href":"https:\/\/maxima-studios.com\/en\/wp-json\/wp\/v2\/product_cat?post=10423"},{"taxonomy":"product_tag","embeddable":true,"href":"https:\/\/maxima-studios.com\/en\/wp-json\/wp\/v2\/product_tag?post=10423"}],"curies":[{"name":"wp","href":"https:\/\/api.w.org\/{rel}","templated":true}]}}