 {"id":10421,"date":"2024-06-12T12:22:50","date_gmt":"2024-06-12T10:22:50","guid":{"rendered":"https:\/\/maxima-studios.com\/produit\/doubles-poignees-ronin-s2-smallrig\/"},"modified":"2026-04-13T20:13:07","modified_gmt":"2026-04-13T18:13:07","slug":"smallrig-poignees-ronin-rs","status":"publish","type":"product","link":"https:\/\/maxima-studios.com\/en\/product\/smallrig-poignees-ronin-rs\/","title":{"rendered":"SMALLRIG POIGN\u00c9ES RONIN RS"},"content":{"rendered":"<p>Double poign\u00e9e qui s\u2019installe sur un gimbal RS2 ou RS3 Pro via fixation NATO.<\/p>\n<p>\u00a0<\/p>\n<p>La double poign\u00e9e facilite la tenue du gimbal en permettant \u00e0 l\u2019op\u00e9rateur de manier sa config les mains bien \u00e9cart\u00e9es.<\/p>\n<p>\u00a0<\/p>\n<p>Les bras sur lesquels sont fix\u00e9es les poign\u00e9es offrent de nombreuses options de fixation (cold shoe, pas de vis Kodak 1\/4&#8243; ou Congr\u00e8s 3\/8&#8243;) afin de soutenir n\u2019importe quel accessoire. Id\u00e9al par exemple pour y installer un moniteur 5\u201d, une torche led, un micro, un transmetteur vid\u00e9o HF, etc.<\/p>\n<p>\u00a0<\/p>\n<p>La poign\u00e9e gauche peut pivoter de mani\u00e8re \u00e0 faire une top handle, utile pour les prises de vues au ras du sol.<\/p>","protected":false},"excerpt":{"rendered":"<p>Double poign\u00e9e pour Gimbal<\/p>\n<p>Compatible avec les RS2 et RS3 Pro.<\/p>\n<p>Am\u00e9liore la prise en main du gimbal<\/p>","protected":false},"featured_media":10480,"template":"","meta":[],"product_cat":[360],"product_tag":[199,370],"class_list":{"0":"post-10421","1":"product","2":"type-product","3":"status-publish","4":"has-post-thumbnail","6":"product_cat-accessoires-gimbal","7":"product_tag-hybride-dslr","8":"product_tag-camera","10":"first","11":"instock","12":"taxable","13":"shipping-taxable","14":"purchasable","15":"product-type-rentable"},"_links":{"self":[{"href":"https:\/\/maxima-studios.com\/en\/wp-json\/wp\/v2\/product\/10421","targetHints":{"allow":["GET"]}}],"collection":[{"href":"https:\/\/maxima-studios.com\/en\/wp-json\/wp\/v2\/product"}],"about":[{"href":"https:\/\/maxima-studios.com\/en\/wp-json\/wp\/v2\/types\/product"}],"wp:featuredmedia":[{"embeddable":true,"href":"https:\/\/maxima-studios.com\/en\/wp-json\/wp\/v2\/media\/10480"}],"wp:attachment":[{"href":"https:\/\/maxima-studios.com\/en\/wp-json\/wp\/v2\/media?parent=10421"}],"wp:term":[{"taxonomy":"product_cat","embeddable":true,"href":"https:\/\/maxima-studios.com\/en\/wp-json\/wp\/v2\/product_cat?post=10421"},{"taxonomy":"product_tag","embeddable":true,"href":"https:\/\/maxima-studios.com\/en\/wp-json\/wp\/v2\/product_tag?post=10421"}],"curies":[{"name":"wp","href":"https:\/\/api.w.org\/{rel}","templated":true}]}}