 {"id":10419,"date":"2024-06-12T12:22:33","date_gmt":"2024-06-12T10:22:33","guid":{"rendered":"https:\/\/maxima-studios.com\/produit\/easyrig-vario-5-stabil-g2-marteau\/"},"modified":"2026-04-13T20:12:47","modified_gmt":"2026-04-13T18:12:47","slug":"easyrig-vario-5","status":"publish","type":"product","link":"https:\/\/maxima-studios.com\/en\/product\/easyrig-vario-5\/","title":{"rendered":"EASYRIG VARIO 5"},"content":{"rendered":"<p>L&#8217;Easyrig est la solution pour les tournages longs avec configs cam\u00e9ra imposantes. Sa conception r\u00e9duit la charge support\u00e9e par les bras, les \u00e9paules et le dos pour la redistribuer sur le bas des hanches. L\u2019Easyrig supporte de configs de 5 \u00e0 25 kg et se combine parfaitement avec un Ronin 2 et une cam\u00e9ra cin\u00e9ma par exemple.<\/p>\n<p>\u00a0<\/p>\n<p>En plus de soulager du poids de la cam\u00e9ra, il offre \u00e0 l\u2019op\u00e9rateur une grande libert\u00e9 de mouvement en lui permettant de manipuler la cam\u00e9ra dans diff\u00e9rentes positions : \u00e0 hauteur d\u2019\u00e9paule, de hanche ou encore de genou. Derni\u00e8re innovation d\u2019Easyrig, le Stabilisateur G2 qui s\u2019ajoute au syst\u00e8me Vario 5 d\u00e9livre un mouvement fluide et stabilis\u00e9, tout en adoucissant les secousses li\u00e9es \u00e0 la marche de l\u2019op\u00e9rateur.<\/p>\n<p>\u00a0<\/p>\n<p>L\u2019Easyrig est lou\u00e9 avec le crochet de cam\u00e9ra standard, qui est facilement ajustable pour se fixer sur un gimbal ou une poign\u00e9e cam\u00e9ra.<\/p>\n<p>\u00a0<\/p>\n<p><strong>Points forts :\u00a0<\/strong><\/p>\n<ul>\n<li>Soulage du poids de la cam\u00e9ra<\/li>\n<li>Libert\u00e9 de mouvement<\/li>\n<li>Stabilisation suppl\u00e9mentaire gr\u00e2ce au Stabil G2<\/li>\n<\/ul>","protected":false},"excerpt":{"rendered":"<p>Harnais dorsal de support\u00a0camera<\/p>\n<p>Soulage le cadreur\u00a0du\u00a0poids de la cam\u00e9ra<\/p>\n<p>Charg\u00e9 support\u00e9e :\u00a05 &#8211; 25 kg<\/p>\n<p>Taille Ceinture :\u00a083 &#8211; 120 cm<\/p>","protected":false},"featured_media":10718,"template":"","meta":[],"product_cat":[365],"product_tag":[199,370],"class_list":{"0":"post-10419","1":"product","2":"type-product","3":"status-publish","4":"has-post-thumbnail","6":"product_cat-harnais","7":"product_tag-hybride-dslr","8":"product_tag-camera","10":"first","11":"instock","12":"featured","13":"taxable","14":"shipping-taxable","15":"purchasable","16":"product-type-rentable"},"_links":{"self":[{"href":"https:\/\/maxima-studios.com\/en\/wp-json\/wp\/v2\/product\/10419","targetHints":{"allow":["GET"]}}],"collection":[{"href":"https:\/\/maxima-studios.com\/en\/wp-json\/wp\/v2\/product"}],"about":[{"href":"https:\/\/maxima-studios.com\/en\/wp-json\/wp\/v2\/types\/product"}],"wp:featuredmedia":[{"embeddable":true,"href":"https:\/\/maxima-studios.com\/en\/wp-json\/wp\/v2\/media\/10718"}],"wp:attachment":[{"href":"https:\/\/maxima-studios.com\/en\/wp-json\/wp\/v2\/media?parent=10419"}],"wp:term":[{"taxonomy":"product_cat","embeddable":true,"href":"https:\/\/maxima-studios.com\/en\/wp-json\/wp\/v2\/product_cat?post=10419"},{"taxonomy":"product_tag","embeddable":true,"href":"https:\/\/maxima-studios.com\/en\/wp-json\/wp\/v2\/product_tag?post=10419"}],"curies":[{"name":"wp","href":"https:\/\/api.w.org\/{rel}","templated":true}]}}