 {"id":10418,"date":"2024-06-12T12:22:32","date_gmt":"2024-06-12T10:22:32","guid":{"rendered":"https:\/\/maxima-studios.com\/produit\/kit-ventouses-pro\/"},"modified":"2026-04-13T20:12:45","modified_gmt":"2026-04-13T18:12:45","slug":"kit-ventouses-pro","status":"publish","type":"product","link":"https:\/\/maxima-studios.com\/en\/product\/kit-ventouses-pro\/","title":{"rendered":"KIT VENTOUSES PRO"},"content":{"rendered":"<p>Le KIT VENTOUSE PRO est un syst\u00e8me professionnel de support de cam\u00e9ra qui permet de fixer votre cam\u00e9ra sur des surfaces planes telles que des voitures, des bateaux ou des avions. Il est con\u00e7u pour offrir une stabilit\u00e9 maximale, une grande s\u00e9curit\u00e9 et un nombre d&#8217;installations possibles dignes du grand cin\u00e9ma.<\/p>\n<p>Le KIT est compatible avec la plupart des cam\u00e9ras type RED ou ARRI, Sony FS5,Sony FX6, Blackmagic Pocket\u00a0 4K et 6K ainsi que des DSLR ou Hybrides.\u00a0 Le syst\u00e8me peut supporter un poids maximal de 10 kg jusqu&#8217;\u00e0 150km\/h, ce qui vous permet de filmer des sc\u00e8nes \u00e0 grande vitesse dignes des plus grands films d&#8217;action.\u00a0<\/p>\n<p>Le kit comprend 3 ventouses en caoutchouc haute r\u00e9sistance et plusieurs bras articul\u00e9s qui peuvent \u00eatre ajust\u00e9s pour atteindre la position de cam\u00e9ra d\u00e9sir\u00e9e.\u00a0<\/p>\n<p>Il est facile \u00e0 installer et \u00e0 enlever et ne n\u00e9cessite pas d&#8217;outils sp\u00e9ciaux. Il est \u00e9galement facile \u00e0 transporter gr\u00e2ce \u00e0 sa conception compacte.<\/p>\n<p>\u00a0<\/p>\n<p><strong>Points Forts :<\/strong><\/p>\n<ul>\n<li>Facile \u00e0 transporter et installer<\/li>\n<li>3x Ventouses haute pression et multiples bras<\/li>\n<li>2x cingles de securit\u00e9<\/li>\n<li>Plateau avec bulle integr\u00e9<\/li>\n<li>Supporte 15 kg<\/li>\n<li>Vitesse Max 150km\/h<\/li>\n<\/ul>","protected":false},"excerpt":{"rendered":"<p>Fixation ventouse<\/p>\n<p>Compatible: Toute cam\u00e9ra<\/p>\n<p>Poids Support\u00e9: 15 Kg\u00a0<\/p>\n<p>Vitesse Max: 150 Km\/h<\/p>","protected":false},"featured_media":10786,"template":"","meta":[],"product_cat":[369],"product_tag":[199,370,224],"class_list":{"0":"post-10418","1":"product","2":"type-product","3":"status-publish","4":"has-post-thumbnail","6":"product_cat-ventouse","7":"product_tag-hybride-dslr","8":"product_tag-camera","9":"product_tag-action-cam","11":"first","12":"instock","13":"taxable","14":"shipping-taxable","15":"purchasable","16":"product-type-rentable"},"yoast_head":"<!-- This site is optimized with the Yoast SEO plugin v27.3 - https:\/\/yoast.com\/product\/yoast-seo-wordpress\/ -->\n<title>KIT VENTOUSES PRO - Maximaloc<\/title>\n<meta name=\"robots\" content=\"index, follow, max-snippet:-1, max-image-preview:large, max-video-preview:-1\" \/>\n<link rel=\"canonical\" href=\"https:\/\/maxima-studios.com\/en\/product\/kit-ventouses-pro\/\" \/>\n<meta property=\"og:locale\" content=\"en_US\" \/>\n<meta property=\"og:type\" content=\"article\" \/>\n<meta property=\"og:title\" content=\"KIT VENTOUSES PRO - Maximaloc\" \/>\n<meta property=\"og:description\" content=\"Fixation ventouse Compatible: Toute cam\u00e9ra Poids Support\u00e9: 15 Kg\u00a0 Vitesse Max: 150 Km\/h\" \/>\n<meta property=\"og:url\" content=\"https:\/\/maxima-studios.com\/en\/product\/kit-ventouses-pro\/\" \/>\n<meta property=\"og:site_name\" content=\"Maximaloc\" \/>\n<meta property=\"article:publisher\" content=\"https:\/\/www.facebook.com\/Maximalocation\" \/>\n<meta property=\"article:modified_time\" content=\"2026-04-13T18:12:45+00:00\" \/>\n<meta property=\"og:image\" content=\"https:\/\/maxima-studios.com\/wp-content\/uploads\/2024\/06\/kit-ventouses-pro-1.webp\" \/>\n\t<meta property=\"og:image:width\" content=\"580\" \/>\n\t<meta property=\"og:image:height\" content=\"420\" \/>\n\t<meta property=\"og:image:type\" content=\"image\/webp\" \/>\n<meta name=\"twitter:card\" content=\"summary_large_image\" \/>\n<meta name=\"twitter:label1\" content=\"Est. reading time\" \/>\n\t<meta name=\"twitter:data1\" content=\"2 minutes\" \/>\n<script type=\"application\/ld+json\" class=\"yoast-schema-graph\">{\"@context\":\"https:\\\/\\\/schema.org\",\"@graph\":[{\"@type\":\"WebPage\",\"@id\":\"https:\\\/\\\/maxima-studios.com\\\/produit\\\/kit-ventouses-pro\\\/\",\"url\":\"https:\\\/\\\/maxima-studios.com\\\/produit\\\/kit-ventouses-pro\\\/\",\"name\":\"KIT VENTOUSES PRO - Maximaloc\",\"isPartOf\":{\"@id\":\"https:\\\/\\\/maxima-studios.com\\\/#website\"},\"primaryImageOfPage\":{\"@id\":\"https:\\\/\\\/maxima-studios.com\\\/produit\\\/kit-ventouses-pro\\\/#primaryimage\"},\"image\":{\"@id\":\"https:\\\/\\\/maxima-studios.com\\\/produit\\\/kit-ventouses-pro\\\/#primaryimage\"},\"thumbnailUrl\":\"https:\\\/\\\/maxima-studios.com\\\/wp-content\\\/uploads\\\/2024\\\/06\\\/kit-ventouses-pro-1.webp\",\"datePublished\":\"2024-06-12T10:22:32+00:00\",\"dateModified\":\"2026-04-13T18:12:45+00:00\",\"breadcrumb\":{\"@id\":\"https:\\\/\\\/maxima-studios.com\\\/produit\\\/kit-ventouses-pro\\\/#breadcrumb\"},\"inLanguage\":\"en-US\",\"potentialAction\":[{\"@type\":\"ReadAction\",\"target\":[\"https:\\\/\\\/maxima-studios.com\\\/produit\\\/kit-ventouses-pro\\\/\"]}]},{\"@type\":\"ImageObject\",\"inLanguage\":\"en-US\",\"@id\":\"https:\\\/\\\/maxima-studios.com\\\/produit\\\/kit-ventouses-pro\\\/#primaryimage\",\"url\":\"https:\\\/\\\/maxima-studios.com\\\/wp-content\\\/uploads\\\/2024\\\/06\\\/kit-ventouses-pro-1.webp\",\"contentUrl\":\"https:\\\/\\\/maxima-studios.com\\\/wp-content\\\/uploads\\\/2024\\\/06\\\/kit-ventouses-pro-1.webp\",\"width\":580,\"height\":420,\"caption\":\"Kit Ventouse Voiture avec 3 ventouses pour cameras professionnelles en location\"},{\"@type\":\"BreadcrumbList\",\"@id\":\"https:\\\/\\\/maxima-studios.com\\\/produit\\\/kit-ventouses-pro\\\/#breadcrumb\",\"itemListElement\":[{\"@type\":\"ListItem\",\"position\":1,\"name\":\"Accueil\",\"item\":\"https:\\\/\\\/maxima-studios.com\\\/\"},{\"@type\":\"ListItem\",\"position\":2,\"name\":\"BOUTIQUE\",\"item\":\"https:\\\/\\\/maxima-studios.com\\\/boutique\\\/\"},{\"@type\":\"ListItem\",\"position\":3,\"name\":\"KIT VENTOUSES PRO\"}]},{\"@type\":\"WebSite\",\"@id\":\"https:\\\/\\\/maxima-studios.com\\\/#website\",\"url\":\"https:\\\/\\\/maxima-studios.com\\\/\",\"name\":\"Maximaloc\",\"description\":\"\",\"publisher\":{\"@id\":\"https:\\\/\\\/maxima-studios.com\\\/#organization\"},\"potentialAction\":[{\"@type\":\"SearchAction\",\"target\":{\"@type\":\"EntryPoint\",\"urlTemplate\":\"https:\\\/\\\/maxima-studios.com\\\/?s={search_term_string}\"},\"query-input\":{\"@type\":\"PropertyValueSpecification\",\"valueRequired\":true,\"valueName\":\"search_term_string\"}}],\"inLanguage\":\"en-US\"},{\"@type\":\"Organization\",\"@id\":\"https:\\\/\\\/maxima-studios.com\\\/#organization\",\"name\":\"Maximaloc\",\"url\":\"https:\\\/\\\/maxima-studios.com\\\/\",\"logo\":{\"@type\":\"ImageObject\",\"inLanguage\":\"en-US\",\"@id\":\"https:\\\/\\\/maxima-studios.com\\\/#\\\/schema\\\/logo\\\/image\\\/\",\"url\":\"https:\\\/\\\/maxima-studios.com\\\/wp-content\\\/uploads\\\/2024\\\/03\\\/logo_noir-scaled.png\",\"contentUrl\":\"https:\\\/\\\/maxima-studios.com\\\/wp-content\\\/uploads\\\/2024\\\/03\\\/logo_noir-scaled.png\",\"width\":2560,\"height\":268,\"caption\":\"Maximaloc\"},\"image\":{\"@id\":\"https:\\\/\\\/maxima-studios.com\\\/#\\\/schema\\\/logo\\\/image\\\/\"},\"sameAs\":[\"https:\\\/\\\/www.facebook.com\\\/Maximalocation\"]}]}<\/script>\n<!-- \/ Yoast SEO plugin. -->","yoast_head_json":{"title":"KIT VENTOUSES PRO - Maximaloc","robots":{"index":"index","follow":"follow","max-snippet":"max-snippet:-1","max-image-preview":"max-image-preview:large","max-video-preview":"max-video-preview:-1"},"canonical":"https:\/\/maxima-studios.com\/en\/product\/kit-ventouses-pro\/","og_locale":"en_US","og_type":"article","og_title":"KIT VENTOUSES PRO - Maximaloc","og_description":"Fixation ventouse Compatible: Toute cam\u00e9ra Poids Support\u00e9: 15 Kg\u00a0 Vitesse Max: 150 Km\/h","og_url":"https:\/\/maxima-studios.com\/en\/product\/kit-ventouses-pro\/","og_site_name":"Maximaloc","article_publisher":"https:\/\/www.facebook.com\/Maximalocation","article_modified_time":"2026-04-13T18:12:45+00:00","og_image":[{"width":580,"height":420,"url":"https:\/\/maxima-studios.com\/wp-content\/uploads\/2024\/06\/kit-ventouses-pro-1.webp","type":"image\/webp"}],"twitter_card":"summary_large_image","twitter_misc":{"Est. reading time":"2 minutes"},"schema":{"@context":"https:\/\/schema.org","@graph":[{"@type":"WebPage","@id":"https:\/\/maxima-studios.com\/produit\/kit-ventouses-pro\/","url":"https:\/\/maxima-studios.com\/produit\/kit-ventouses-pro\/","name":"KIT VENTOUSES PRO - Maximaloc","isPartOf":{"@id":"https:\/\/maxima-studios.com\/#website"},"primaryImageOfPage":{"@id":"https:\/\/maxima-studios.com\/produit\/kit-ventouses-pro\/#primaryimage"},"image":{"@id":"https:\/\/maxima-studios.com\/produit\/kit-ventouses-pro\/#primaryimage"},"thumbnailUrl":"https:\/\/maxima-studios.com\/wp-content\/uploads\/2024\/06\/kit-ventouses-pro-1.webp","datePublished":"2024-06-12T10:22:32+00:00","dateModified":"2026-04-13T18:12:45+00:00","breadcrumb":{"@id":"https:\/\/maxima-studios.com\/produit\/kit-ventouses-pro\/#breadcrumb"},"inLanguage":"en-US","potentialAction":[{"@type":"ReadAction","target":["https:\/\/maxima-studios.com\/produit\/kit-ventouses-pro\/"]}]},{"@type":"ImageObject","inLanguage":"en-US","@id":"https:\/\/maxima-studios.com\/produit\/kit-ventouses-pro\/#primaryimage","url":"https:\/\/maxima-studios.com\/wp-content\/uploads\/2024\/06\/kit-ventouses-pro-1.webp","contentUrl":"https:\/\/maxima-studios.com\/wp-content\/uploads\/2024\/06\/kit-ventouses-pro-1.webp","width":580,"height":420,"caption":"Kit Ventouse Voiture avec 3 ventouses pour cameras professionnelles en location"},{"@type":"BreadcrumbList","@id":"https:\/\/maxima-studios.com\/produit\/kit-ventouses-pro\/#breadcrumb","itemListElement":[{"@type":"ListItem","position":1,"name":"Accueil","item":"https:\/\/maxima-studios.com\/"},{"@type":"ListItem","position":2,"name":"BOUTIQUE","item":"https:\/\/maxima-studios.com\/boutique\/"},{"@type":"ListItem","position":3,"name":"KIT VENTOUSES PRO"}]},{"@type":"WebSite","@id":"https:\/\/maxima-studios.com\/#website","url":"https:\/\/maxima-studios.com\/","name":"Maximaloc","description":"","publisher":{"@id":"https:\/\/maxima-studios.com\/#organization"},"potentialAction":[{"@type":"SearchAction","target":{"@type":"EntryPoint","urlTemplate":"https:\/\/maxima-studios.com\/?s={search_term_string}"},"query-input":{"@type":"PropertyValueSpecification","valueRequired":true,"valueName":"search_term_string"}}],"inLanguage":"en-US"},{"@type":"Organization","@id":"https:\/\/maxima-studios.com\/#organization","name":"Maximaloc","url":"https:\/\/maxima-studios.com\/","logo":{"@type":"ImageObject","inLanguage":"en-US","@id":"https:\/\/maxima-studios.com\/#\/schema\/logo\/image\/","url":"https:\/\/maxima-studios.com\/wp-content\/uploads\/2024\/03\/logo_noir-scaled.png","contentUrl":"https:\/\/maxima-studios.com\/wp-content\/uploads\/2024\/03\/logo_noir-scaled.png","width":2560,"height":268,"caption":"Maximaloc"},"image":{"@id":"https:\/\/maxima-studios.com\/#\/schema\/logo\/image\/"},"sameAs":["https:\/\/www.facebook.com\/Maximalocation"]}]}},"_links":{"self":[{"href":"https:\/\/maxima-studios.com\/en\/wp-json\/wp\/v2\/product\/10418","targetHints":{"allow":["GET"]}}],"collection":[{"href":"https:\/\/maxima-studios.com\/en\/wp-json\/wp\/v2\/product"}],"about":[{"href":"https:\/\/maxima-studios.com\/en\/wp-json\/wp\/v2\/types\/product"}],"wp:featuredmedia":[{"embeddable":true,"href":"https:\/\/maxima-studios.com\/en\/wp-json\/wp\/v2\/media\/10786"}],"wp:attachment":[{"href":"https:\/\/maxima-studios.com\/en\/wp-json\/wp\/v2\/media?parent=10418"}],"wp:term":[{"taxonomy":"product_cat","embeddable":true,"href":"https:\/\/maxima-studios.com\/en\/wp-json\/wp\/v2\/product_cat?post=10418"},{"taxonomy":"product_tag","embeddable":true,"href":"https:\/\/maxima-studios.com\/en\/wp-json\/wp\/v2\/product_tag?post=10418"}],"curies":[{"name":"wp","href":"https:\/\/api.w.org\/{rel}","templated":true}]}}