 {"id":10417,"date":"2024-06-12T12:22:32","date_gmt":"2024-06-12T10:22:32","guid":{"rendered":"https:\/\/maxima-studios.com\/produit\/kit-tilta-hydra-alien\/"},"modified":"2026-04-13T20:12:43","modified_gmt":"2026-04-13T18:12:43","slug":"tilta-hydra-alien","status":"publish","type":"product","link":"https:\/\/maxima-studios.com\/en\/product\/tilta-hydra-alien\/","title":{"rendered":"TILTA HYDRA ALIEN"},"content":{"rendered":"<p>Le TILTA HYDRA ALIEN est\u00a0 un syst\u00e8me professionnel de fixation cam\u00e9ra sur voiture dot\u00e9 de 3 ventouses et un support pour gimbal motoris\u00e9 DJI RONIN S2. Le Syst\u00e8me permet d&#8217;installer la cam\u00e9ra sur le capot, sur le c\u00f4t\u00e9, derri\u00e8re ou de suivre d&#8217;autres v\u00e9hicules en Camera Car afin de r\u00e9aliser des prises de vue cin\u00e9matographiques.<\/p>\n<p>Il est \u00e9quip\u00e9 de fixations sp\u00e9ciales permettant de fixer solidement leur cam\u00e9ra sur une voiture \u00e0 l&#8217;arr\u00eat ou en mouvement afin de capturer des s\u00e9quences d&#8217;action dynamiques.<\/p>\n<p>Que ca soit de la fiction, du clip, de la pub ou des vid\u00e9os reportage le Tilta Hydra Alien est l\u2019outil id\u00e9al pour r\u00e9aliser des prises de vue fluides et professionnelles de v\u00e9hicules en mouvement.<\/p>\n<p>\u00a0<\/p>\n<p>Poids support\u00e9 =\u00a0 jusqu&#8217;\u00e0 55 kg\u00a0\u00a0<\/p>\n<p>\u00a0<\/p>\n<p><strong>Points Forts :<\/strong><\/p>\n<ul>\n<li>Ventouses haute pression et multiples bras<\/li>\n<li>Fixation DJI Ronin RS2<\/li>\n<li>Fixation Retour HF et V-lock<\/li>\n<li>Supporte 55 kg en mode normal et 3 kg sur Ronin RS2<\/li>\n<li>Vitesse Max 160 km\/h<\/li>\n<\/ul>","protected":false},"excerpt":{"rendered":"<p>Fixation ventouse pour syst\u00e8me Motoris\u00e9<\/p>\n<p>Compatible : DJI Ronin RS2\/RS3\/RS3 PRO<\/p>\n<p>Supporte : Cam\u00e9ras et DSLR<\/p>\n<p>Poids Support\u00e9 : 7,5 Kg\u00a0<\/p>\n<p>Vitesse Max : 160 Km\/h<\/p>","protected":false},"featured_media":10781,"template":"","meta":[],"product_cat":[369],"product_tag":[199,370,224],"class_list":{"0":"post-10417","1":"product","2":"type-product","3":"status-publish","4":"has-post-thumbnail","6":"product_cat-ventouse","7":"product_tag-hybride-dslr","8":"product_tag-camera","9":"product_tag-action-cam","11":"first","12":"instock","13":"taxable","14":"shipping-taxable","15":"purchasable","16":"product-type-rentable"},"_links":{"self":[{"href":"https:\/\/maxima-studios.com\/en\/wp-json\/wp\/v2\/product\/10417","targetHints":{"allow":["GET"]}}],"collection":[{"href":"https:\/\/maxima-studios.com\/en\/wp-json\/wp\/v2\/product"}],"about":[{"href":"https:\/\/maxima-studios.com\/en\/wp-json\/wp\/v2\/types\/product"}],"wp:featuredmedia":[{"embeddable":true,"href":"https:\/\/maxima-studios.com\/en\/wp-json\/wp\/v2\/media\/10781"}],"wp:attachment":[{"href":"https:\/\/maxima-studios.com\/en\/wp-json\/wp\/v2\/media?parent=10417"}],"wp:term":[{"taxonomy":"product_cat","embeddable":true,"href":"https:\/\/maxima-studios.com\/en\/wp-json\/wp\/v2\/product_cat?post=10417"},{"taxonomy":"product_tag","embeddable":true,"href":"https:\/\/maxima-studios.com\/en\/wp-json\/wp\/v2\/product_tag?post=10417"}],"curies":[{"name":"wp","href":"https:\/\/api.w.org\/{rel}","templated":true}]}}