 {"id":10416,"date":"2024-06-12T12:22:31","date_gmt":"2024-06-12T10:22:31","guid":{"rendered":"https:\/\/maxima-studios.com\/produit\/manfrotto-390-mm394-monopod\/"},"modified":"2026-04-13T20:12:42","modified_gmt":"2026-04-13T18:12:42","slug":"manfrotto-monopod","status":"publish","type":"product","link":"https:\/\/maxima-studios.com\/en\/product\/manfrotto-monopod\/","title":{"rendered":"MANFROTTO MONOPOD"},"content":{"rendered":"<p>Monopode t\u00e9lescopique qui s\u2019\u00e9tend de 39 \u00e0 145 cm.\u00a0<\/p>\n<p>\u00a0<\/p>\n<p>Le bo\u00eetier se monte via la base en forme de disque avec vis Kodak 1\/4&#8243;. Le monopode supporte jusqu\u2019\u00e0 1,5 kg, ce qui convient pour des appareils compacts. Pour des appareils plus imposants, le monopode Cobra est disponible \u00e0 la location \u00e9galement.<\/p>\n<p>\u00a0<\/p>\n<p>Avec sa fabrication en aluminium, ce monopode est extr\u00eamement l\u00e9ger (330 g seulement) et facile \u00e0 transporter.\u00a0<\/p>","protected":false},"excerpt":{"rendered":"<p>Monopode Photo<\/p>\n<p>Poids support\u00e9 :\u00a0 1,5 kg<\/p>\n<p>Longueur : 39 &#8211;\u00a0145cm<\/p>\n<p>Fixation : Vis Kodak 1\/4&#8243;<\/p>","protected":false},"featured_media":13905,"template":"","meta":[],"product_cat":[15,393],"product_tag":[],"class_list":{"0":"post-10416","1":"product","2":"type-product","3":"status-publish","4":"has-post-thumbnail","6":"product_cat-non-classe","7":"product_cat-monopod","9":"first","10":"instock","11":"taxable","12":"shipping-taxable","13":"purchasable","14":"product-type-rentable"},"_links":{"self":[{"href":"https:\/\/maxima-studios.com\/en\/wp-json\/wp\/v2\/product\/10416","targetHints":{"allow":["GET"]}}],"collection":[{"href":"https:\/\/maxima-studios.com\/en\/wp-json\/wp\/v2\/product"}],"about":[{"href":"https:\/\/maxima-studios.com\/en\/wp-json\/wp\/v2\/types\/product"}],"wp:featuredmedia":[{"embeddable":true,"href":"https:\/\/maxima-studios.com\/en\/wp-json\/wp\/v2\/media\/13905"}],"wp:attachment":[{"href":"https:\/\/maxima-studios.com\/en\/wp-json\/wp\/v2\/media?parent=10416"}],"wp:term":[{"taxonomy":"product_cat","embeddable":true,"href":"https:\/\/maxima-studios.com\/en\/wp-json\/wp\/v2\/product_cat?post=10416"},{"taxonomy":"product_tag","embeddable":true,"href":"https:\/\/maxima-studios.com\/en\/wp-json\/wp\/v2\/product_tag?post=10416"}],"curies":[{"name":"wp","href":"https:\/\/api.w.org\/{rel}","templated":true}]}}