 {"id":10413,"date":"2024-06-12T12:22:29","date_gmt":"2024-06-12T10:22:29","guid":{"rendered":"https:\/\/maxima-studios.com\/produit\/machine-a-fumee-dj-hurricane-1200\/"},"modified":"2026-04-13T20:12:27","modified_gmt":"2026-04-13T18:12:27","slug":"chauvet-machine-a-fumee-1200w","status":"publish","type":"product","link":"https:\/\/maxima-studios.com\/en\/product\/chauvet-machine-a-fumee-1200w\/","title":{"rendered":"CHAUVET MACHINE \u00c0 FUM\u00c9E 1200W"},"content":{"rendered":"<p>La machine \u00e0 fum\u00e9e Chauvet Hurricane 1200 est con\u00e7ue pour produire de la fum\u00e9e artificielle sur vos tournages de clips, fictions ou des \u00e9v\u00e9nements comme des concerts et soir\u00e9es.\u00a0<\/p>\n<p>Avec un d\u00e9bit sup\u00e9rieur \u00e0 500 m\u00b3 de fum\u00e9e par minute, elle remplit sans difficult\u00e9 de grands espaces d\u2019une fum\u00e9e dense et \u00e9paisse. Son utilisation est id\u00e9ale pour instaurer des ambiances esth\u00e9tiques et faciliter les effets de lumi\u00e8re.<\/p>\n<p>Une t\u00e9l\u00e9commande filaire permet de g\u00e9rer la quantit\u00e9 de fum\u00e9e produite en jouant sur les r\u00e9glages du d\u00e9bit, de la fr\u00e9quence et de la dur\u00e9e d&#8217;\u00e9mission. Compacte et dot\u00e9e d&#8217;une poign\u00e9e de transport, cette machine \u00e0 fum\u00e9e est livr\u00e9e avec un sac de transport qui la rend facile \u00e0 d\u00e9placer et \u00e0 installer.<\/p>\n<p>Un temps de chauffe de 2 min est \u00e0 pr\u00e9voir \u00e0 l\u2019allumage. La machine est fournie avec 1L de liquide pour un total de plus de 35 min d&#8217;\u00e9mission de fum\u00e9e en continu, ce qui est largement suffisant pour la plupart des projets.\u00a0<\/p>\n<p>Possibilit\u00e9 de louer un Ecoflow Delta Pro 3,6 kWh afin d\u2019alimenter la machine \u00e0 fum\u00e9e lorsque vous n\u2019avez pas de prise secteur \u00e0 port\u00e9e de main.<\/p>\n<p>\u00a0<\/p>\n<p><strong>Points Forts :<\/strong><\/p>\n<ul>\n<li>Puissance et efficacit\u00e9 : Produit un brouillard dense et uniforme\u00a0<\/li>\n<li>Contr\u00f4le facile : D\u00e9bit, Intensit\u00e9 et fr\u00e9quence\u00a0<\/li>\n<li>Portabilit\u00e9 : Conception compacte et l\u00e9g\u00e8re<\/li>\n<\/ul>","protected":false},"excerpt":{"rendered":"<p>Machine \u00e0 fum\u00e9e<\/p>\n<p>Puissance :\u00a01180 W<\/p>\n<p>D\u00e9bit : 509 m\u00b3\/min<\/p>\n<p>T\u00e9l\u00e9commande : Filiaire 4.5m<\/p>","protected":false},"featured_media":10511,"template":"","meta":[],"product_cat":[1342,362],"product_tag":[],"class_list":{"0":"post-10413","1":"product","2":"type-product","3":"status-publish","4":"has-post-thumbnail","6":"product_cat-evenementiel","7":"product_cat-brouillard-fumee","9":"first","10":"instock","11":"taxable","12":"shipping-taxable","13":"purchasable","14":"product-type-rentable"},"yoast_head":"<!-- This site is optimized with the Yoast SEO plugin v27.3 - https:\/\/yoast.com\/product\/yoast-seo-wordpress\/ -->\n<title>CHAUVET MACHINE \u00c0 FUM\u00c9E 1200W - Maximaloc<\/title>\n<meta name=\"robots\" content=\"index, follow, max-snippet:-1, max-image-preview:large, max-video-preview:-1\" \/>\n<link rel=\"canonical\" href=\"https:\/\/maxima-studios.com\/en\/product\/chauvet-machine-a-fumee-1200w\/\" \/>\n<meta property=\"og:locale\" content=\"en_US\" \/>\n<meta property=\"og:type\" content=\"article\" \/>\n<meta property=\"og:title\" content=\"CHAUVET MACHINE \u00c0 FUM\u00c9E 1200W - Maximaloc\" \/>\n<meta property=\"og:description\" content=\"Machine \u00e0 fum\u00e9e Puissance :\u00a01180 W D\u00e9bit : 509 m\u00b3\/min T\u00e9l\u00e9commande : Filiaire 4.5m\" \/>\n<meta property=\"og:url\" content=\"https:\/\/maxima-studios.com\/en\/product\/chauvet-machine-a-fumee-1200w\/\" \/>\n<meta property=\"og:site_name\" content=\"Maximaloc\" \/>\n<meta property=\"article:publisher\" content=\"https:\/\/www.facebook.com\/Maximalocation\" \/>\n<meta property=\"article:modified_time\" content=\"2026-04-13T18:12:27+00:00\" \/>\n<meta property=\"og:image\" content=\"https:\/\/maxima-studios.com\/wp-content\/uploads\/2024\/06\/hurricane-1.webp\" \/>\n\t<meta property=\"og:image:width\" content=\"580\" \/>\n\t<meta property=\"og:image:height\" content=\"420\" \/>\n\t<meta property=\"og:image:type\" content=\"image\/webp\" \/>\n<meta name=\"twitter:card\" content=\"summary_large_image\" \/>\n<meta name=\"twitter:label1\" content=\"Est. reading time\" \/>\n\t<meta name=\"twitter:data1\" content=\"2 minutes\" \/>\n<script type=\"application\/ld+json\" class=\"yoast-schema-graph\">{\"@context\":\"https:\\\/\\\/schema.org\",\"@graph\":[{\"@type\":\"WebPage\",\"@id\":\"https:\\\/\\\/maxima-studios.com\\\/produit\\\/chauvet-machine-a-fumee-1200w\\\/\",\"url\":\"https:\\\/\\\/maxima-studios.com\\\/produit\\\/chauvet-machine-a-fumee-1200w\\\/\",\"name\":\"CHAUVET MACHINE \u00c0 FUM\u00c9E 1200W - Maximaloc\",\"isPartOf\":{\"@id\":\"https:\\\/\\\/maxima-studios.com\\\/#website\"},\"primaryImageOfPage\":{\"@id\":\"https:\\\/\\\/maxima-studios.com\\\/produit\\\/chauvet-machine-a-fumee-1200w\\\/#primaryimage\"},\"image\":{\"@id\":\"https:\\\/\\\/maxima-studios.com\\\/produit\\\/chauvet-machine-a-fumee-1200w\\\/#primaryimage\"},\"thumbnailUrl\":\"https:\\\/\\\/maxima-studios.com\\\/wp-content\\\/uploads\\\/2024\\\/06\\\/hurricane-1.webp\",\"datePublished\":\"2024-06-12T10:22:29+00:00\",\"dateModified\":\"2026-04-13T18:12:27+00:00\",\"breadcrumb\":{\"@id\":\"https:\\\/\\\/maxima-studios.com\\\/produit\\\/chauvet-machine-a-fumee-1200w\\\/#breadcrumb\"},\"inLanguage\":\"en-US\",\"potentialAction\":[{\"@type\":\"ReadAction\",\"target\":[\"https:\\\/\\\/maxima-studios.com\\\/produit\\\/chauvet-machine-a-fumee-1200w\\\/\"]}]},{\"@type\":\"ImageObject\",\"inLanguage\":\"en-US\",\"@id\":\"https:\\\/\\\/maxima-studios.com\\\/produit\\\/chauvet-machine-a-fumee-1200w\\\/#primaryimage\",\"url\":\"https:\\\/\\\/maxima-studios.com\\\/wp-content\\\/uploads\\\/2024\\\/06\\\/hurricane-1.webp\",\"contentUrl\":\"https:\\\/\\\/maxima-studios.com\\\/wp-content\\\/uploads\\\/2024\\\/06\\\/hurricane-1.webp\",\"width\":580,\"height\":420,\"caption\":\"Machine \u00e0 fum\u00e9e Chauvet hurricane 1200 ultra compacte noire en vue de face en location chez Maximaloc\"},{\"@type\":\"BreadcrumbList\",\"@id\":\"https:\\\/\\\/maxima-studios.com\\\/produit\\\/chauvet-machine-a-fumee-1200w\\\/#breadcrumb\",\"itemListElement\":[{\"@type\":\"ListItem\",\"position\":1,\"name\":\"Accueil\",\"item\":\"https:\\\/\\\/maxima-studios.com\\\/\"},{\"@type\":\"ListItem\",\"position\":2,\"name\":\"BOUTIQUE\",\"item\":\"https:\\\/\\\/maxima-studios.com\\\/boutique\\\/\"},{\"@type\":\"ListItem\",\"position\":3,\"name\":\"CHAUVET MACHINE \u00c0 FUM\u00c9E 1200W\"}]},{\"@type\":\"WebSite\",\"@id\":\"https:\\\/\\\/maxima-studios.com\\\/#website\",\"url\":\"https:\\\/\\\/maxima-studios.com\\\/\",\"name\":\"Maximaloc\",\"description\":\"\",\"publisher\":{\"@id\":\"https:\\\/\\\/maxima-studios.com\\\/#organization\"},\"potentialAction\":[{\"@type\":\"SearchAction\",\"target\":{\"@type\":\"EntryPoint\",\"urlTemplate\":\"https:\\\/\\\/maxima-studios.com\\\/?s={search_term_string}\"},\"query-input\":{\"@type\":\"PropertyValueSpecification\",\"valueRequired\":true,\"valueName\":\"search_term_string\"}}],\"inLanguage\":\"en-US\"},{\"@type\":\"Organization\",\"@id\":\"https:\\\/\\\/maxima-studios.com\\\/#organization\",\"name\":\"Maximaloc\",\"url\":\"https:\\\/\\\/maxima-studios.com\\\/\",\"logo\":{\"@type\":\"ImageObject\",\"inLanguage\":\"en-US\",\"@id\":\"https:\\\/\\\/maxima-studios.com\\\/#\\\/schema\\\/logo\\\/image\\\/\",\"url\":\"https:\\\/\\\/maxima-studios.com\\\/wp-content\\\/uploads\\\/2024\\\/03\\\/logo_noir-scaled.png\",\"contentUrl\":\"https:\\\/\\\/maxima-studios.com\\\/wp-content\\\/uploads\\\/2024\\\/03\\\/logo_noir-scaled.png\",\"width\":2560,\"height\":268,\"caption\":\"Maximaloc\"},\"image\":{\"@id\":\"https:\\\/\\\/maxima-studios.com\\\/#\\\/schema\\\/logo\\\/image\\\/\"},\"sameAs\":[\"https:\\\/\\\/www.facebook.com\\\/Maximalocation\"]}]}<\/script>\n<!-- \/ Yoast SEO plugin. -->","yoast_head_json":{"title":"CHAUVET MACHINE \u00c0 FUM\u00c9E 1200W - Maximaloc","robots":{"index":"index","follow":"follow","max-snippet":"max-snippet:-1","max-image-preview":"max-image-preview:large","max-video-preview":"max-video-preview:-1"},"canonical":"https:\/\/maxima-studios.com\/en\/product\/chauvet-machine-a-fumee-1200w\/","og_locale":"en_US","og_type":"article","og_title":"CHAUVET MACHINE \u00c0 FUM\u00c9E 1200W - Maximaloc","og_description":"Machine \u00e0 fum\u00e9e Puissance :\u00a01180 W D\u00e9bit : 509 m\u00b3\/min T\u00e9l\u00e9commande : Filiaire 4.5m","og_url":"https:\/\/maxima-studios.com\/en\/product\/chauvet-machine-a-fumee-1200w\/","og_site_name":"Maximaloc","article_publisher":"https:\/\/www.facebook.com\/Maximalocation","article_modified_time":"2026-04-13T18:12:27+00:00","og_image":[{"width":580,"height":420,"url":"https:\/\/maxima-studios.com\/wp-content\/uploads\/2024\/06\/hurricane-1.webp","type":"image\/webp"}],"twitter_card":"summary_large_image","twitter_misc":{"Est. reading time":"2 minutes"},"schema":{"@context":"https:\/\/schema.org","@graph":[{"@type":"WebPage","@id":"https:\/\/maxima-studios.com\/produit\/chauvet-machine-a-fumee-1200w\/","url":"https:\/\/maxima-studios.com\/produit\/chauvet-machine-a-fumee-1200w\/","name":"CHAUVET MACHINE \u00c0 FUM\u00c9E 1200W - Maximaloc","isPartOf":{"@id":"https:\/\/maxima-studios.com\/#website"},"primaryImageOfPage":{"@id":"https:\/\/maxima-studios.com\/produit\/chauvet-machine-a-fumee-1200w\/#primaryimage"},"image":{"@id":"https:\/\/maxima-studios.com\/produit\/chauvet-machine-a-fumee-1200w\/#primaryimage"},"thumbnailUrl":"https:\/\/maxima-studios.com\/wp-content\/uploads\/2024\/06\/hurricane-1.webp","datePublished":"2024-06-12T10:22:29+00:00","dateModified":"2026-04-13T18:12:27+00:00","breadcrumb":{"@id":"https:\/\/maxima-studios.com\/produit\/chauvet-machine-a-fumee-1200w\/#breadcrumb"},"inLanguage":"en-US","potentialAction":[{"@type":"ReadAction","target":["https:\/\/maxima-studios.com\/produit\/chauvet-machine-a-fumee-1200w\/"]}]},{"@type":"ImageObject","inLanguage":"en-US","@id":"https:\/\/maxima-studios.com\/produit\/chauvet-machine-a-fumee-1200w\/#primaryimage","url":"https:\/\/maxima-studios.com\/wp-content\/uploads\/2024\/06\/hurricane-1.webp","contentUrl":"https:\/\/maxima-studios.com\/wp-content\/uploads\/2024\/06\/hurricane-1.webp","width":580,"height":420,"caption":"Machine \u00e0 fum\u00e9e Chauvet hurricane 1200 ultra compacte noire en vue de face en location chez Maximaloc"},{"@type":"BreadcrumbList","@id":"https:\/\/maxima-studios.com\/produit\/chauvet-machine-a-fumee-1200w\/#breadcrumb","itemListElement":[{"@type":"ListItem","position":1,"name":"Accueil","item":"https:\/\/maxima-studios.com\/"},{"@type":"ListItem","position":2,"name":"BOUTIQUE","item":"https:\/\/maxima-studios.com\/boutique\/"},{"@type":"ListItem","position":3,"name":"CHAUVET MACHINE \u00c0 FUM\u00c9E 1200W"}]},{"@type":"WebSite","@id":"https:\/\/maxima-studios.com\/#website","url":"https:\/\/maxima-studios.com\/","name":"Maximaloc","description":"","publisher":{"@id":"https:\/\/maxima-studios.com\/#organization"},"potentialAction":[{"@type":"SearchAction","target":{"@type":"EntryPoint","urlTemplate":"https:\/\/maxima-studios.com\/?s={search_term_string}"},"query-input":{"@type":"PropertyValueSpecification","valueRequired":true,"valueName":"search_term_string"}}],"inLanguage":"en-US"},{"@type":"Organization","@id":"https:\/\/maxima-studios.com\/#organization","name":"Maximaloc","url":"https:\/\/maxima-studios.com\/","logo":{"@type":"ImageObject","inLanguage":"en-US","@id":"https:\/\/maxima-studios.com\/#\/schema\/logo\/image\/","url":"https:\/\/maxima-studios.com\/wp-content\/uploads\/2024\/03\/logo_noir-scaled.png","contentUrl":"https:\/\/maxima-studios.com\/wp-content\/uploads\/2024\/03\/logo_noir-scaled.png","width":2560,"height":268,"caption":"Maximaloc"},"image":{"@id":"https:\/\/maxima-studios.com\/#\/schema\/logo\/image\/"},"sameAs":["https:\/\/www.facebook.com\/Maximalocation"]}]}},"_links":{"self":[{"href":"https:\/\/maxima-studios.com\/en\/wp-json\/wp\/v2\/product\/10413","targetHints":{"allow":["GET"]}}],"collection":[{"href":"https:\/\/maxima-studios.com\/en\/wp-json\/wp\/v2\/product"}],"about":[{"href":"https:\/\/maxima-studios.com\/en\/wp-json\/wp\/v2\/types\/product"}],"wp:featuredmedia":[{"embeddable":true,"href":"https:\/\/maxima-studios.com\/en\/wp-json\/wp\/v2\/media\/10511"}],"wp:attachment":[{"href":"https:\/\/maxima-studios.com\/en\/wp-json\/wp\/v2\/media?parent=10413"}],"wp:term":[{"taxonomy":"product_cat","embeddable":true,"href":"https:\/\/maxima-studios.com\/en\/wp-json\/wp\/v2\/product_cat?post=10413"},{"taxonomy":"product_tag","embeddable":true,"href":"https:\/\/maxima-studios.com\/en\/wp-json\/wp\/v2\/product_tag?post=10413"}],"curies":[{"name":"wp","href":"https:\/\/api.w.org\/{rel}","templated":true}]}}