 {"id":10409,"date":"2024-06-12T12:14:49","date_gmt":"2024-06-12T10:14:49","guid":{"rendered":"https:\/\/maxima-studios.com\/produit\/kit-smallrig-crosse-cine-quick-release-2x-vis\/"},"modified":"2026-04-13T20:10:05","modified_gmt":"2026-04-13T18:10:05","slug":"crosse-epaule-cine-smallrig","status":"publish","type":"product","link":"https:\/\/maxima-studios.com\/en\/product\/crosse-epaule-cine-smallrig\/","title":{"rendered":"CROSSE EPAULE CINE SMALLRIG"},"content":{"rendered":"<p>Kit crosse \u00e9paule cin\u00e9 SmallRig compos\u00e9 d\u2019une \u00e9pauli\u00e8re avec poign\u00e9es et plate quick release VCT-14.<\/p>\n<p>Le support de tige est r\u00e9glable sur une hauteur de 23 mm pour permettre \u00e0 vos diff\u00e9rents accessoires mont\u00e9s sur tiges de 15 (mattebox, follow focus) de s&#8217;adapter \u00e0 votre set-up cam\u00e9ra\/optique. Un support de tige est int\u00e9gr\u00e9 \u00e0 l\u2019arri\u00e8re de la cross \u00e9galement.<\/p>\n<p>La semelle type Manfrotto 501 peut glisser d&#8217;environ 8 cm vers l&#8217;avant ou vers l&#8217;arri\u00e8re afin d\u2019ajuster rapidement la position de la cam\u00e9ra sur l\u2019\u00e9pauli\u00e8re sans avoir \u00e0 desserrer les vis de la semelle.<\/p>\n<p>En plus de deux rosettes ARRI M6 allou\u00e9es aux poign\u00e9es, deux autres rosettes plac\u00e9es au niveau du support de tige sont disponibles pour fixer des accessoires. Plusieurs pas de vis Kodak 1\/4&#8243; offrent des options de montage suppl\u00e9mentaires.<\/p>\n<p>L&#8217;\u00e9pauli\u00e8re est dot\u00e9e d&#8217;une mousse rembourr\u00e9e tr\u00e8s confortable, caract\u00e9ristique appr\u00e9ciable pour les tournages longs et avec une config cam\u00e9ra lourde.\u00a0<\/p>","protected":false},"excerpt":{"rendered":"<p>\u00c9pauli\u00e8re Cin\u00e9ma<\/p>\n<p>Support Tiges : 15mm \/ 19mm<\/p>\n<p>Poign\u00e9es : Articul\u00e9es Rosette<\/p>\n<p>Fixation Pied : Quick Release Dovetail<\/p>","protected":false},"featured_media":10587,"template":"","meta":[],"product_cat":[363],"product_tag":[199,370],"class_list":{"0":"post-10409","1":"product","2":"type-product","3":"status-publish","4":"has-post-thumbnail","6":"product_cat-epauliere-cage","7":"product_tag-hybride-dslr","8":"product_tag-camera","10":"first","11":"instock","12":"taxable","13":"shipping-taxable","14":"purchasable","15":"product-type-rentable"},"_links":{"self":[{"href":"https:\/\/maxima-studios.com\/en\/wp-json\/wp\/v2\/product\/10409","targetHints":{"allow":["GET"]}}],"collection":[{"href":"https:\/\/maxima-studios.com\/en\/wp-json\/wp\/v2\/product"}],"about":[{"href":"https:\/\/maxima-studios.com\/en\/wp-json\/wp\/v2\/types\/product"}],"wp:featuredmedia":[{"embeddable":true,"href":"https:\/\/maxima-studios.com\/en\/wp-json\/wp\/v2\/media\/10587"}],"wp:attachment":[{"href":"https:\/\/maxima-studios.com\/en\/wp-json\/wp\/v2\/media?parent=10409"}],"wp:term":[{"taxonomy":"product_cat","embeddable":true,"href":"https:\/\/maxima-studios.com\/en\/wp-json\/wp\/v2\/product_cat?post=10409"},{"taxonomy":"product_tag","embeddable":true,"href":"https:\/\/maxima-studios.com\/en\/wp-json\/wp\/v2\/product_tag?post=10409"}],"curies":[{"name":"wp","href":"https:\/\/api.w.org\/{rel}","templated":true}]}}