 {"id":10408,"date":"2024-06-12T12:14:47","date_gmt":"2024-06-12T10:14:47","guid":{"rendered":"https:\/\/maxima-studios.com\/produit\/monopod-ifootage-cobra-2-1x-vis\/"},"modified":"2026-04-13T20:09:54","modified_gmt":"2026-04-13T18:09:54","slug":"ifootage-monopod-cobra-2","status":"publish","type":"product","link":"https:\/\/maxima-studios.com\/en\/product\/ifootage-monopod-cobra-2\/","title":{"rendered":"IFOOTAGE MONOPOD COBRA 2"},"content":{"rendered":"<p>Monopode t\u00e9lescopique qui s\u2019\u00e9tend de 81 \u00e0 151 cm. Se verrouille et se d\u00e9verrouille d\u2019une simple rotation sur la bague de verrouillage, syst\u00e8me tr\u00e8s rapide et intuitif.<\/p>\n<p>\u00a0<\/p>\n<p>Le bo\u00eetier se monte via la semelle du monopode en vis Kodak 1\/4&#8243;. Le monopode supporte jusqu\u2019\u00e0 5 kg ce qui est amplement suffisant pour une config avec bo\u00eetier hybride ou r\u00e9flex.<\/p>\n<p>\u00a0<\/p>\n<p>Sa fabrication en aluminium le rend l\u00e9ger et pratique \u00e0 manipuler et \u00e0 transporter. Une ballhead est \u00e0 sa base afin de pouvoir ajuster librement l\u2019angle de prise de vue sans avoir \u00e0 d\u00e9placer le monopode.<\/p>\n<p>\u00a0<\/p>\n<p><u><strong>Points Forts :\u00a0<\/strong><\/u><\/p>\n<ul>\n<li>Syst\u00e8me rapide (Quick Release int\u00e9gr\u00e9)<\/li>\n<li>Base stable avec mouvements fluides<\/li>\n<li>Polyvalence et modularit\u00e9<br \/>\u00a0<br \/>\u00a0<br \/>\u00a0<br \/>\u00a0<\/li>\n<\/ul>","protected":false},"excerpt":{"rendered":"<p>Type : Monopode t\u00e9l\u00e9scopique<\/p>\n<p>Poids support\u00e9 : 5 kg<\/p>\n<p>Longueur : de 81 \u00e0 151 cm<\/p>","protected":false},"featured_media":13897,"template":"","meta":[],"product_cat":[15,393],"product_tag":[],"class_list":{"0":"post-10408","1":"product","2":"type-product","3":"status-publish","4":"has-post-thumbnail","6":"product_cat-non-classe","7":"product_cat-monopod","9":"first","10":"instock","11":"taxable","12":"shipping-taxable","13":"purchasable","14":"product-type-rentable"},"_links":{"self":[{"href":"https:\/\/maxima-studios.com\/en\/wp-json\/wp\/v2\/product\/10408","targetHints":{"allow":["GET"]}}],"collection":[{"href":"https:\/\/maxima-studios.com\/en\/wp-json\/wp\/v2\/product"}],"about":[{"href":"https:\/\/maxima-studios.com\/en\/wp-json\/wp\/v2\/types\/product"}],"wp:featuredmedia":[{"embeddable":true,"href":"https:\/\/maxima-studios.com\/en\/wp-json\/wp\/v2\/media\/13897"}],"wp:attachment":[{"href":"https:\/\/maxima-studios.com\/en\/wp-json\/wp\/v2\/media?parent=10408"}],"wp:term":[{"taxonomy":"product_cat","embeddable":true,"href":"https:\/\/maxima-studios.com\/en\/wp-json\/wp\/v2\/product_cat?post=10408"},{"taxonomy":"product_tag","embeddable":true,"href":"https:\/\/maxima-studios.com\/en\/wp-json\/wp\/v2\/product_tag?post=10408"}],"curies":[{"name":"wp","href":"https:\/\/api.w.org\/{rel}","templated":true}]}}