 {"id":10406,"date":"2024-06-12T12:06:14","date_gmt":"2024-06-12T10:06:14","guid":{"rendered":"https:\/\/maxima-studios.com\/produit\/caisson-etanche-gopro\/"},"modified":"2026-04-13T20:06:47","modified_gmt":"2026-04-13T18:06:47","slug":"gopro-caisson-etanche","status":"publish","type":"product","link":"https:\/\/maxima-studios.com\/en\/product\/gopro-caisson-etanche\/","title":{"rendered":"GOPRO CAISSON \u00c9TANCHE"},"content":{"rendered":"<p>Ce bo\u00eetier \u00e9tanche vous permet d\u2019emmener votre GoPro jusqu\u2019\u00e0 60 m\u00e8tres de profondeur.\u00a0<\/p>\n<p>Il est \u00e9galement parfaitement adapt\u00e9 pour prot\u00e9ger votre cam\u00e9ra durant les prises de vues risqu\u00e9es ou salissantes. Le caisson est compatible avec les GoPro 9, 10, 11 et 12.<\/p>","protected":false},"excerpt":{"rendered":"<p>Caisson \u00e9tanche \/ protection<\/p>\n<p>Compatible : Gopro\u00a0 9,10,11,12<\/p>\n<p>Etanch\u00e9it\u00e9 =\u00a0max 60m<\/p>","protected":false},"featured_media":10475,"template":"","meta":[],"product_cat":[361],"product_tag":[224],"class_list":{"0":"post-10406","1":"product","2":"type-product","3":"status-publish","4":"has-post-thumbnail","6":"product_cat-accessoires-gopro","7":"product_tag-action-cam","9":"first","10":"instock","11":"taxable","12":"shipping-taxable","13":"purchasable","14":"product-type-rentable"},"_links":{"self":[{"href":"https:\/\/maxima-studios.com\/en\/wp-json\/wp\/v2\/product\/10406","targetHints":{"allow":["GET"]}}],"collection":[{"href":"https:\/\/maxima-studios.com\/en\/wp-json\/wp\/v2\/product"}],"about":[{"href":"https:\/\/maxima-studios.com\/en\/wp-json\/wp\/v2\/types\/product"}],"wp:featuredmedia":[{"embeddable":true,"href":"https:\/\/maxima-studios.com\/en\/wp-json\/wp\/v2\/media\/10475"}],"wp:attachment":[{"href":"https:\/\/maxima-studios.com\/en\/wp-json\/wp\/v2\/media?parent=10406"}],"wp:term":[{"taxonomy":"product_cat","embeddable":true,"href":"https:\/\/maxima-studios.com\/en\/wp-json\/wp\/v2\/product_cat?post=10406"},{"taxonomy":"product_tag","embeddable":true,"href":"https:\/\/maxima-studios.com\/en\/wp-json\/wp\/v2\/product_tag?post=10406"}],"curies":[{"name":"wp","href":"https:\/\/api.w.org\/{rel}","templated":true}]}}