 {"id":10401,"date":"2024-06-12T12:06:11","date_gmt":"2024-06-12T10:06:11","guid":{"rendered":"https:\/\/maxima-studios.com\/produit\/ventouse-gopro-vis\/"},"modified":"2026-04-13T20:06:44","modified_gmt":"2026-04-13T18:06:44","slug":"gopro-ventouse","status":"publish","type":"product","link":"https:\/\/maxima-studios.com\/en\/product\/gopro-ventouse\/","title":{"rendered":"GOPRO VENTOUSE"},"content":{"rendered":"<p>Fixez votre GoPro sur des voitures, des bateaux, des motos et plus encore. Ce support de ventouse\u00a0r\u00e9siste\u00a0\u00e0 des vitesses de plus de 200\u00a0km\/h et est con\u00e7u pour assurer une stabilit\u00e9 ainsi qu\u2019une mobilit\u00e9 sup\u00e9rieures. Les bras r\u00e9glables permettent un montage ultra-compact. Pour une force de maintien maximale, fixez-la sur une surface propre.<\/p>","protected":false},"excerpt":{"rendered":"<p>Fixation Ventouse pour cameras Gopro \/ InstaOne<\/p>\n<p>Vitesse Max 200 Km\/h<\/p>","protected":false},"featured_media":10508,"template":"","meta":[],"product_cat":[369],"product_tag":[224],"class_list":{"0":"post-10401","1":"product","2":"type-product","3":"status-publish","4":"has-post-thumbnail","6":"product_cat-ventouse","7":"product_tag-action-cam","9":"first","10":"instock","11":"taxable","12":"shipping-taxable","13":"purchasable","14":"product-type-rentable"},"_links":{"self":[{"href":"https:\/\/maxima-studios.com\/en\/wp-json\/wp\/v2\/product\/10401","targetHints":{"allow":["GET"]}}],"collection":[{"href":"https:\/\/maxima-studios.com\/en\/wp-json\/wp\/v2\/product"}],"about":[{"href":"https:\/\/maxima-studios.com\/en\/wp-json\/wp\/v2\/types\/product"}],"wp:featuredmedia":[{"embeddable":true,"href":"https:\/\/maxima-studios.com\/en\/wp-json\/wp\/v2\/media\/10508"}],"wp:attachment":[{"href":"https:\/\/maxima-studios.com\/en\/wp-json\/wp\/v2\/media?parent=10401"}],"wp:term":[{"taxonomy":"product_cat","embeddable":true,"href":"https:\/\/maxima-studios.com\/en\/wp-json\/wp\/v2\/product_cat?post=10401"},{"taxonomy":"product_tag","embeddable":true,"href":"https:\/\/maxima-studios.com\/en\/wp-json\/wp\/v2\/product_tag?post=10401"}],"curies":[{"name":"wp","href":"https:\/\/api.w.org\/{rel}","templated":true}]}}