 {"id":10115,"date":"2024-06-11T14:56:50","date_gmt":"2024-06-11T12:56:50","guid":{"rendered":"https:\/\/maxima-studios.com\/produit\/sennheiser-mkh-416\/"},"modified":"2026-04-13T20:46:16","modified_gmt":"2026-04-13T18:46:16","slug":"sennheiser-mkh-416","status":"publish","type":"product","link":"https:\/\/maxima-studios.com\/en\/product\/sennheiser-mkh-416\/","title":{"rendered":"SENNHEISER MKH 416"},"content":{"rendered":"<p>Le SENNHEISER MKH 416 est un microphone \u00e0 condensateur \u00e0 canon court, hautement appr\u00e9ci\u00e9\u00a0pour sa grande qualit\u00e9 sonore et sa fiabilit\u00e9.\u00a0Le MKH 416 est r\u00e9put\u00e9 pour sa construction robuste et sa r\u00e9sistance \u00e0 l&#8217;humidit\u00e9, le rendant fiable dans des conditions m\u00e9t\u00e9orologiques difficiles surtout en ext\u00e9rieur.<\/p>\n<p>Le MKH416 a une Directivit\u00e9 Supercardio\u00efde\/Lobe caract\u00e9ristique qui permet une captation pr\u00e9cise de la source sonore principale tout en minimisant les bruits ind\u00e9sirables provenant des c\u00f4t\u00e9s et de l&#8217;arri\u00e8re. Id\u00e9al pour isoler le sujet dans des environnements bruyants.<\/p>\n<p>Con\u00e7u pour capter les sons \u00e0 distance, il est souvent utilis\u00e9 pour la prise de son sur les plateaux de tournage, en ext\u00e9rieur comme en studio, ainsi que pour les enregistrements de voix off et les podcasts.<\/p>\n<p>\u00a0<\/p>\n<p><strong>Points Forts :<\/strong><\/p>\n<ul>\n<li>Directivit\u00e9 Supercardio\u00efde\/Lobe<\/li>\n<li>Haute qualit\u00e9 Sonore<\/li>\n<li>Bruit propre extr\u00eamement faible<\/li>\n<li>Robuste et fiable\u00a0<\/li>\n<li>Alim fant\u00f4me 48V<\/li>\n<\/ul>","protected":false},"excerpt":{"rendered":"<p>Micro perche \/ Cam\u00e9ra<\/p>\n<p>Directivit\u00e9 : Supercardio\u00efde<\/p>\n<p>Connectique : XLR 3<\/p>\n<p>Alim : 48V\u00a0\u00a0<\/p>","protected":false},"featured_media":10328,"template":"","meta":[],"product_cat":[338],"product_tag":[346],"class_list":{"0":"post-10115","1":"product","2":"type-product","3":"status-publish","4":"has-post-thumbnail","6":"product_cat-micros-categorie","7":"product_tag-micro-canon","9":"first","10":"instock","11":"featured","12":"taxable","13":"shipping-taxable","14":"purchasable","15":"product-type-rentable"},"_links":{"self":[{"href":"https:\/\/maxima-studios.com\/en\/wp-json\/wp\/v2\/product\/10115","targetHints":{"allow":["GET"]}}],"collection":[{"href":"https:\/\/maxima-studios.com\/en\/wp-json\/wp\/v2\/product"}],"about":[{"href":"https:\/\/maxima-studios.com\/en\/wp-json\/wp\/v2\/types\/product"}],"wp:featuredmedia":[{"embeddable":true,"href":"https:\/\/maxima-studios.com\/en\/wp-json\/wp\/v2\/media\/10328"}],"wp:attachment":[{"href":"https:\/\/maxima-studios.com\/en\/wp-json\/wp\/v2\/media?parent=10115"}],"wp:term":[{"taxonomy":"product_cat","embeddable":true,"href":"https:\/\/maxima-studios.com\/en\/wp-json\/wp\/v2\/product_cat?post=10115"},{"taxonomy":"product_tag","embeddable":true,"href":"https:\/\/maxima-studios.com\/en\/wp-json\/wp\/v2\/product_tag?post=10115"}],"curies":[{"name":"wp","href":"https:\/\/api.w.org\/{rel}","templated":true}]}}