 {"id":10114,"date":"2024-06-11T14:56:29","date_gmt":"2024-06-11T12:56:29","guid":{"rendered":"https:\/\/maxima-studios.com\/produit\/kit-2x-enceintes-bluetooth-2000w\/"},"modified":"2026-04-13T20:45:59","modified_gmt":"2026-04-13T18:45:59","slug":"kit-2x-enceintes-2000w","status":"publish","type":"product","link":"https:\/\/maxima-studios.com\/en\/product\/kit-2x-enceintes-2000w\/","title":{"rendered":"KIT 2x ENCEINTES 2000W"},"content":{"rendered":"<p>&#8216;Alto TS408 est une enceinte amplifi\u00e9e con\u00e7ue pour une utilisation en live ou pour les installations audio. Avec une puissance de sortie en cr\u00eate de 2000 W et une puissance moyenne de 1000\u00a0W RMS, cette enceinte d\u00e9livre un son clair et puissant.<\/p>\n<p>\u00a0<\/p>\n<p>Elle poss\u00e8de 2 entr\u00e9es et une sortie MIX OUT XLR3 pour une connectivit\u00e9 avec une large gamme d&#8217;appareils audio ainsi qu&#8217;une connectique Bluetooth. Son bo\u00eetier en polypropyl\u00e8ne offre une protection efficace contre les chocs et les vibrations, tandis que la grille en acier robuste prot\u00e8ge les haut-parleurs. L&#8217;enceinte int\u00e8gre une poign\u00e9e ergonomique pour un transport facile, elle est lou\u00e9e \u00e9galement avec une housse.<\/p>\n<p>\u00a0<\/p>\n<p><strong>Points Forts :\u00a0<\/strong><\/p>\n<ul>\n<li>Puissance 2000W<\/li>\n<li>Bluetooth<\/li>\n<li>2x Entr\u00e9es XLR3<\/li>\n<li>Construction solide<\/li>\n<li>DSP int\u00e9gr\u00e9<\/li>\n<\/ul>","protected":false},"excerpt":{"rendered":"<p>Enceintes sur pied<\/p>\n<p>Puissance : 2000W<\/p>\n<p>Connectiques : XLR3 \/ Bluetooth<\/p>","protected":false},"featured_media":10391,"template":"","meta":[],"product_cat":[340],"product_tag":[358,357],"class_list":{"0":"post-10114","1":"product","2":"type-product","3":"status-publish","4":"has-post-thumbnail","6":"product_cat-enceintes-categorie","7":"product_tag-xlr-bluetooth","8":"product_tag-enceinte-2000w","10":"first","11":"instock","12":"taxable","13":"shipping-taxable","14":"purchasable","15":"product-type-rentable"},"_links":{"self":[{"href":"https:\/\/maxima-studios.com\/en\/wp-json\/wp\/v2\/product\/10114","targetHints":{"allow":["GET"]}}],"collection":[{"href":"https:\/\/maxima-studios.com\/en\/wp-json\/wp\/v2\/product"}],"about":[{"href":"https:\/\/maxima-studios.com\/en\/wp-json\/wp\/v2\/types\/product"}],"wp:featuredmedia":[{"embeddable":true,"href":"https:\/\/maxima-studios.com\/en\/wp-json\/wp\/v2\/media\/10391"}],"wp:attachment":[{"href":"https:\/\/maxima-studios.com\/en\/wp-json\/wp\/v2\/media?parent=10114"}],"wp:term":[{"taxonomy":"product_cat","embeddable":true,"href":"https:\/\/maxima-studios.com\/en\/wp-json\/wp\/v2\/product_cat?post=10114"},{"taxonomy":"product_tag","embeddable":true,"href":"https:\/\/maxima-studios.com\/en\/wp-json\/wp\/v2\/product_tag?post=10114"}],"curies":[{"name":"wp","href":"https:\/\/api.w.org\/{rel}","templated":true}]}}