 {"id":10113,"date":"2024-06-11T14:56:29","date_gmt":"2024-06-11T12:56:29","guid":{"rendered":"https:\/\/maxima-studios.com\/produit\/enceinte-bluetooth-1000w\/"},"modified":"2026-04-13T20:46:33","modified_gmt":"2026-04-13T18:46:33","slug":"enceinte-bluetooth-2000w","status":"publish","type":"product","link":"https:\/\/maxima-studios.com\/en\/product\/enceinte-bluetooth-2000w\/","title":{"rendered":"ENCEINTE BLUETOOTH 2000W"},"content":{"rendered":"<p>L&#8217;Alto TS408 est une enceinte amplifi\u00e9e con\u00e7ue pour une utilisation en live ou pour les installations audio. Avec une puissance de sortie en cr\u00eate de 2000 W et une puissance moyenne de 1000\u00a0W RMS, cette enceinte d\u00e9livre un son clair et puissant.<\/p>\n<p>\u00a0<\/p>\n<p>Elle poss\u00e8de 2 entr\u00e9es et une sortie MIX OUT XLR3 pour une connectivit\u00e9 avec une large gamme d&#8217;appareils audio ainsi qu&#8217;une connectique Bluetooth. Son bo\u00eetier en polypropyl\u00e8ne offre une protection efficace contre les chocs et les vibrations, tandis que la grille en acier robuste prot\u00e8ge les haut-parleurs. L&#8217;enceinte int\u00e8gre une poign\u00e9e ergonomique pour un transport facile, elle est lou\u00e9e \u00e9galement avec une housse.<\/p>\n<p>\u00a0<\/p>\n<p><strong>Points Forts :\u00a0<\/strong><\/p>\n<ul>\n<li>Puissance 2000W<\/li>\n<li>Bluetooth<\/li>\n<li>2x Entr\u00e9es XLR3<\/li>\n<li>Construction solide<\/li>\n<li>Poign\u00e9e int\u00e9gr\u00e9e<\/li>\n<\/ul>","protected":false},"excerpt":{"rendered":"<p>Enceintes sur pied<\/p>\n<p>Puissance : 2000W<\/p>\n<p>Connectiques : XLR3 \/ Bluetooth<\/p>","protected":false},"featured_media":0,"template":"","meta":[],"product_cat":[1342,340],"product_tag":[351,355,358,357],"class_list":{"0":"post-10113","1":"product","2":"type-product","3":"status-publish","5":"product_cat-evenementiel","6":"product_cat-enceintes-categorie","7":"product_tag-bluetooth","8":"product_tag-xlr","9":"product_tag-xlr-bluetooth","10":"product_tag-enceinte-2000w","12":"first","13":"instock","14":"taxable","15":"shipping-taxable","16":"purchasable","17":"product-type-rentable"},"yoast_head":"<!-- This site is optimized with the Yoast SEO plugin v27.3 - https:\/\/yoast.com\/product\/yoast-seo-wordpress\/ -->\n<title>ENCEINTE BLUETOOTH 2000W - Maximaloc<\/title>\n<meta name=\"robots\" content=\"index, follow, max-snippet:-1, max-image-preview:large, max-video-preview:-1\" \/>\n<link rel=\"canonical\" href=\"https:\/\/maxima-studios.com\/en\/product\/enceinte-bluetooth-2000w\/\" \/>\n<meta property=\"og:locale\" content=\"en_US\" \/>\n<meta property=\"og:type\" content=\"article\" \/>\n<meta property=\"og:title\" content=\"ENCEINTE BLUETOOTH 2000W - Maximaloc\" \/>\n<meta property=\"og:description\" content=\"Enceintes sur pied Puissance : 2000W Connectiques : XLR3 \/ Bluetooth\" \/>\n<meta property=\"og:url\" content=\"https:\/\/maxima-studios.com\/en\/product\/enceinte-bluetooth-2000w\/\" \/>\n<meta property=\"og:site_name\" content=\"Maximaloc\" \/>\n<meta property=\"article:publisher\" content=\"https:\/\/www.facebook.com\/Maximalocation\" \/>\n<meta property=\"article:modified_time\" content=\"2026-04-13T18:46:33+00:00\" \/>\n<meta property=\"og:image\" content=\"https:\/\/maxima-studios.com\/wp-content\/uploads\/2024\/06\/enceinte-2000w-1.webp\" \/>\n\t<meta property=\"og:image:width\" content=\"580\" \/>\n\t<meta property=\"og:image:height\" content=\"420\" \/>\n\t<meta property=\"og:image:type\" content=\"image\/webp\" \/>\n<meta name=\"twitter:card\" content=\"summary_large_image\" \/>\n<meta name=\"twitter:label1\" content=\"Est. reading time\" \/>\n\t<meta name=\"twitter:data1\" content=\"1 minute\" \/>\n<script type=\"application\/ld+json\" class=\"yoast-schema-graph\">{\"@context\":\"https:\\\/\\\/schema.org\",\"@graph\":[{\"@type\":\"WebPage\",\"@id\":\"https:\\\/\\\/maxima-studios.com\\\/produit\\\/enceinte-bluetooth-2000w\\\/\",\"url\":\"https:\\\/\\\/maxima-studios.com\\\/produit\\\/enceinte-bluetooth-2000w\\\/\",\"name\":\"ENCEINTE BLUETOOTH 2000W - Maximaloc\",\"isPartOf\":{\"@id\":\"https:\\\/\\\/maxima-studios.com\\\/#website\"},\"datePublished\":\"2024-06-11T12:56:29+00:00\",\"dateModified\":\"2026-04-13T18:46:33+00:00\",\"breadcrumb\":{\"@id\":\"https:\\\/\\\/maxima-studios.com\\\/produit\\\/enceinte-bluetooth-2000w\\\/#breadcrumb\"},\"inLanguage\":\"en-US\",\"potentialAction\":[{\"@type\":\"ReadAction\",\"target\":[\"https:\\\/\\\/maxima-studios.com\\\/produit\\\/enceinte-bluetooth-2000w\\\/\"]}]},{\"@type\":\"BreadcrumbList\",\"@id\":\"https:\\\/\\\/maxima-studios.com\\\/produit\\\/enceinte-bluetooth-2000w\\\/#breadcrumb\",\"itemListElement\":[{\"@type\":\"ListItem\",\"position\":1,\"name\":\"Accueil\",\"item\":\"https:\\\/\\\/maxima-studios.com\\\/\"},{\"@type\":\"ListItem\",\"position\":2,\"name\":\"BOUTIQUE\",\"item\":\"https:\\\/\\\/maxima-studios.com\\\/boutique\\\/\"},{\"@type\":\"ListItem\",\"position\":3,\"name\":\"ENCEINTE BLUETOOTH 2000W\"}]},{\"@type\":\"WebSite\",\"@id\":\"https:\\\/\\\/maxima-studios.com\\\/#website\",\"url\":\"https:\\\/\\\/maxima-studios.com\\\/\",\"name\":\"Maximaloc\",\"description\":\"\",\"publisher\":{\"@id\":\"https:\\\/\\\/maxima-studios.com\\\/#organization\"},\"potentialAction\":[{\"@type\":\"SearchAction\",\"target\":{\"@type\":\"EntryPoint\",\"urlTemplate\":\"https:\\\/\\\/maxima-studios.com\\\/?s={search_term_string}\"},\"query-input\":{\"@type\":\"PropertyValueSpecification\",\"valueRequired\":true,\"valueName\":\"search_term_string\"}}],\"inLanguage\":\"en-US\"},{\"@type\":\"Organization\",\"@id\":\"https:\\\/\\\/maxima-studios.com\\\/#organization\",\"name\":\"Maximaloc\",\"url\":\"https:\\\/\\\/maxima-studios.com\\\/\",\"logo\":{\"@type\":\"ImageObject\",\"inLanguage\":\"en-US\",\"@id\":\"https:\\\/\\\/maxima-studios.com\\\/#\\\/schema\\\/logo\\\/image\\\/\",\"url\":\"https:\\\/\\\/maxima-studios.com\\\/wp-content\\\/uploads\\\/2024\\\/03\\\/logo_noir-scaled.png\",\"contentUrl\":\"https:\\\/\\\/maxima-studios.com\\\/wp-content\\\/uploads\\\/2024\\\/03\\\/logo_noir-scaled.png\",\"width\":2560,\"height\":268,\"caption\":\"Maximaloc\"},\"image\":{\"@id\":\"https:\\\/\\\/maxima-studios.com\\\/#\\\/schema\\\/logo\\\/image\\\/\"},\"sameAs\":[\"https:\\\/\\\/www.facebook.com\\\/Maximalocation\"]}]}<\/script>\n<!-- \/ Yoast SEO plugin. -->","yoast_head_json":{"title":"ENCEINTE BLUETOOTH 2000W - Maximaloc","robots":{"index":"index","follow":"follow","max-snippet":"max-snippet:-1","max-image-preview":"max-image-preview:large","max-video-preview":"max-video-preview:-1"},"canonical":"https:\/\/maxima-studios.com\/en\/product\/enceinte-bluetooth-2000w\/","og_locale":"en_US","og_type":"article","og_title":"ENCEINTE BLUETOOTH 2000W - Maximaloc","og_description":"Enceintes sur pied Puissance : 2000W Connectiques : XLR3 \/ Bluetooth","og_url":"https:\/\/maxima-studios.com\/en\/product\/enceinte-bluetooth-2000w\/","og_site_name":"Maximaloc","article_publisher":"https:\/\/www.facebook.com\/Maximalocation","article_modified_time":"2026-04-13T18:46:33+00:00","og_image":[{"width":580,"height":420,"url":"https:\/\/maxima-studios.com\/wp-content\/uploads\/2024\/06\/enceinte-2000w-1.webp","type":"image\/webp"}],"twitter_card":"summary_large_image","twitter_misc":{"Est. reading time":"1 minute"},"schema":{"@context":"https:\/\/schema.org","@graph":[{"@type":"WebPage","@id":"https:\/\/maxima-studios.com\/produit\/enceinte-bluetooth-2000w\/","url":"https:\/\/maxima-studios.com\/produit\/enceinte-bluetooth-2000w\/","name":"ENCEINTE BLUETOOTH 2000W - Maximaloc","isPartOf":{"@id":"https:\/\/maxima-studios.com\/#website"},"datePublished":"2024-06-11T12:56:29+00:00","dateModified":"2026-04-13T18:46:33+00:00","breadcrumb":{"@id":"https:\/\/maxima-studios.com\/produit\/enceinte-bluetooth-2000w\/#breadcrumb"},"inLanguage":"en-US","potentialAction":[{"@type":"ReadAction","target":["https:\/\/maxima-studios.com\/produit\/enceinte-bluetooth-2000w\/"]}]},{"@type":"BreadcrumbList","@id":"https:\/\/maxima-studios.com\/produit\/enceinte-bluetooth-2000w\/#breadcrumb","itemListElement":[{"@type":"ListItem","position":1,"name":"Accueil","item":"https:\/\/maxima-studios.com\/"},{"@type":"ListItem","position":2,"name":"BOUTIQUE","item":"https:\/\/maxima-studios.com\/boutique\/"},{"@type":"ListItem","position":3,"name":"ENCEINTE BLUETOOTH 2000W"}]},{"@type":"WebSite","@id":"https:\/\/maxima-studios.com\/#website","url":"https:\/\/maxima-studios.com\/","name":"Maximaloc","description":"","publisher":{"@id":"https:\/\/maxima-studios.com\/#organization"},"potentialAction":[{"@type":"SearchAction","target":{"@type":"EntryPoint","urlTemplate":"https:\/\/maxima-studios.com\/?s={search_term_string}"},"query-input":{"@type":"PropertyValueSpecification","valueRequired":true,"valueName":"search_term_string"}}],"inLanguage":"en-US"},{"@type":"Organization","@id":"https:\/\/maxima-studios.com\/#organization","name":"Maximaloc","url":"https:\/\/maxima-studios.com\/","logo":{"@type":"ImageObject","inLanguage":"en-US","@id":"https:\/\/maxima-studios.com\/#\/schema\/logo\/image\/","url":"https:\/\/maxima-studios.com\/wp-content\/uploads\/2024\/03\/logo_noir-scaled.png","contentUrl":"https:\/\/maxima-studios.com\/wp-content\/uploads\/2024\/03\/logo_noir-scaled.png","width":2560,"height":268,"caption":"Maximaloc"},"image":{"@id":"https:\/\/maxima-studios.com\/#\/schema\/logo\/image\/"},"sameAs":["https:\/\/www.facebook.com\/Maximalocation"]}]}},"_links":{"self":[{"href":"https:\/\/maxima-studios.com\/en\/wp-json\/wp\/v2\/product\/10113","targetHints":{"allow":["GET"]}}],"collection":[{"href":"https:\/\/maxima-studios.com\/en\/wp-json\/wp\/v2\/product"}],"about":[{"href":"https:\/\/maxima-studios.com\/en\/wp-json\/wp\/v2\/types\/product"}],"wp:attachment":[{"href":"https:\/\/maxima-studios.com\/en\/wp-json\/wp\/v2\/media?parent=10113"}],"wp:term":[{"taxonomy":"product_cat","embeddable":true,"href":"https:\/\/maxima-studios.com\/en\/wp-json\/wp\/v2\/product_cat?post=10113"},{"taxonomy":"product_tag","embeddable":true,"href":"https:\/\/maxima-studios.com\/en\/wp-json\/wp\/v2\/product_tag?post=10113"}],"curies":[{"name":"wp","href":"https:\/\/api.w.org\/{rel}","templated":true}]}}