 {"id":10112,"date":"2024-06-11T14:56:28","date_gmt":"2024-06-11T12:56:28","guid":{"rendered":"https:\/\/maxima-studios.com\/produit\/enceinte-350w\/"},"modified":"2026-04-13T20:47:18","modified_gmt":"2026-04-13T18:47:18","slug":"enceinte-350w","status":"publish","type":"product","link":"https:\/\/maxima-studios.com\/en\/product\/enceinte-350w\/","title":{"rendered":"ENCEINTE 350W"},"content":{"rendered":"<p>L&#8217;Alto TX308 est une enceinte amplifi\u00e9e con\u00e7ue pour une utilisation en live ou pour les installations audio. Avec une puissance de sortie en cr\u00eate de 350 W et une puissance moyenne de 175 W RMS, cette enceinte d\u00e9livre un son clair et puissant.<\/p>\n<p>\u00a0<\/p>\n<p>Elle poss\u00e8de une entr\u00e9e et une sortie XLR3 pour une connectivit\u00e9 avec une large gamme d&#8217;appareils audio. Son bo\u00eetier en polypropyl\u00e8ne offre une protection efficace contre les chocs et les vibrations, tandis que la grille en acier robuste prot\u00e8ge les haut-parleurs. L&#8217;enceinte int\u00e8gre une poign\u00e9e ergonomique pour un transport facile, elle est lou\u00e9e \u00e9galement avec une housse.<\/p>\n<p>\u00a0<\/p>\n<p><strong>Points Forts :\u00a0<\/strong><\/p>\n<ul>\n<li>Puissance de sortie \u00e9lev\u00e9e pour une enceinte compacte<\/li>\n<li>Construction solide<\/li>\n<li>Poign\u00e9e int\u00e9gr\u00e9e<\/li>\n<\/ul>","protected":false},"excerpt":{"rendered":"<p>Enceintes sur pied<\/p>\n<p>Puissance : 350W<\/p>\n<p>Alimentation : secteur<\/p>\n<p>Connectiques : XLR3<\/p>","protected":false},"featured_media":10370,"template":"","meta":[],"product_cat":[1342,340],"product_tag":[355,354],"class_list":{"0":"post-10112","1":"product","2":"type-product","3":"status-publish","4":"has-post-thumbnail","6":"product_cat-evenementiel","7":"product_cat-enceintes-categorie","8":"product_tag-xlr","9":"product_tag-enceinte-350w","11":"first","12":"instock","13":"taxable","14":"shipping-taxable","15":"purchasable","16":"product-type-rentable"},"_links":{"self":[{"href":"https:\/\/maxima-studios.com\/en\/wp-json\/wp\/v2\/product\/10112","targetHints":{"allow":["GET"]}}],"collection":[{"href":"https:\/\/maxima-studios.com\/en\/wp-json\/wp\/v2\/product"}],"about":[{"href":"https:\/\/maxima-studios.com\/en\/wp-json\/wp\/v2\/types\/product"}],"wp:featuredmedia":[{"embeddable":true,"href":"https:\/\/maxima-studios.com\/en\/wp-json\/wp\/v2\/media\/10370"}],"wp:attachment":[{"href":"https:\/\/maxima-studios.com\/en\/wp-json\/wp\/v2\/media?parent=10112"}],"wp:term":[{"taxonomy":"product_cat","embeddable":true,"href":"https:\/\/maxima-studios.com\/en\/wp-json\/wp\/v2\/product_cat?post=10112"},{"taxonomy":"product_tag","embeddable":true,"href":"https:\/\/maxima-studios.com\/en\/wp-json\/wp\/v2\/product_tag?post=10112"}],"curies":[{"name":"wp","href":"https:\/\/api.w.org\/{rel}","templated":true}]}}