 {"id":10105,"date":"2024-06-11T14:56:03","date_gmt":"2024-06-11T12:56:03","guid":{"rendered":"https:\/\/maxima-studios.com\/produit\/sony-k3m-xlr\/"},"modified":"2026-04-13T20:15:35","modified_gmt":"2026-04-13T18:15:35","slug":"sony-k3m-xlr","status":"publish","type":"product","link":"https:\/\/maxima-studios.com\/en\/product\/sony-k3m-xlr\/","title":{"rendered":"SONY K3M XLR"},"content":{"rendered":"<p>Le Sony XLR-K3M est un adaptateur audio XLR qui vous permet de connecter des microphones en XLR3 ou mini jack \u00e0 des cam\u00e9ras \u00e9quip\u00e9es d&#8217;une griffe multi-interface Sony.\u00a0<\/p>\n<p>\u00a0<\/p>\n<p>Le XLR-K3M dispose de deux entr\u00e9es XLR3 avec alimentation fant\u00f4me 48 V et d&#8217;une entr\u00e9e st\u00e9r\u00e9o 3,5 mm avec commandes de niveau individuelles.\u00a0<\/p>\n<p>\u00a0<\/p>\n<p>Une conception avanc\u00e9e de suppression des chocs et des vibrations minimise efficacement les basses fr\u00e9quences et les bruits de manipulation, qui peuvent d\u00e9grader la qualit\u00e9 audio. L&#8217;absence de c\u00e2bles de connexion, lorsqu&#8217;elle est utilis\u00e9e avec une chaussure MI compatible, signifie \u00e9galement qu&#8217;aucun bruit ne peut \u00eatre transmis m\u00e9caniquement au microphone via les c\u00e2bles et les connecteurs.<\/p>\n<p>\u00a0<\/p>\n<p>Points Forts :\u00a0<\/p>\n<ul>\n<li>Compact et l\u00e9ger<\/li>\n<\/ul>","protected":false},"excerpt":{"rendered":"<p>Module XLR pour Sony A<\/p>\n<p>Entr\u00e9es : 2x XLR + 1x Mini Jack<\/p>\n<p>Micro : Directionnel<\/p>","protected":false},"featured_media":10446,"template":"","meta":[],"product_cat":[339],"product_tag":[347,355],"class_list":{"0":"post-10105","1":"product","2":"type-product","3":"status-publish","4":"has-post-thumbnail","6":"product_cat-enregistreur-mixette","7":"product_tag-2-pistes","8":"product_tag-xlr","10":"first","11":"instock","12":"taxable","13":"shipping-taxable","14":"purchasable","15":"product-type-rentable"},"_links":{"self":[{"href":"https:\/\/maxima-studios.com\/en\/wp-json\/wp\/v2\/product\/10105","targetHints":{"allow":["GET"]}}],"collection":[{"href":"https:\/\/maxima-studios.com\/en\/wp-json\/wp\/v2\/product"}],"about":[{"href":"https:\/\/maxima-studios.com\/en\/wp-json\/wp\/v2\/types\/product"}],"wp:featuredmedia":[{"embeddable":true,"href":"https:\/\/maxima-studios.com\/en\/wp-json\/wp\/v2\/media\/10446"}],"wp:attachment":[{"href":"https:\/\/maxima-studios.com\/en\/wp-json\/wp\/v2\/media?parent=10105"}],"wp:term":[{"taxonomy":"product_cat","embeddable":true,"href":"https:\/\/maxima-studios.com\/en\/wp-json\/wp\/v2\/product_cat?post=10105"},{"taxonomy":"product_tag","embeddable":true,"href":"https:\/\/maxima-studios.com\/en\/wp-json\/wp\/v2\/product_tag?post=10105"}],"curies":[{"name":"wp","href":"https:\/\/api.w.org\/{rel}","templated":true}]}}