 {"id":10103,"date":"2024-06-11T14:55:49","date_gmt":"2024-06-11T12:55:49","guid":{"rendered":"https:\/\/maxima-studios.com\/produit\/zoom-f8n\/"},"modified":"2026-04-13T20:47:24","modified_gmt":"2026-04-13T18:47:24","slug":"zoom-f8n","status":"publish","type":"product","link":"https:\/\/maxima-studios.com\/en\/product\/zoom-f8n\/","title":{"rendered":"ZOOM F8N"},"content":{"rendered":"<p>Le Zoom F8n est un enregistreur de terrain 8 entr\u00e9es \/ 10 pistes adapt\u00e9 \u00e0 des applications vari\u00e9es.<\/p>\n<p>\u00a0<\/p>\n<p>Il convient parfaitement aux captations multi-micros avec ses 8 entr\u00e9es XLR et offre un large choix de modes d&#8217;enregistrement et de r\u00e9solutions : enregistrez les huit entr\u00e9es \u00e0 une r\u00e9solution maximale de 24 bits \/ 192 kHz. La fonction tr\u00e8s utile de pr\u00e9-enregistrement permet de capturer jusqu&#8217;\u00e0 six secondes avant d&#8217;appuyer sur le bouton d&#8217;enregistrement.<\/p>\n<p>\u00a0<\/p>\n<p>La qualit\u00e9 de fabrication robuste et la taille compacte du F8N en font un excellent choix pour l&#8217;enregistrement en ext\u00e9rieur sur le plateau et sur le terrain. Il est tout aussi bien adapt\u00e9 \u00e0 un placement dans une sacoche audio qu&#8217;\u00e0 une configuration sur cam\u00e9ra.<\/p>\n<p>\u00a0<\/p>\n<p><strong>Points Forts :\u00a0<\/strong><\/p>\n<ul>\n<li>Compact et l\u00e9g\u00e8re<\/li>\n<li>8 entr\u00e9es XLR<\/li>\n<li>Excellente r\u00e9solution d&#8217;enregistrement<\/li>\n<\/ul>","protected":false},"excerpt":{"rendered":"<p>Enregistreur \/ Mixette Son<\/p>\n<p>10 Pistes :\u00a0 8\u00a0XLR\u00a0 + 2 Mix St\u00e9reo<\/p>\n<p>D\u00e9bit Max : 24 bits 192 Khz<\/p>","protected":false},"featured_media":10352,"template":"","meta":[],"product_cat":[339],"product_tag":[347,349,350,353,348],"class_list":{"0":"post-10103","1":"product","2":"type-product","3":"status-publish","4":"has-post-thumbnail","6":"product_cat-enregistreur-mixette","7":"product_tag-2-pistes","8":"product_tag-4-pistes","9":"product_tag-6-pistes","10":"product_tag-8-pistes","11":"product_tag-enregistreur-mixette","13":"first","14":"instock","15":"taxable","16":"shipping-taxable","17":"purchasable","18":"product-type-rentable"},"_links":{"self":[{"href":"https:\/\/maxima-studios.com\/en\/wp-json\/wp\/v2\/product\/10103","targetHints":{"allow":["GET"]}}],"collection":[{"href":"https:\/\/maxima-studios.com\/en\/wp-json\/wp\/v2\/product"}],"about":[{"href":"https:\/\/maxima-studios.com\/en\/wp-json\/wp\/v2\/types\/product"}],"wp:featuredmedia":[{"embeddable":true,"href":"https:\/\/maxima-studios.com\/en\/wp-json\/wp\/v2\/media\/10352"}],"wp:attachment":[{"href":"https:\/\/maxima-studios.com\/en\/wp-json\/wp\/v2\/media?parent=10103"}],"wp:term":[{"taxonomy":"product_cat","embeddable":true,"href":"https:\/\/maxima-studios.com\/en\/wp-json\/wp\/v2\/product_cat?post=10103"},{"taxonomy":"product_tag","embeddable":true,"href":"https:\/\/maxima-studios.com\/en\/wp-json\/wp\/v2\/product_tag?post=10103"}],"curies":[{"name":"wp","href":"https:\/\/api.w.org\/{rel}","templated":true}]}}