 {"id":10102,"date":"2024-06-11T14:55:49","date_gmt":"2024-06-11T12:55:49","guid":{"rendered":"https:\/\/maxima-studios.com\/produit\/kit-prise-de-son\/"},"modified":"2026-04-13T20:47:32","modified_gmt":"2026-04-13T18:47:32","slug":"kit-prise-de-son","status":"publish","type":"product","link":"https:\/\/maxima-studios.com\/en\/product\/kit-prise-de-son\/","title":{"rendered":"KIT PRISE DE SON"},"content":{"rendered":"<p>Kit prise de son incluant l&#8217;ensemble du mat\u00e9riel n\u00e9cessaire pour faire une prise de son avec perche. Elle\u00a0est employ\u00e9e principalement sur les projets de fiction, documentaire, pub ou reportages.\u00a0<\/p>\n<p>\u00a0<\/p>\n<p>Le kit comprend\u00a0un micro NTG2, un enregistreur zoom H5, une perche Rode, un casque son et deux c\u00e2bles XLR, un support ceinture pour zoom H5.\u00a0<\/p>\n<p>\u00a0<\/p>\n<p>En option, le NTG2 peut \u00eatre remplac\u00e9 par un Sennheiser MKE600 et le Zoom H5 par un Zoom H6. Un kit micro cravate HF peut \u00e9galement \u00eatre ajout\u00e9.<\/p>","protected":false},"excerpt":{"rendered":"<p>Kit complet pour prise de son\u00a0<\/p>\n<p>Enregistreur : Zoom H5*<\/p>\n<p>Micro : Rode NTG2*<\/p>\n<p>*Options Disponibles<\/p>","protected":false},"featured_media":10392,"template":"","meta":[],"product_cat":[341],"product_tag":[],"class_list":{"0":"post-10102","1":"product","2":"type-product","3":"status-publish","4":"has-post-thumbnail","6":"product_cat-kit-son","8":"first","9":"instock","10":"taxable","11":"shipping-taxable","12":"purchasable","13":"product-type-rentable"},"_links":{"self":[{"href":"https:\/\/maxima-studios.com\/en\/wp-json\/wp\/v2\/product\/10102","targetHints":{"allow":["GET"]}}],"collection":[{"href":"https:\/\/maxima-studios.com\/en\/wp-json\/wp\/v2\/product"}],"about":[{"href":"https:\/\/maxima-studios.com\/en\/wp-json\/wp\/v2\/types\/product"}],"wp:featuredmedia":[{"embeddable":true,"href":"https:\/\/maxima-studios.com\/en\/wp-json\/wp\/v2\/media\/10392"}],"wp:attachment":[{"href":"https:\/\/maxima-studios.com\/en\/wp-json\/wp\/v2\/media?parent=10102"}],"wp:term":[{"taxonomy":"product_cat","embeddable":true,"href":"https:\/\/maxima-studios.com\/en\/wp-json\/wp\/v2\/product_cat?post=10102"},{"taxonomy":"product_tag","embeddable":true,"href":"https:\/\/maxima-studios.com\/en\/wp-json\/wp\/v2\/product_tag?post=10102"}],"curies":[{"name":"wp","href":"https:\/\/api.w.org\/{rel}","templated":true}]}}