 {"id":10101,"date":"2024-06-11T14:55:48","date_gmt":"2024-06-11T12:55:48","guid":{"rendered":"https:\/\/maxima-studios.com\/produit\/rode-videomic-cable-mini-jack\/"},"modified":"2026-04-13T20:14:04","modified_gmt":"2026-04-13T18:14:04","slug":"rode-videomic","status":"publish","type":"product","link":"https:\/\/maxima-studios.com\/en\/product\/rode-videomic\/","title":{"rendered":"RODE VIDEOMIC"},"content":{"rendered":"<p>L\u2019utilisation d\u2019un microphone externe est le moyen le plus simple d\u2019am\u00e9liorer la qualit\u00e9 du son enregistr\u00e9 par votre cam\u00e9ra.\u00a0<\/p>\n<p>\u00a0<\/p>\n<p>Avec un poids de 73 g, le VideoMic GO est extr\u00eamement l\u00e9ger et se fixa facilement via la griffe flash du bo\u00eetier. Il ne n\u00e9cessite pas de piles pour fonctionner et se relie au bo\u00eetier via la prise mini jack.<\/p>\n<p>\u00a0<\/p>\n<p>Gr\u00e2ce \u00e0 son diagramme polaire supercardio\u00efde, le VideoMic GO offre un son focalis\u00e9 qui se concentre sur ce qu\u2019il vise et r\u00e9duit les bruits de fond g\u00eanants. Ce microphone convient pour le vlogging et pour les tournages run and gun.\u00a0<\/p>\n<p>\u00a0<\/p>\n<p><strong>Points Forts :<\/strong>\u00a0<\/p>\n<ul>\n<li>L\u00e9ger et facilement portable<\/li>\n<\/ul>","protected":false},"excerpt":{"rendered":"<p>Micro pour Hybride et DSLR<\/p>\n<p>Directivit\u00e9 : Supercardio\u00efde<\/p>\n<p>Connectique : Mini-jack<\/p>","protected":false},"featured_media":10312,"template":"","meta":[],"product_cat":[338],"product_tag":[346],"class_list":{"0":"post-10101","1":"product","2":"type-product","3":"status-publish","4":"has-post-thumbnail","6":"product_cat-micros-categorie","7":"product_tag-micro-canon","9":"first","10":"instock","11":"taxable","12":"shipping-taxable","13":"purchasable","14":"product-type-rentable"},"_links":{"self":[{"href":"https:\/\/maxima-studios.com\/en\/wp-json\/wp\/v2\/product\/10101","targetHints":{"allow":["GET"]}}],"collection":[{"href":"https:\/\/maxima-studios.com\/en\/wp-json\/wp\/v2\/product"}],"about":[{"href":"https:\/\/maxima-studios.com\/en\/wp-json\/wp\/v2\/types\/product"}],"wp:featuredmedia":[{"embeddable":true,"href":"https:\/\/maxima-studios.com\/en\/wp-json\/wp\/v2\/media\/10312"}],"wp:attachment":[{"href":"https:\/\/maxima-studios.com\/en\/wp-json\/wp\/v2\/media?parent=10101"}],"wp:term":[{"taxonomy":"product_cat","embeddable":true,"href":"https:\/\/maxima-studios.com\/en\/wp-json\/wp\/v2\/product_cat?post=10101"},{"taxonomy":"product_tag","embeddable":true,"href":"https:\/\/maxima-studios.com\/en\/wp-json\/wp\/v2\/product_tag?post=10101"}],"curies":[{"name":"wp","href":"https:\/\/api.w.org\/{rel}","templated":true}]}}