 {"id":10100,"date":"2024-06-11T14:55:48","date_gmt":"2024-06-11T12:55:48","guid":{"rendered":"https:\/\/maxima-studios.com\/produit\/sennheiser-mke-600\/"},"modified":"2026-04-13T20:46:19","modified_gmt":"2026-04-13T18:46:19","slug":"sennheiser-mke-600","status":"publish","type":"product","link":"https:\/\/maxima-studios.com\/en\/product\/sennheiser-mke-600\/","title":{"rendered":"SENNHEISER MKE 600"},"content":{"rendered":"<p>Le MKE 600 est un microphone Supercadio\u00efde, il capte donc en priorit\u00e9 le son provenant de la direction vers laquelle il est orient\u00e9 et att\u00e9nue efficacement les bruits lat\u00e9raux ainsi que ceux venant de l\u2019arri\u00e8re.<\/p>\n<p>\u00a0<\/p>\n<p>Le filtre coupe-bas commutable \u00e0 100 Hz permet d\u2019\u00e9liminer les bruits en basse fr\u00e9quence provenant de sources courantes telles que le vent, les climatiseurs et la circulation.\u00a0<\/p>\n<p>\u00a0<\/p>\n<p>Gr\u00e2ce \u00e0 sa sortie XLR 3 broches et \u00e0 sa conformit\u00e9 \u00e0 l&#8217;alimentation fant\u00f4me 48 V CC, le MKE 600 est compatible avec une vari\u00e9t\u00e9 d&#8217;enregistreurs audio portables, d&#8217;enregistreurs de terrain et d&#8217;adaptateurs de mixage, ainsi qu&#8217;avec les pr\u00e9amplis int\u00e9gr\u00e9s sur de nombreux cam\u00e9scopes et cam\u00e9ras de cin\u00e9ma.<\/p>\n<p>\u00a0<\/p>\n<p>Si l\u2019appareil n\u2019offre pas d\u2019alimentation fant\u00f4me, le MKE 600 peut \u00e9galement \u00eatre aliment\u00e9 par pile. Une seule pile AA permet une autonomie de 150 heures.<\/p>\n<p>\u00a0<\/p>\n<p><strong>Points Forts :<\/strong><\/p>\n<ul>\n<li>Directivit\u00e9 supercardio\u00efde<\/li>\n<li>Compatibilit\u00e9<\/li>\n<li>Robustesse en ext\u00e9rieur<\/li>\n<\/ul>","protected":false},"excerpt":{"rendered":"<p>Micro perche<\/p>\n<p>Directivit\u00e9 Supercardio\u00efde<\/p>\n<p>Connectiques : XLR 3<\/p>\n<p>Alim : 48V \/ Piles AA<\/p>","protected":false},"featured_media":10303,"template":"","meta":[],"product_cat":[338],"product_tag":[346],"class_list":{"0":"post-10100","1":"product","2":"type-product","3":"status-publish","4":"has-post-thumbnail","6":"product_cat-micros-categorie","7":"product_tag-micro-canon","9":"first","10":"instock","11":"taxable","12":"shipping-taxable","13":"purchasable","14":"product-type-rentable"},"_links":{"self":[{"href":"https:\/\/maxima-studios.com\/en\/wp-json\/wp\/v2\/product\/10100","targetHints":{"allow":["GET"]}}],"collection":[{"href":"https:\/\/maxima-studios.com\/en\/wp-json\/wp\/v2\/product"}],"about":[{"href":"https:\/\/maxima-studios.com\/en\/wp-json\/wp\/v2\/types\/product"}],"wp:featuredmedia":[{"embeddable":true,"href":"https:\/\/maxima-studios.com\/en\/wp-json\/wp\/v2\/media\/10303"}],"wp:attachment":[{"href":"https:\/\/maxima-studios.com\/en\/wp-json\/wp\/v2\/media?parent=10100"}],"wp:term":[{"taxonomy":"product_cat","embeddable":true,"href":"https:\/\/maxima-studios.com\/en\/wp-json\/wp\/v2\/product_cat?post=10100"},{"taxonomy":"product_tag","embeddable":true,"href":"https:\/\/maxima-studios.com\/en\/wp-json\/wp\/v2\/product_tag?post=10100"}],"curies":[{"name":"wp","href":"https:\/\/api.w.org\/{rel}","templated":true}]}}