 {"id":10099,"date":"2024-06-11T14:55:46","date_gmt":"2024-06-11T12:55:46","guid":{"rendered":"https:\/\/maxima-studios.com\/produit\/rode-ntg4\/"},"modified":"2026-04-13T20:46:09","modified_gmt":"2026-04-13T18:46:09","slug":"rode-ntg4","status":"publish","type":"product","link":"https:\/\/maxima-studios.com\/en\/product\/rode-ntg4\/","title":{"rendered":"RODE NTG4"},"content":{"rendered":"<p>Le NTG4 est un micro canon Supercardio\u00efde id\u00e9al pour \u00eatre utilis\u00e9 sur cam\u00e9ras. Alimentation fant\u00f4me requise. Son aspect compact le rend id\u00e9al pour une utilisation sur des cam\u00e9ras et camescope (Z150, FS5, FS7, FX6, FX9, &#8230;)<\/p>\n<p>\u00a0<\/p>\n<p>Il dispose d&#8217;un filtre passe-haut, d&#8217;un att\u00e9nuateur de -10 dB pour l&#8217;enregistrement de sources sonores fortes et d&#8217;une amplification des hautes fr\u00e9quences pour compenser l&#8217;effet d&#8217;assourdissement d\u00fb \u00e0 l&#8217;utilisation d&#8217;un filtre \u00e0 vent doux.<\/p>\n<p>\u00a0<\/p>\n<p><strong>Points Forts :\u00a0<\/strong><\/p>\n<ul>\n<li>Id\u00e9al sur cam\u00e9ra<\/li>\n<li>Directivit\u00e9<\/li>\n<\/ul>","protected":false},"excerpt":{"rendered":"<p>Micro perche \/ Cam\u00e9ra<\/p>\n<p>Directivit\u00e9: Supercardio\u00efde<\/p>\n<p>Connectiques : XLR 3<\/p>\n<p>Alim : 48V\u00a0<\/p>\n<p>Attention : Micro uniquement aliment\u00e9 par alimentation fant\u00f4me<\/p>","protected":false},"featured_media":10301,"template":"","meta":[],"product_cat":[338],"product_tag":[346],"class_list":{"0":"post-10099","1":"product","2":"type-product","3":"status-publish","4":"has-post-thumbnail","6":"product_cat-micros-categorie","7":"product_tag-micro-canon","9":"first","10":"instock","11":"taxable","12":"shipping-taxable","13":"purchasable","14":"product-type-rentable"},"_links":{"self":[{"href":"https:\/\/maxima-studios.com\/en\/wp-json\/wp\/v2\/product\/10099","targetHints":{"allow":["GET"]}}],"collection":[{"href":"https:\/\/maxima-studios.com\/en\/wp-json\/wp\/v2\/product"}],"about":[{"href":"https:\/\/maxima-studios.com\/en\/wp-json\/wp\/v2\/types\/product"}],"wp:featuredmedia":[{"embeddable":true,"href":"https:\/\/maxima-studios.com\/en\/wp-json\/wp\/v2\/media\/10301"}],"wp:attachment":[{"href":"https:\/\/maxima-studios.com\/en\/wp-json\/wp\/v2\/media?parent=10099"}],"wp:term":[{"taxonomy":"product_cat","embeddable":true,"href":"https:\/\/maxima-studios.com\/en\/wp-json\/wp\/v2\/product_cat?post=10099"},{"taxonomy":"product_tag","embeddable":true,"href":"https:\/\/maxima-studios.com\/en\/wp-json\/wp\/v2\/product_tag?post=10099"}],"curies":[{"name":"wp","href":"https:\/\/api.w.org\/{rel}","templated":true}]}}