 {"id":10098,"date":"2024-06-11T14:55:46","date_gmt":"2024-06-11T12:55:46","guid":{"rendered":"https:\/\/maxima-studios.com\/produit\/rode-ntg2\/"},"modified":"2026-04-13T20:13:56","modified_gmt":"2026-04-13T18:13:56","slug":"rode-ntg2","status":"publish","type":"product","link":"https:\/\/maxima-studios.com\/en\/product\/rode-ntg2\/","title":{"rendered":"RODE NTG2"},"content":{"rendered":"<p>Le micro Rode NTG2 est un micro canon directionnel qui offre une r\u00e9ponse en fr\u00e9quence large et lin\u00e9aire, une directivit\u00e9 pr\u00e9cise et une bonne sensibilit\u00e9. Son corps en aluminium l\u00e9ger et r\u00e9sistant en fait un choix populaire pour les tournages en ext\u00e9rieur et en d\u00e9placement.<\/p>\n<p>\u00a0<\/p>\n<p>Le NTG2 dispose d&#8217;une alimentation fant\u00f4me de 48V ou d&#8217;une pile interne de 1,5V AA, ce qui le rend compatible avec une grande vari\u00e9t\u00e9 d&#8217;appareils d&#8217;enregistrement. Il est \u00e9galement \u00e9quip\u00e9 d&#8217;un filtre passe-haut commutable, d&#8217;un att\u00e9nuateur de -10dB pour les sources sonores fortes et d&#8217;une sortie XLR 3.\u00a0<\/p>\n<p>\u00a0<\/p>\n<p><strong>Points Forts :<\/strong>\u00a0<\/p>\n<ul>\n<li>Directivit\u00e9 pr\u00e9cise<\/li>\n<li>Construction robuste<\/li>\n<li>Alimentation fant\u00f4me ou pile interne<\/li>\n<\/ul>","protected":false},"excerpt":{"rendered":"<p>Micro perche \/ Cam\u00e9ra<\/p>\n<p>Directivit\u00e9 : Supercardio\u00efde<\/p>\n<p>Connectiques : XLR 3<\/p>\n<p>Alim : 48V \/ Piles AA<\/p>","protected":false},"featured_media":10297,"template":"","meta":[],"product_cat":[338],"product_tag":[346],"class_list":{"0":"post-10098","1":"product","2":"type-product","3":"status-publish","4":"has-post-thumbnail","6":"product_cat-micros-categorie","7":"product_tag-micro-canon","9":"first","10":"instock","11":"taxable","12":"shipping-taxable","13":"purchasable","14":"product-type-rentable"},"_links":{"self":[{"href":"https:\/\/maxima-studios.com\/en\/wp-json\/wp\/v2\/product\/10098","targetHints":{"allow":["GET"]}}],"collection":[{"href":"https:\/\/maxima-studios.com\/en\/wp-json\/wp\/v2\/product"}],"about":[{"href":"https:\/\/maxima-studios.com\/en\/wp-json\/wp\/v2\/types\/product"}],"wp:featuredmedia":[{"embeddable":true,"href":"https:\/\/maxima-studios.com\/en\/wp-json\/wp\/v2\/media\/10297"}],"wp:attachment":[{"href":"https:\/\/maxima-studios.com\/en\/wp-json\/wp\/v2\/media?parent=10098"}],"wp:term":[{"taxonomy":"product_cat","embeddable":true,"href":"https:\/\/maxima-studios.com\/en\/wp-json\/wp\/v2\/product_cat?post=10098"},{"taxonomy":"product_tag","embeddable":true,"href":"https:\/\/maxima-studios.com\/en\/wp-json\/wp\/v2\/product_tag?post=10098"}],"curies":[{"name":"wp","href":"https:\/\/api.w.org\/{rel}","templated":true}]}}