 {"id":10097,"date":"2024-06-11T14:55:45","date_gmt":"2024-06-11T12:55:45","guid":{"rendered":"https:\/\/maxima-studios.com\/produit\/sennheiser-hsp-essential-noir-bonnette\/"},"modified":"2026-04-13T20:39:35","modified_gmt":"2026-04-13T18:39:35","slug":"sennheiser-hsp-madonna-noir","status":"publish","type":"product","link":"https:\/\/maxima-studios.com\/en\/product\/sennheiser-hsp-madonna-noir\/","title":{"rendered":"SENNHEISER HSP MADONNA &#8211;  NOIR"},"content":{"rendered":"<p>Le Sennheiser HSP Essential Omni est un micro serre-t\u00eate discret et l\u00e9ger s\u2019adaptant \u00e0 toutes les t\u00eates gr\u00e2ce \u00e0 son tour de cou \u00e0 r\u00e9glage continu. Le bras du microphone peut se placer \u00e0 droite ou \u00e0 gauche selon votre pr\u00e9f\u00e9rence.<\/p>\n<p>\u00a0<\/p>\n<p>Son micro omnidirectionnel capte une voix claire et sans distorsion peu importe l\u2019orientation de la capsule KE4 et sa gaine est prot\u00e9g\u00e9e contre l\u2019humidit\u00e9.<\/p>\n<p>\u00a0<\/p>\n<p>Ce micro serre-t\u00eate est disponible en noir ou en beige pour une meilleure discr\u00e9tion. Il peut \u00eatre lou\u00e9 s\u00e9par\u00e9ment ou en option avec un kit micro cravate HF.<\/p>\n<p>\u00a0<\/p>\n<p><strong>Points Forts :\u00a0<\/strong><\/p>\n<ul>\n<li>Qualit\u00e9 du son<\/li>\n<li>Ergonomie : confortable et l\u00e9ger<\/li>\n<\/ul>","protected":false},"excerpt":{"rendered":"<p>Micro serre t\u00eate Madonna<\/p>\n<p>Marque : Sennheiser<\/p>\n<p>Couleur : Noir<\/p>\n<p>Conn\u00e9ctiques : Mini Jack 3,5mm<\/p>","protected":false},"featured_media":19066,"template":"","meta":[],"product_cat":[338],"product_tag":[344],"class_list":{"0":"post-10097","1":"product","2":"type-product","3":"status-publish","4":"has-post-thumbnail","6":"product_cat-micros-categorie","7":"product_tag-micro-hf-et-cravate","9":"first","10":"instock","11":"taxable","12":"shipping-taxable","13":"purchasable","14":"product-type-rentable"},"_links":{"self":[{"href":"https:\/\/maxima-studios.com\/en\/wp-json\/wp\/v2\/product\/10097","targetHints":{"allow":["GET"]}}],"collection":[{"href":"https:\/\/maxima-studios.com\/en\/wp-json\/wp\/v2\/product"}],"about":[{"href":"https:\/\/maxima-studios.com\/en\/wp-json\/wp\/v2\/types\/product"}],"wp:featuredmedia":[{"embeddable":true,"href":"https:\/\/maxima-studios.com\/en\/wp-json\/wp\/v2\/media\/19066"}],"wp:attachment":[{"href":"https:\/\/maxima-studios.com\/en\/wp-json\/wp\/v2\/media?parent=10097"}],"wp:term":[{"taxonomy":"product_cat","embeddable":true,"href":"https:\/\/maxima-studios.com\/en\/wp-json\/wp\/v2\/product_cat?post=10097"},{"taxonomy":"product_tag","embeddable":true,"href":"https:\/\/maxima-studios.com\/en\/wp-json\/wp\/v2\/product_tag?post=10097"}],"curies":[{"name":"wp","href":"https:\/\/api.w.org\/{rel}","templated":true}]}}