 {"id":10094,"date":"2024-06-11T14:55:44","date_gmt":"2024-06-11T12:55:44","guid":{"rendered":"https:\/\/maxima-studios.com\/produit\/neumann-couple-stereo-km185\/"},"modified":"2026-04-13T20:47:24","modified_gmt":"2026-04-13T18:47:24","slug":"neumann-couple-stereo-km185","status":"publish","type":"product","link":"https:\/\/maxima-studios.com\/en\/product\/neumann-couple-stereo-km185\/","title":{"rendered":"NEUMANN COUPLE ST\u00c9R\u00c9O KM185"},"content":{"rendered":"<p>Le KM 185 est un microphone XLR \u00e0 condensateur \u00e0 petite membrane \u00e0 la pointe de la technologie avec une directivit\u00e9 Hypercardio\u00efde uniforme et ind\u00e9pendante de la fr\u00e9quence.\u00a0<\/p>\n<p>\u00a0<\/p>\n<p>La r\u00e9jection des sons arri\u00e8re (120\u00b0) est excellente, m\u00eame dans les basses fr\u00e9quences. Le KM 185 \u00e0 un tr\u00e8s faible bruit propre de seulement 15 dB-A et peut supporter des niveaux de pression acoustique \u00e9lev\u00e9s allant jusqu\u2019\u00e0 142 dB sans distorsion.\u00a0<\/p>\n<p>\u00a0<\/p>\n<p>Le KM 185 est un microphone universel pour les applications en studio et sur sc\u00e8ne.\u00a0<\/p>\n<p>Son son tr\u00e8s naturel et transparent avec un tr\u00e8s faible bruit de fond et une capacit\u00e9 SPL \u00e9lev\u00e9e ont fait du KM 185 un superbe micro pour les instruments acoustiques, tels que le piano, les percussions, la batterie, la guitare acoustique, la contrebasse, le violon, le violoncelle, les bois et les cuivres. Il peut aussi bien \u00eatre utilis\u00e9 pour les solistes et pour les ensembles.<\/p>\n<p>\u00a0<\/p>\n<p>En raison de sa petite taille, le KM 185 est visuellement discret et bien adapt\u00e9 aux applications TV et radio.<\/p>","protected":false},"excerpt":{"rendered":"<p>Couple Micros st\u00e9r\u00e9o<\/p>\n<p>Directivit\u00e9 : Hypercardio\u00efde<\/p>\n<p>Connectique : XLR 3<br \/>\u00a0<br \/>\u00a0<br \/>\u00a0<br \/>\u00a0<\/p>","protected":false},"featured_media":10267,"template":"","meta":[],"product_cat":[338],"product_tag":[345],"class_list":{"0":"post-10094","1":"product","2":"type-product","3":"status-publish","4":"has-post-thumbnail","6":"product_cat-micros-categorie","7":"product_tag-autres-micro","9":"first","10":"instock","11":"taxable","12":"shipping-taxable","13":"purchasable","14":"product-type-rentable"},"yoast_head":"<!-- This site is optimized with the Yoast SEO plugin v27.3 - https:\/\/yoast.com\/product\/yoast-seo-wordpress\/ -->\n<title>NEUMANN COUPLE ST\u00c9R\u00c9O KM185 - Maximaloc<\/title>\n<meta name=\"robots\" content=\"index, follow, max-snippet:-1, max-image-preview:large, max-video-preview:-1\" \/>\n<link rel=\"canonical\" href=\"https:\/\/maxima-studios.com\/en\/product\/neumann-couple-stereo-km185\/\" \/>\n<meta property=\"og:locale\" content=\"en_US\" \/>\n<meta property=\"og:type\" content=\"article\" \/>\n<meta property=\"og:title\" content=\"NEUMANN COUPLE ST\u00c9R\u00c9O KM185 - Maximaloc\" \/>\n<meta property=\"og:description\" content=\"Couple Micros st\u00e9r\u00e9o Directivit\u00e9 : Hypercardio\u00efde Connectique : XLR 3\u00a0\u00a0\u00a0\u00a0\" \/>\n<meta property=\"og:url\" content=\"https:\/\/maxima-studios.com\/en\/product\/neumann-couple-stereo-km185\/\" \/>\n<meta property=\"og:site_name\" content=\"Maximaloc\" \/>\n<meta property=\"article:publisher\" content=\"https:\/\/www.facebook.com\/Maximalocation\" \/>\n<meta property=\"article:modified_time\" content=\"2026-04-13T18:47:24+00:00\" \/>\n<meta property=\"og:image\" content=\"https:\/\/maxima-studios.com\/wp-content\/uploads\/2024\/06\/km185-1.webp\" \/>\n\t<meta property=\"og:image:width\" content=\"580\" \/>\n\t<meta property=\"og:image:height\" content=\"420\" \/>\n\t<meta property=\"og:image:type\" content=\"image\/webp\" \/>\n<meta name=\"twitter:card\" content=\"summary_large_image\" \/>\n<meta name=\"twitter:label1\" content=\"Est. reading time\" \/>\n\t<meta name=\"twitter:data1\" content=\"2 minutes\" \/>\n<script type=\"application\/ld+json\" class=\"yoast-schema-graph\">{\"@context\":\"https:\\\/\\\/schema.org\",\"@graph\":[{\"@type\":\"WebPage\",\"@id\":\"https:\\\/\\\/maxima-studios.com\\\/produit\\\/neumann-couple-stereo-km185\\\/\",\"url\":\"https:\\\/\\\/maxima-studios.com\\\/produit\\\/neumann-couple-stereo-km185\\\/\",\"name\":\"NEUMANN COUPLE ST\u00c9R\u00c9O KM185 - Maximaloc\",\"isPartOf\":{\"@id\":\"https:\\\/\\\/maxima-studios.com\\\/#website\"},\"primaryImageOfPage\":{\"@id\":\"https:\\\/\\\/maxima-studios.com\\\/produit\\\/neumann-couple-stereo-km185\\\/#primaryimage\"},\"image\":{\"@id\":\"https:\\\/\\\/maxima-studios.com\\\/produit\\\/neumann-couple-stereo-km185\\\/#primaryimage\"},\"thumbnailUrl\":\"https:\\\/\\\/maxima-studios.com\\\/wp-content\\\/uploads\\\/2024\\\/06\\\/km185-1.webp\",\"datePublished\":\"2024-06-11T12:55:44+00:00\",\"dateModified\":\"2026-04-13T18:47:24+00:00\",\"breadcrumb\":{\"@id\":\"https:\\\/\\\/maxima-studios.com\\\/produit\\\/neumann-couple-stereo-km185\\\/#breadcrumb\"},\"inLanguage\":\"en-US\",\"potentialAction\":[{\"@type\":\"ReadAction\",\"target\":[\"https:\\\/\\\/maxima-studios.com\\\/produit\\\/neumann-couple-stereo-km185\\\/\"]}]},{\"@type\":\"ImageObject\",\"inLanguage\":\"en-US\",\"@id\":\"https:\\\/\\\/maxima-studios.com\\\/produit\\\/neumann-couple-stereo-km185\\\/#primaryimage\",\"url\":\"https:\\\/\\\/maxima-studios.com\\\/wp-content\\\/uploads\\\/2024\\\/06\\\/km185-1.webp\",\"contentUrl\":\"https:\\\/\\\/maxima-studios.com\\\/wp-content\\\/uploads\\\/2024\\\/06\\\/km185-1.webp\",\"width\":580,\"height\":420,\"caption\":\"Couple Micros XLR St\u00e9reo Neumann KM 185 sur support en location\"},{\"@type\":\"BreadcrumbList\",\"@id\":\"https:\\\/\\\/maxima-studios.com\\\/produit\\\/neumann-couple-stereo-km185\\\/#breadcrumb\",\"itemListElement\":[{\"@type\":\"ListItem\",\"position\":1,\"name\":\"Accueil\",\"item\":\"https:\\\/\\\/maxima-studios.com\\\/\"},{\"@type\":\"ListItem\",\"position\":2,\"name\":\"BOUTIQUE\",\"item\":\"https:\\\/\\\/maxima-studios.com\\\/boutique\\\/\"},{\"@type\":\"ListItem\",\"position\":3,\"name\":\"NEUMANN COUPLE ST\u00c9R\u00c9O KM185\"}]},{\"@type\":\"WebSite\",\"@id\":\"https:\\\/\\\/maxima-studios.com\\\/#website\",\"url\":\"https:\\\/\\\/maxima-studios.com\\\/\",\"name\":\"Maximaloc\",\"description\":\"\",\"publisher\":{\"@id\":\"https:\\\/\\\/maxima-studios.com\\\/#organization\"},\"potentialAction\":[{\"@type\":\"SearchAction\",\"target\":{\"@type\":\"EntryPoint\",\"urlTemplate\":\"https:\\\/\\\/maxima-studios.com\\\/?s={search_term_string}\"},\"query-input\":{\"@type\":\"PropertyValueSpecification\",\"valueRequired\":true,\"valueName\":\"search_term_string\"}}],\"inLanguage\":\"en-US\"},{\"@type\":\"Organization\",\"@id\":\"https:\\\/\\\/maxima-studios.com\\\/#organization\",\"name\":\"Maximaloc\",\"url\":\"https:\\\/\\\/maxima-studios.com\\\/\",\"logo\":{\"@type\":\"ImageObject\",\"inLanguage\":\"en-US\",\"@id\":\"https:\\\/\\\/maxima-studios.com\\\/#\\\/schema\\\/logo\\\/image\\\/\",\"url\":\"https:\\\/\\\/maxima-studios.com\\\/wp-content\\\/uploads\\\/2024\\\/03\\\/logo_noir-scaled.png\",\"contentUrl\":\"https:\\\/\\\/maxima-studios.com\\\/wp-content\\\/uploads\\\/2024\\\/03\\\/logo_noir-scaled.png\",\"width\":2560,\"height\":268,\"caption\":\"Maximaloc\"},\"image\":{\"@id\":\"https:\\\/\\\/maxima-studios.com\\\/#\\\/schema\\\/logo\\\/image\\\/\"},\"sameAs\":[\"https:\\\/\\\/www.facebook.com\\\/Maximalocation\"]}]}<\/script>\n<!-- \/ Yoast SEO plugin. -->","yoast_head_json":{"title":"NEUMANN COUPLE ST\u00c9R\u00c9O KM185 - Maximaloc","robots":{"index":"index","follow":"follow","max-snippet":"max-snippet:-1","max-image-preview":"max-image-preview:large","max-video-preview":"max-video-preview:-1"},"canonical":"https:\/\/maxima-studios.com\/en\/product\/neumann-couple-stereo-km185\/","og_locale":"en_US","og_type":"article","og_title":"NEUMANN COUPLE ST\u00c9R\u00c9O KM185 - Maximaloc","og_description":"Couple Micros st\u00e9r\u00e9o Directivit\u00e9 : Hypercardio\u00efde Connectique : XLR 3\u00a0\u00a0\u00a0\u00a0","og_url":"https:\/\/maxima-studios.com\/en\/product\/neumann-couple-stereo-km185\/","og_site_name":"Maximaloc","article_publisher":"https:\/\/www.facebook.com\/Maximalocation","article_modified_time":"2026-04-13T18:47:24+00:00","og_image":[{"width":580,"height":420,"url":"https:\/\/maxima-studios.com\/wp-content\/uploads\/2024\/06\/km185-1.webp","type":"image\/webp"}],"twitter_card":"summary_large_image","twitter_misc":{"Est. reading time":"2 minutes"},"schema":{"@context":"https:\/\/schema.org","@graph":[{"@type":"WebPage","@id":"https:\/\/maxima-studios.com\/produit\/neumann-couple-stereo-km185\/","url":"https:\/\/maxima-studios.com\/produit\/neumann-couple-stereo-km185\/","name":"NEUMANN COUPLE ST\u00c9R\u00c9O KM185 - Maximaloc","isPartOf":{"@id":"https:\/\/maxima-studios.com\/#website"},"primaryImageOfPage":{"@id":"https:\/\/maxima-studios.com\/produit\/neumann-couple-stereo-km185\/#primaryimage"},"image":{"@id":"https:\/\/maxima-studios.com\/produit\/neumann-couple-stereo-km185\/#primaryimage"},"thumbnailUrl":"https:\/\/maxima-studios.com\/wp-content\/uploads\/2024\/06\/km185-1.webp","datePublished":"2024-06-11T12:55:44+00:00","dateModified":"2026-04-13T18:47:24+00:00","breadcrumb":{"@id":"https:\/\/maxima-studios.com\/produit\/neumann-couple-stereo-km185\/#breadcrumb"},"inLanguage":"en-US","potentialAction":[{"@type":"ReadAction","target":["https:\/\/maxima-studios.com\/produit\/neumann-couple-stereo-km185\/"]}]},{"@type":"ImageObject","inLanguage":"en-US","@id":"https:\/\/maxima-studios.com\/produit\/neumann-couple-stereo-km185\/#primaryimage","url":"https:\/\/maxima-studios.com\/wp-content\/uploads\/2024\/06\/km185-1.webp","contentUrl":"https:\/\/maxima-studios.com\/wp-content\/uploads\/2024\/06\/km185-1.webp","width":580,"height":420,"caption":"Couple Micros XLR St\u00e9reo Neumann KM 185 sur support en location"},{"@type":"BreadcrumbList","@id":"https:\/\/maxima-studios.com\/produit\/neumann-couple-stereo-km185\/#breadcrumb","itemListElement":[{"@type":"ListItem","position":1,"name":"Accueil","item":"https:\/\/maxima-studios.com\/"},{"@type":"ListItem","position":2,"name":"BOUTIQUE","item":"https:\/\/maxima-studios.com\/boutique\/"},{"@type":"ListItem","position":3,"name":"NEUMANN COUPLE ST\u00c9R\u00c9O KM185"}]},{"@type":"WebSite","@id":"https:\/\/maxima-studios.com\/#website","url":"https:\/\/maxima-studios.com\/","name":"Maximaloc","description":"","publisher":{"@id":"https:\/\/maxima-studios.com\/#organization"},"potentialAction":[{"@type":"SearchAction","target":{"@type":"EntryPoint","urlTemplate":"https:\/\/maxima-studios.com\/?s={search_term_string}"},"query-input":{"@type":"PropertyValueSpecification","valueRequired":true,"valueName":"search_term_string"}}],"inLanguage":"en-US"},{"@type":"Organization","@id":"https:\/\/maxima-studios.com\/#organization","name":"Maximaloc","url":"https:\/\/maxima-studios.com\/","logo":{"@type":"ImageObject","inLanguage":"en-US","@id":"https:\/\/maxima-studios.com\/#\/schema\/logo\/image\/","url":"https:\/\/maxima-studios.com\/wp-content\/uploads\/2024\/03\/logo_noir-scaled.png","contentUrl":"https:\/\/maxima-studios.com\/wp-content\/uploads\/2024\/03\/logo_noir-scaled.png","width":2560,"height":268,"caption":"Maximaloc"},"image":{"@id":"https:\/\/maxima-studios.com\/#\/schema\/logo\/image\/"},"sameAs":["https:\/\/www.facebook.com\/Maximalocation"]}]}},"_links":{"self":[{"href":"https:\/\/maxima-studios.com\/en\/wp-json\/wp\/v2\/product\/10094","targetHints":{"allow":["GET"]}}],"collection":[{"href":"https:\/\/maxima-studios.com\/en\/wp-json\/wp\/v2\/product"}],"about":[{"href":"https:\/\/maxima-studios.com\/en\/wp-json\/wp\/v2\/types\/product"}],"wp:featuredmedia":[{"embeddable":true,"href":"https:\/\/maxima-studios.com\/en\/wp-json\/wp\/v2\/media\/10267"}],"wp:attachment":[{"href":"https:\/\/maxima-studios.com\/en\/wp-json\/wp\/v2\/media?parent=10094"}],"wp:term":[{"taxonomy":"product_cat","embeddable":true,"href":"https:\/\/maxima-studios.com\/en\/wp-json\/wp\/v2\/product_cat?post=10094"},{"taxonomy":"product_tag","embeddable":true,"href":"https:\/\/maxima-studios.com\/en\/wp-json\/wp\/v2\/product_tag?post=10094"}],"curies":[{"name":"wp","href":"https:\/\/api.w.org\/{rel}","templated":true}]}}