 {"id":10093,"date":"2024-06-11T14:55:44","date_gmt":"2024-06-11T12:55:44","guid":{"rendered":"https:\/\/maxima-studios.com\/produit\/enceinte-bluetooth-80w-105db-portable\/"},"modified":"2026-04-13T20:34:22","modified_gmt":"2026-04-13T18:34:22","slug":"enceinte-bluetooth-80w-105db","status":"publish","type":"product","link":"https:\/\/maxima-studios.com\/en\/product\/enceinte-bluetooth-80w-105db\/","title":{"rendered":"ENCEINTE BLUETOOTH 80W 105dB"},"content":{"rendered":"<p>L&#8217;enceinte 80W Bluetooth est un haut-parleur portable et puissant, parfait pour une utilisation en ext\u00e9rieur ou pour des f\u00eates. Avec une puissance de 80 Watt et un son de 105 dB, elle d\u00e9livre un son pr\u00e9cis avec des basses profondes.<\/p>\n<p>\u00a0<\/p>\n<p>Elle est \u00e9quip\u00e9e de lumi\u00e8res LED qui \u00e9voluent en fonction de la musique pour cr\u00e9er une atmosph\u00e8re de f\u00eate, et dispose d&#8217;une autonomie maximale sur batterie de 24 heures. Elle prend en charge le Bluetooth 5.0, dispose d\u2019une entr\u00e9e mini jack 3,5mm et accepte les cartes micro SD et cl\u00e9s USB.\u00a0<\/p>\n<p>\u00a0<\/p>\n<p><strong>Points Forts :<\/strong><\/p>\n<p>\u00a0<\/p>\n<ul>\n<li>Puissance sonore 80 W \/ 105 dB<\/li>\n<li>Multiples connectivit\u00e9s<\/li>\n<li>Facilement transportable<\/li>\n<\/ul>","protected":false},"excerpt":{"rendered":"<p>Enceinte portable Bluetooth<\/p>\n<p>Autonomie : 24h max<\/p>\n<p>Entr\u00e9e mini jack, micro SD et USB<\/p>","protected":false},"featured_media":10346,"template":"","meta":[],"product_cat":[1342,340],"product_tag":[351,352],"class_list":{"0":"post-10093","1":"product","2":"type-product","3":"status-publish","4":"has-post-thumbnail","6":"product_cat-evenementiel","7":"product_cat-enceintes-categorie","8":"product_tag-bluetooth","9":"product_tag-enceinte-80w","11":"first","12":"instock","13":"taxable","14":"shipping-taxable","15":"purchasable","16":"product-type-rentable"},"yoast_head":"<!-- This site is optimized with the Yoast SEO plugin v27.3 - https:\/\/yoast.com\/product\/yoast-seo-wordpress\/ -->\n<title>ENCEINTE BLUETOOTH 80W 105dB - Maximaloc<\/title>\n<meta name=\"robots\" content=\"index, follow, max-snippet:-1, max-image-preview:large, max-video-preview:-1\" \/>\n<link rel=\"canonical\" href=\"https:\/\/maxima-studios.com\/en\/product\/enceinte-bluetooth-80w-105db\/\" \/>\n<meta property=\"og:locale\" content=\"en_US\" \/>\n<meta property=\"og:type\" content=\"article\" \/>\n<meta property=\"og:title\" content=\"ENCEINTE BLUETOOTH 80W 105dB - Maximaloc\" \/>\n<meta property=\"og:description\" content=\"Enceinte portable Bluetooth Autonomie : 24h max Entr\u00e9e mini jack, micro SD et USB\" \/>\n<meta property=\"og:url\" content=\"https:\/\/maxima-studios.com\/en\/product\/enceinte-bluetooth-80w-105db\/\" \/>\n<meta property=\"og:site_name\" content=\"Maximaloc\" \/>\n<meta property=\"article:publisher\" content=\"https:\/\/www.facebook.com\/Maximalocation\" \/>\n<meta property=\"article:modified_time\" content=\"2026-04-13T18:34:22+00:00\" \/>\n<meta property=\"og:image\" content=\"https:\/\/maxima-studios.com\/wp-content\/uploads\/2024\/06\/enceinte-80w-1.webp\" \/>\n\t<meta property=\"og:image:width\" content=\"580\" \/>\n\t<meta property=\"og:image:height\" content=\"420\" \/>\n\t<meta property=\"og:image:type\" content=\"image\/webp\" \/>\n<meta name=\"twitter:card\" content=\"summary_large_image\" \/>\n<meta name=\"twitter:label1\" content=\"Est. reading time\" \/>\n\t<meta name=\"twitter:data1\" content=\"1 minute\" \/>\n<script type=\"application\/ld+json\" class=\"yoast-schema-graph\">{\"@context\":\"https:\\\/\\\/schema.org\",\"@graph\":[{\"@type\":\"WebPage\",\"@id\":\"https:\\\/\\\/maxima-studios.com\\\/produit\\\/enceinte-bluetooth-80w-105db\\\/\",\"url\":\"https:\\\/\\\/maxima-studios.com\\\/produit\\\/enceinte-bluetooth-80w-105db\\\/\",\"name\":\"ENCEINTE BLUETOOTH 80W 105dB - Maximaloc\",\"isPartOf\":{\"@id\":\"https:\\\/\\\/maxima-studios.com\\\/#website\"},\"primaryImageOfPage\":{\"@id\":\"https:\\\/\\\/maxima-studios.com\\\/produit\\\/enceinte-bluetooth-80w-105db\\\/#primaryimage\"},\"image\":{\"@id\":\"https:\\\/\\\/maxima-studios.com\\\/produit\\\/enceinte-bluetooth-80w-105db\\\/#primaryimage\"},\"thumbnailUrl\":\"https:\\\/\\\/maxima-studios.com\\\/wp-content\\\/uploads\\\/2024\\\/06\\\/enceinte-80w-1.webp\",\"datePublished\":\"2024-06-11T12:55:44+00:00\",\"dateModified\":\"2026-04-13T18:34:22+00:00\",\"breadcrumb\":{\"@id\":\"https:\\\/\\\/maxima-studios.com\\\/produit\\\/enceinte-bluetooth-80w-105db\\\/#breadcrumb\"},\"inLanguage\":\"en-US\",\"potentialAction\":[{\"@type\":\"ReadAction\",\"target\":[\"https:\\\/\\\/maxima-studios.com\\\/produit\\\/enceinte-bluetooth-80w-105db\\\/\"]}]},{\"@type\":\"ImageObject\",\"inLanguage\":\"en-US\",\"@id\":\"https:\\\/\\\/maxima-studios.com\\\/produit\\\/enceinte-bluetooth-80w-105db\\\/#primaryimage\",\"url\":\"https:\\\/\\\/maxima-studios.com\\\/wp-content\\\/uploads\\\/2024\\\/06\\\/enceinte-80w-1.webp\",\"contentUrl\":\"https:\\\/\\\/maxima-studios.com\\\/wp-content\\\/uploads\\\/2024\\\/06\\\/enceinte-80w-1.webp\",\"width\":580,\"height\":420,\"caption\":\"Enceinte portable Bluetooth W-King 80W\"},{\"@type\":\"BreadcrumbList\",\"@id\":\"https:\\\/\\\/maxima-studios.com\\\/produit\\\/enceinte-bluetooth-80w-105db\\\/#breadcrumb\",\"itemListElement\":[{\"@type\":\"ListItem\",\"position\":1,\"name\":\"Accueil\",\"item\":\"https:\\\/\\\/maxima-studios.com\\\/\"},{\"@type\":\"ListItem\",\"position\":2,\"name\":\"BOUTIQUE\",\"item\":\"https:\\\/\\\/maxima-studios.com\\\/boutique\\\/\"},{\"@type\":\"ListItem\",\"position\":3,\"name\":\"ENCEINTE BLUETOOTH 80W 105dB\"}]},{\"@type\":\"WebSite\",\"@id\":\"https:\\\/\\\/maxima-studios.com\\\/#website\",\"url\":\"https:\\\/\\\/maxima-studios.com\\\/\",\"name\":\"Maximaloc\",\"description\":\"\",\"publisher\":{\"@id\":\"https:\\\/\\\/maxima-studios.com\\\/#organization\"},\"potentialAction\":[{\"@type\":\"SearchAction\",\"target\":{\"@type\":\"EntryPoint\",\"urlTemplate\":\"https:\\\/\\\/maxima-studios.com\\\/?s={search_term_string}\"},\"query-input\":{\"@type\":\"PropertyValueSpecification\",\"valueRequired\":true,\"valueName\":\"search_term_string\"}}],\"inLanguage\":\"en-US\"},{\"@type\":\"Organization\",\"@id\":\"https:\\\/\\\/maxima-studios.com\\\/#organization\",\"name\":\"Maximaloc\",\"url\":\"https:\\\/\\\/maxima-studios.com\\\/\",\"logo\":{\"@type\":\"ImageObject\",\"inLanguage\":\"en-US\",\"@id\":\"https:\\\/\\\/maxima-studios.com\\\/#\\\/schema\\\/logo\\\/image\\\/\",\"url\":\"https:\\\/\\\/maxima-studios.com\\\/wp-content\\\/uploads\\\/2024\\\/03\\\/logo_noir-scaled.png\",\"contentUrl\":\"https:\\\/\\\/maxima-studios.com\\\/wp-content\\\/uploads\\\/2024\\\/03\\\/logo_noir-scaled.png\",\"width\":2560,\"height\":268,\"caption\":\"Maximaloc\"},\"image\":{\"@id\":\"https:\\\/\\\/maxima-studios.com\\\/#\\\/schema\\\/logo\\\/image\\\/\"},\"sameAs\":[\"https:\\\/\\\/www.facebook.com\\\/Maximalocation\"]}]}<\/script>\n<!-- \/ Yoast SEO plugin. -->","yoast_head_json":{"title":"ENCEINTE BLUETOOTH 80W 105dB - Maximaloc","robots":{"index":"index","follow":"follow","max-snippet":"max-snippet:-1","max-image-preview":"max-image-preview:large","max-video-preview":"max-video-preview:-1"},"canonical":"https:\/\/maxima-studios.com\/en\/product\/enceinte-bluetooth-80w-105db\/","og_locale":"en_US","og_type":"article","og_title":"ENCEINTE BLUETOOTH 80W 105dB - Maximaloc","og_description":"Enceinte portable Bluetooth Autonomie : 24h max Entr\u00e9e mini jack, micro SD et USB","og_url":"https:\/\/maxima-studios.com\/en\/product\/enceinte-bluetooth-80w-105db\/","og_site_name":"Maximaloc","article_publisher":"https:\/\/www.facebook.com\/Maximalocation","article_modified_time":"2026-04-13T18:34:22+00:00","og_image":[{"width":580,"height":420,"url":"https:\/\/maxima-studios.com\/wp-content\/uploads\/2024\/06\/enceinte-80w-1.webp","type":"image\/webp"}],"twitter_card":"summary_large_image","twitter_misc":{"Est. reading time":"1 minute"},"schema":{"@context":"https:\/\/schema.org","@graph":[{"@type":"WebPage","@id":"https:\/\/maxima-studios.com\/produit\/enceinte-bluetooth-80w-105db\/","url":"https:\/\/maxima-studios.com\/produit\/enceinte-bluetooth-80w-105db\/","name":"ENCEINTE BLUETOOTH 80W 105dB - Maximaloc","isPartOf":{"@id":"https:\/\/maxima-studios.com\/#website"},"primaryImageOfPage":{"@id":"https:\/\/maxima-studios.com\/produit\/enceinte-bluetooth-80w-105db\/#primaryimage"},"image":{"@id":"https:\/\/maxima-studios.com\/produit\/enceinte-bluetooth-80w-105db\/#primaryimage"},"thumbnailUrl":"https:\/\/maxima-studios.com\/wp-content\/uploads\/2024\/06\/enceinte-80w-1.webp","datePublished":"2024-06-11T12:55:44+00:00","dateModified":"2026-04-13T18:34:22+00:00","breadcrumb":{"@id":"https:\/\/maxima-studios.com\/produit\/enceinte-bluetooth-80w-105db\/#breadcrumb"},"inLanguage":"en-US","potentialAction":[{"@type":"ReadAction","target":["https:\/\/maxima-studios.com\/produit\/enceinte-bluetooth-80w-105db\/"]}]},{"@type":"ImageObject","inLanguage":"en-US","@id":"https:\/\/maxima-studios.com\/produit\/enceinte-bluetooth-80w-105db\/#primaryimage","url":"https:\/\/maxima-studios.com\/wp-content\/uploads\/2024\/06\/enceinte-80w-1.webp","contentUrl":"https:\/\/maxima-studios.com\/wp-content\/uploads\/2024\/06\/enceinte-80w-1.webp","width":580,"height":420,"caption":"Enceinte portable Bluetooth W-King 80W"},{"@type":"BreadcrumbList","@id":"https:\/\/maxima-studios.com\/produit\/enceinte-bluetooth-80w-105db\/#breadcrumb","itemListElement":[{"@type":"ListItem","position":1,"name":"Accueil","item":"https:\/\/maxima-studios.com\/"},{"@type":"ListItem","position":2,"name":"BOUTIQUE","item":"https:\/\/maxima-studios.com\/boutique\/"},{"@type":"ListItem","position":3,"name":"ENCEINTE BLUETOOTH 80W 105dB"}]},{"@type":"WebSite","@id":"https:\/\/maxima-studios.com\/#website","url":"https:\/\/maxima-studios.com\/","name":"Maximaloc","description":"","publisher":{"@id":"https:\/\/maxima-studios.com\/#organization"},"potentialAction":[{"@type":"SearchAction","target":{"@type":"EntryPoint","urlTemplate":"https:\/\/maxima-studios.com\/?s={search_term_string}"},"query-input":{"@type":"PropertyValueSpecification","valueRequired":true,"valueName":"search_term_string"}}],"inLanguage":"en-US"},{"@type":"Organization","@id":"https:\/\/maxima-studios.com\/#organization","name":"Maximaloc","url":"https:\/\/maxima-studios.com\/","logo":{"@type":"ImageObject","inLanguage":"en-US","@id":"https:\/\/maxima-studios.com\/#\/schema\/logo\/image\/","url":"https:\/\/maxima-studios.com\/wp-content\/uploads\/2024\/03\/logo_noir-scaled.png","contentUrl":"https:\/\/maxima-studios.com\/wp-content\/uploads\/2024\/03\/logo_noir-scaled.png","width":2560,"height":268,"caption":"Maximaloc"},"image":{"@id":"https:\/\/maxima-studios.com\/#\/schema\/logo\/image\/"},"sameAs":["https:\/\/www.facebook.com\/Maximalocation"]}]}},"_links":{"self":[{"href":"https:\/\/maxima-studios.com\/en\/wp-json\/wp\/v2\/product\/10093","targetHints":{"allow":["GET"]}}],"collection":[{"href":"https:\/\/maxima-studios.com\/en\/wp-json\/wp\/v2\/product"}],"about":[{"href":"https:\/\/maxima-studios.com\/en\/wp-json\/wp\/v2\/types\/product"}],"wp:featuredmedia":[{"embeddable":true,"href":"https:\/\/maxima-studios.com\/en\/wp-json\/wp\/v2\/media\/10346"}],"wp:attachment":[{"href":"https:\/\/maxima-studios.com\/en\/wp-json\/wp\/v2\/media?parent=10093"}],"wp:term":[{"taxonomy":"product_cat","embeddable":true,"href":"https:\/\/maxima-studios.com\/en\/wp-json\/wp\/v2\/product_cat?post=10093"},{"taxonomy":"product_tag","embeddable":true,"href":"https:\/\/maxima-studios.com\/en\/wp-json\/wp\/v2\/product_tag?post=10093"}],"curies":[{"name":"wp","href":"https:\/\/api.w.org\/{rel}","templated":true}]}}