 {"id":10091,"date":"2024-06-11T14:55:43","date_gmt":"2024-06-11T12:55:43","guid":{"rendered":"https:\/\/maxima-studios.com\/produit\/zoom-h6\/"},"modified":"2026-04-13T20:44:11","modified_gmt":"2026-04-13T18:44:11","slug":"zoom-h6","status":"publish","type":"product","link":"https:\/\/maxima-studios.com\/en\/product\/zoom-h6\/","title":{"rendered":"ZOOM H6"},"content":{"rendered":"<p>Le Zoom H6 est un enregistreur audio portable haut de gamme con\u00e7u pour les professionnels de l&#8217;audio et de la vid\u00e9o. Avec ses quatre entr\u00e9es combo XLR\/TRS et sa prise de microphone st\u00e9r\u00e9o int\u00e9gr\u00e9e, le H6 peut enregistrer jusqu&#8217;\u00e0 six pistes audio simultan\u00e9ment.\u00a0<\/p>\n<p>De plus, le H6 dispose de capsules de microphone interchangeables, qui peuvent \u00eatre facilement chang\u00e9es pour adapter l&#8217;enregistrement \u00e0 diff\u00e9rentes situations et aussi \u00e9tendre \u00e0 6 les entr\u00e9es XLR ( via module Zoom EXH-6 Dual XLR\/TRS *en option).<\/p>\n<p>Le H6 est dot\u00e9 d&#8217;un grand \u00e9cran LCD et d&#8217;un syst\u00e8me de menu intuitif pour un contr\u00f4le facile et rapide. Avec sa connectivit\u00e9 USB, vous pouvez transf\u00e9rer vos fichiers audio directement sur votre ordinateur pour un montage et un traitement ult\u00e9rieurs. Le Zoom H6 est l&#8217;enregistreur audio portable id\u00e9al pour les professionnels de la musique, de la production audio, de la vid\u00e9o et du journalisme.<\/p>\n<p>\u00a0<\/p>\n<p><strong>Points Forts :<\/strong><\/p>\n<ul>\n<li>Enregistreur audio portable 6 pistes<\/li>\n<li>Qualit\u00e9 d&#8217;enregistrement maximale : 24 bit \/ 96 kHz<\/li>\n<li>Capsule microphonique X\/Y XYH-6 ( Inclue)<\/li>\n<li>Microphones \u00e0 pince interchangeables (en option)<\/li>\n<li>4x entr\u00e9es Micro \/ Ligne (combo XLR \/ jack TRS) &#8211; extensible \u00e0 6 entr\u00e9es avec le module EXH-6 (en option)<\/li>\n<\/ul>","protected":false},"excerpt":{"rendered":"<p>Enregistreur \/ Mixette Son<\/p>\n<p>Pistes : 6\u00a0XLR en St\u00e9r\u00e9o<\/p>\n<p>D\u00e9bit Max : 24 Bits 96 Khz<\/p>","protected":false},"featured_media":10333,"template":"","meta":[],"product_cat":[339],"product_tag":[347,349,348],"class_list":{"0":"post-10091","1":"product","2":"type-product","3":"status-publish","4":"has-post-thumbnail","6":"product_cat-enregistreur-mixette","7":"product_tag-2-pistes","8":"product_tag-4-pistes","9":"product_tag-enregistreur-mixette","11":"first","12":"instock","13":"taxable","14":"shipping-taxable","15":"purchasable","16":"product-type-rentable"},"_links":{"self":[{"href":"https:\/\/maxima-studios.com\/en\/wp-json\/wp\/v2\/product\/10091","targetHints":{"allow":["GET"]}}],"collection":[{"href":"https:\/\/maxima-studios.com\/en\/wp-json\/wp\/v2\/product"}],"about":[{"href":"https:\/\/maxima-studios.com\/en\/wp-json\/wp\/v2\/types\/product"}],"wp:featuredmedia":[{"embeddable":true,"href":"https:\/\/maxima-studios.com\/en\/wp-json\/wp\/v2\/media\/10333"}],"wp:attachment":[{"href":"https:\/\/maxima-studios.com\/en\/wp-json\/wp\/v2\/media?parent=10091"}],"wp:term":[{"taxonomy":"product_cat","embeddable":true,"href":"https:\/\/maxima-studios.com\/en\/wp-json\/wp\/v2\/product_cat?post=10091"},{"taxonomy":"product_tag","embeddable":true,"href":"https:\/\/maxima-studios.com\/en\/wp-json\/wp\/v2\/product_tag?post=10091"}],"curies":[{"name":"wp","href":"https:\/\/api.w.org\/{rel}","templated":true}]}}