 {"id":10090,"date":"2024-06-11T14:55:43","date_gmt":"2024-06-11T12:55:43","guid":{"rendered":"https:\/\/maxima-studios.com\/produit\/zoom-h5\/"},"modified":"2026-04-13T20:39:32","modified_gmt":"2026-04-13T18:39:32","slug":"zoom-h5","status":"publish","type":"product","link":"https:\/\/maxima-studios.com\/en\/product\/zoom-h5\/","title":{"rendered":"ZOOM H5"},"content":{"rendered":"<p>Le Zoom H5 est un enregistreur portable compact et polyvalent qui vous permet de capturer facilement des sons de qualit\u00e9 professionnelle. Avec ses deux entr\u00e9es XLR\/TRS combo, vous pouvez brancher des microphones ou des instruments pour enregistrer des pistes audio distinctes. Vous pouvez \u00e9galement ajouter des capsules de microphones interchangeables, qui sont faciles \u00e0 changer comme les objectifs d&#8217;un appareil photo, pour une plus grande flexibilit\u00e9.<\/p>\n<p>Le H5 dispose \u00e9galement d&#8217;un \u00e9cran LCD facile \u00e0 lire et d&#8217;un syst\u00e8me de menu intuitif pour un contr\u00f4le simple et rapide. Avec son design robuste et sa batterie longue dur\u00e9e, le H5 est l&#8217;outil id\u00e9al pour les musiciens, les vid\u00e9astes et les journalistes qui cherchent \u00e0 enregistrer des sons de qualit\u00e9 sup\u00e9rieure en d\u00e9placement.<\/p>\n<p>\u00a0<\/p>\n<p>Points forts :\u00a0<\/p>\n<ul>\n<li>Qualit\u00e9 d&#8217;enregistrement maximale : 24 bit \/ 96 kHz<\/li>\n<li>Capsule microphonique X\/Y H5\u00a0<\/li>\n<li>L\u00e9ger et facilement portable<\/li>\n<\/ul>","protected":false},"excerpt":{"rendered":"<p>Enregistreur \/ Mixette Son<\/p>\n<p>4 pistes XLR en St\u00e9r\u00e9o<\/p>\n<p>Jusqu&#8217;\u00e0 24 Bits 96 Khz<\/p>","protected":false},"featured_media":10308,"template":"","meta":[],"product_cat":[339],"product_tag":[347,348],"class_list":{"0":"post-10090","1":"product","2":"type-product","3":"status-publish","4":"has-post-thumbnail","6":"product_cat-enregistreur-mixette","7":"product_tag-2-pistes","8":"product_tag-enregistreur-mixette","10":"first","11":"instock","12":"taxable","13":"shipping-taxable","14":"purchasable","15":"product-type-rentable"},"_links":{"self":[{"href":"https:\/\/maxima-studios.com\/en\/wp-json\/wp\/v2\/product\/10090","targetHints":{"allow":["GET"]}}],"collection":[{"href":"https:\/\/maxima-studios.com\/en\/wp-json\/wp\/v2\/product"}],"about":[{"href":"https:\/\/maxima-studios.com\/en\/wp-json\/wp\/v2\/types\/product"}],"wp:featuredmedia":[{"embeddable":true,"href":"https:\/\/maxima-studios.com\/en\/wp-json\/wp\/v2\/media\/10308"}],"wp:attachment":[{"href":"https:\/\/maxima-studios.com\/en\/wp-json\/wp\/v2\/media?parent=10090"}],"wp:term":[{"taxonomy":"product_cat","embeddable":true,"href":"https:\/\/maxima-studios.com\/en\/wp-json\/wp\/v2\/product_cat?post=10090"},{"taxonomy":"product_tag","embeddable":true,"href":"https:\/\/maxima-studios.com\/en\/wp-json\/wp\/v2\/product_tag?post=10090"}],"curies":[{"name":"wp","href":"https:\/\/api.w.org\/{rel}","templated":true}]}}