 {"id":10089,"date":"2024-06-11T14:55:43","date_gmt":"2024-06-11T12:55:43","guid":{"rendered":"https:\/\/maxima-studios.com\/produit\/rode-micro-cravate-smartlav\/"},"modified":"2026-04-13T20:13:27","modified_gmt":"2026-04-13T18:13:27","slug":"rode-micro-cravate-smartlav","status":"publish","type":"product","link":"https:\/\/maxima-studios.com\/en\/product\/rode-micro-cravate-smartlav\/","title":{"rendered":"RODE MICRO-CRAVATE SMARTLAV+"},"content":{"rendered":"<p>Le Rode SmartLav + est un micro cravate qui se relie directement \u00e0 votre smartphone via mini-jack TRSS. Il permet d\u2019assurer rapidement une prise de son type interview avec peu de mat\u00e9riel.<\/p>\n<p>La capsule int\u00e8gre un filtre anti-pop et pr\u00e9sente une bonne tol\u00e9rance aux bruits de manipulation et de frottement contre les v\u00eatements. Sa gaine renforc\u00e9e est r\u00e9sistante \u00e0 la sueur et aux produits cosm\u00e9tiques.<\/p>\n<p>\u00a0<\/p>\n<p>Points Forts :\u00a0<\/p>\n<ul>\n<li>Kit complet<\/li>\n<\/ul>","protected":false},"excerpt":{"rendered":"<p>Micro-cravate<\/p>\n<p>Directivit\u00e9 : omnidirectionnelle<\/p>\n<p>Connectique : mini-jack<\/p>","protected":false},"featured_media":10263,"template":"","meta":[],"product_cat":[338],"product_tag":[344],"class_list":{"0":"post-10089","1":"product","2":"type-product","3":"status-publish","4":"has-post-thumbnail","6":"product_cat-micros-categorie","7":"product_tag-micro-hf-et-cravate","9":"first","10":"instock","11":"taxable","12":"shipping-taxable","13":"purchasable","14":"product-type-rentable"},"_links":{"self":[{"href":"https:\/\/maxima-studios.com\/en\/wp-json\/wp\/v2\/product\/10089","targetHints":{"allow":["GET"]}}],"collection":[{"href":"https:\/\/maxima-studios.com\/en\/wp-json\/wp\/v2\/product"}],"about":[{"href":"https:\/\/maxima-studios.com\/en\/wp-json\/wp\/v2\/types\/product"}],"wp:featuredmedia":[{"embeddable":true,"href":"https:\/\/maxima-studios.com\/en\/wp-json\/wp\/v2\/media\/10263"}],"wp:attachment":[{"href":"https:\/\/maxima-studios.com\/en\/wp-json\/wp\/v2\/media?parent=10089"}],"wp:term":[{"taxonomy":"product_cat","embeddable":true,"href":"https:\/\/maxima-studios.com\/en\/wp-json\/wp\/v2\/product_cat?post=10089"},{"taxonomy":"product_tag","embeddable":true,"href":"https:\/\/maxima-studios.com\/en\/wp-json\/wp\/v2\/product_tag?post=10089"}],"curies":[{"name":"wp","href":"https:\/\/api.w.org\/{rel}","templated":true}]}}