 {"id":10088,"date":"2024-06-11T14:55:42","date_gmt":"2024-06-11T12:55:42","guid":{"rendered":"https:\/\/maxima-studios.com\/produit\/capsule-sanken-cos-11d\/"},"modified":"2026-04-13T20:13:26","modified_gmt":"2026-04-13T18:13:26","slug":"capsule-sanken-cos-11d","status":"publish","type":"product","link":"https:\/\/maxima-studios.com\/en\/product\/capsule-sanken-cos-11d\/","title":{"rendered":"CAPSULE SANKEN COS-11D"},"content":{"rendered":"<p>Le Sanken Cos-11 est un micro cravate de r\u00e9f\u00e9rence, r\u00e9put\u00e9 pour son excellente qualit\u00e9 audio qui restitue un son naturel, et sa conception miniature au niveau de la capsule (4 mm de diam\u00e8tre seulement) qui permet de le dissimuler tr\u00e8s facilement.\u00a0<\/p>\n<p>\u00a0<\/p>\n<p>Autre avantage, il est peu sensible aux bruits de manipulation et de frottement contre les v\u00eatements. Il craint peu les interf\u00e9rences RF ce qui le rend parfaitement adapt\u00e9 \u00e0 une utilisation avec syst\u00e8me HF Sennheiser G4 par exemple. Sa gaine est r\u00e9sistante \u00e0 la sueur et aux produits cosm\u00e9tiques.<\/p>\n<p>\u00a0<\/p>\n<p><strong>Points Forts :\u00a0<\/strong><\/p>\n<ul>\n<li>R\u00e9sistant \u00e0 l&#8217;humidit\u00e9 et \u00e0 la pluie gr\u00e2ce \u00e0 sa nouvelle protection<\/li>\n<li>C\u00e2blage micro solidifi\u00e9<\/li>\n<li>Restitution son naturel<\/li>\n<\/ul>","protected":false},"excerpt":{"rendered":"<p>Capsule Micro-cravate haute pr\u00e9cision<\/p>\n<p>Directivit\u00e9 : omnidirectionnelle<\/p>\n<p>Connectique : Mini-jack Male<\/p>","protected":false},"featured_media":10260,"template":"","meta":[],"product_cat":[338],"product_tag":[344],"class_list":{"0":"post-10088","1":"product","2":"type-product","3":"status-publish","4":"has-post-thumbnail","6":"product_cat-micros-categorie","7":"product_tag-micro-hf-et-cravate","9":"first","10":"instock","11":"taxable","12":"shipping-taxable","13":"purchasable","14":"product-type-rentable"},"_links":{"self":[{"href":"https:\/\/maxima-studios.com\/en\/wp-json\/wp\/v2\/product\/10088","targetHints":{"allow":["GET"]}}],"collection":[{"href":"https:\/\/maxima-studios.com\/en\/wp-json\/wp\/v2\/product"}],"about":[{"href":"https:\/\/maxima-studios.com\/en\/wp-json\/wp\/v2\/types\/product"}],"wp:featuredmedia":[{"embeddable":true,"href":"https:\/\/maxima-studios.com\/en\/wp-json\/wp\/v2\/media\/10260"}],"wp:attachment":[{"href":"https:\/\/maxima-studios.com\/en\/wp-json\/wp\/v2\/media?parent=10088"}],"wp:term":[{"taxonomy":"product_cat","embeddable":true,"href":"https:\/\/maxima-studios.com\/en\/wp-json\/wp\/v2\/product_cat?post=10088"},{"taxonomy":"product_tag","embeddable":true,"href":"https:\/\/maxima-studios.com\/en\/wp-json\/wp\/v2\/product_tag?post=10088"}],"curies":[{"name":"wp","href":"https:\/\/api.w.org\/{rel}","templated":true}]}}