 {"id":10087,"date":"2024-06-11T14:55:42","date_gmt":"2024-06-11T12:55:42","guid":{"rendered":"https:\/\/maxima-studios.com\/produit\/sennheiser-micro-main-hf-e835-g4\/"},"modified":"2026-04-13T20:36:11","modified_gmt":"2026-04-13T18:36:11","slug":"sennheiser-micro-main-hf-e835-g4","status":"publish","type":"product","link":"https:\/\/maxima-studios.com\/en\/product\/sennheiser-micro-main-hf-e835-g4\/","title":{"rendered":"SENNHEISER MICRO MAIN HF E835 G4"},"content":{"rendered":"<p>Syst\u00e8me micro-cravate HF tr\u00e8s r\u00e9pandu adapt\u00e9 \u00e0 une multitude de situations. Il peut \u00eatre utilis\u00e9 en fiction ou en pub pour doubler la perche, ou encore en micro principal pour la r\u00e9alisation d\u2019interviews ou la sonorisation d\u2019\u00e9v\u00e8nements.\u00a0<\/p>\n<p>Par d\u00e9faut, le kit est lou\u00e9 avec le micro-cravate omnidirectionnel ME-2 qui convient \u00e0 une majorit\u00e9 d&#8217;applications. Pour les usages plus exigeants, la capsule Sanken Cos 11 peut \u00eatre utilis\u00e9e. Pour les conf\u00e9rences et autres prestations sur sc\u00e8ne, le micro serre-t\u00eate Sennheiser HSP omni est disponible \u00e9galement.<\/p>\n<p>C\u00f4t\u00e9 ergonomie, l&#8217;\u00e9metteur SK 100 G4 se fixe facilement \u00e0 la ceinture ou \u00e0 l\u2019entr\u00e9e d\u2019une poche via le clip d\u00e9di\u00e9 \u00e0 cette effet, au dos de l&#8217;\u00e9metteur. Le r\u00e9cepteur de poche EK 100 G4 peut s&#8217;installer facilement sur la griffe flash de la cam\u00e9ra gr\u00e2ce \u00e0 l&#8217;adaptateur shoe mount fourni. Niveau connectique, les deux c\u00e2bles mini-jack \/ mini-jack et mini jack \/ XLR3 permettent d\u2019enregistrer sur n&#8217;importe quel appareil DSLR\/hybride, cam\u00e9ra ou enregistreur son.<\/p>\n<p>L\u2019\u00e9metteur et le r\u00e9cepteur s\u2019alimentent avec deux piles AA (LR06).<\/p>\n<p>\u00a0<\/p>\n<p>Points Forts :\u00a0<\/p>\n<p>&#8211; Capsule e835 cardio\u00efde offrant un son puissant et pr\u00e9cis.<\/p>\n<p>\u00a0<\/p>","protected":false},"excerpt":{"rendered":"<p>Kit Micro main HF avec r\u00e9cepteur pocket<\/p>\n<p>Ref : Sennheiser SKM 100 G4 + r\u00e9cepteur EK 100 G4<\/p>","protected":false},"featured_media":10256,"template":"","meta":[],"product_cat":[1342,338],"product_tag":[344],"class_list":{"0":"post-10087","1":"product","2":"type-product","3":"status-publish","4":"has-post-thumbnail","6":"product_cat-evenementiel","7":"product_cat-micros-categorie","8":"product_tag-micro-hf-et-cravate","10":"first","11":"instock","12":"taxable","13":"shipping-taxable","14":"purchasable","15":"product-type-rentable"},"_links":{"self":[{"href":"https:\/\/maxima-studios.com\/en\/wp-json\/wp\/v2\/product\/10087","targetHints":{"allow":["GET"]}}],"collection":[{"href":"https:\/\/maxima-studios.com\/en\/wp-json\/wp\/v2\/product"}],"about":[{"href":"https:\/\/maxima-studios.com\/en\/wp-json\/wp\/v2\/types\/product"}],"wp:featuredmedia":[{"embeddable":true,"href":"https:\/\/maxima-studios.com\/en\/wp-json\/wp\/v2\/media\/10256"}],"wp:attachment":[{"href":"https:\/\/maxima-studios.com\/en\/wp-json\/wp\/v2\/media?parent=10087"}],"wp:term":[{"taxonomy":"product_cat","embeddable":true,"href":"https:\/\/maxima-studios.com\/en\/wp-json\/wp\/v2\/product_cat?post=10087"},{"taxonomy":"product_tag","embeddable":true,"href":"https:\/\/maxima-studios.com\/en\/wp-json\/wp\/v2\/product_tag?post=10087"}],"curies":[{"name":"wp","href":"https:\/\/api.w.org\/{rel}","templated":true}]}}